{"id":5333,"date":"2018-02-26T10:09:43","date_gmt":"2018-02-26T10:09:43","guid":{"rendered":"https:\/\/www.deltaspirit.es\/instructores\/"},"modified":"2023-07-06T10:58:27","modified_gmt":"2023-07-06T10:58:27","slug":"instructores","status":"publish","type":"page","link":"https:\/\/www.deltaspirit.es\/ca\/instructores\/","title":{"rendered":"Instructors"},"content":{"rendered":"<div class=\"wpb-content-wrapper\">[vc_row full_width=&#8221;stretch_row&#8221; column_separator_row=&#8221;&#8221; masked_row=&#8221;&#8221; css=&#8221;.vc_custom_1683719069290{margin-top: -80px !important;background-image: url(https:\/\/www.deltaspirit.es\/wp-content\/uploads\/2023\/05\/instructores02.jpg?id=5626) !important;background-position: center !important;background-repeat: no-repeat !important;background-size: cover !important;}&#8221;][vc_column width=&#8221;1\/3&#8243;][\/vc_column][vc_column width=&#8221;2\/3&#8243; css=&#8221;.vc_custom_1526025460763{padding-left: 14% !important;}&#8221;][gt3_spacing height=&#8221;80px&#8221; responsive_es=&#8221;true&#8221; height_mobile=&#8221;0px&#8221;][gt3_custom_text text_color=&#8221;#27323d&#8221; font_size=&#8221;30&#8243; line_height=&#8221;155&#8243;]<strong>Tenim el millor personal<br \/>\n<\/strong>[\/gt3_custom_text][gt3_spacing height=&#8221;18px&#8221;][gt3_custom_text text_color=&#8221;#737d84&#8243; font_size=&#8221;16&#8243; line_height=&#8221;190&#8243;]<span>Els esports aqu\u00e0tics s\u00f3n una activitat emocionant i divertida, per\u00f2 poden ser perillosos si no es practiquen amb la precauci\u00f3 i l&#8217;acompanyament correcte d&#8217;un instructor.<\/span><\/p>\n<p><span>Els nostres instructors fa 20 anys que es dediquen a la pr\u00e0ctica i l&#8217;ensenyament del kitesurf, i tamb\u00e9 disposen de la capacitaci\u00f3 necess\u00e0ria per ensenyar de manera segura i professional.<\/span><\/p>\n<ul class=\"gt3_list_angle_down\" style=\"margin-left: 22px; padding-top: 21px;\">\n<li>S\u00f3n professors titulats al Registre Oficial de Professionals de l&#8217;Esport de Catalunya (ROPEC).<\/li>\n<li>S\u00f3n t\u00e8cnics nivell 1 d&#8217;esports especialitat kitesurf.<\/li>\n<li>Estan certificats per la International Kiteboarding Organization (IKO).<\/li>\n<li>S\u00f3n professors per la federaci\u00f3 catalana de vela (FCV).<\/li>\n<li>S\u00f3n instructors de la Federaci\u00f3 Espanyola de Vela (FEV).<\/li>\n<\/ul>\n<p>&nbsp;<\/p>\n[\/gt3_custom_text][gt3_spacing height=&#8221;27px&#8221;][gt3_spacing height=&#8221;106px&#8221; responsive_es=&#8221;true&#8221; height_mobile=&#8221;50&#8243;][\/vc_column][\/vc_row][vc_row full_width=&#8221;stretch_row&#8221; css=&#8221;.vc_custom_1526028290261{background-color: #28323e !important;}&#8221;][vc_column css=&#8221;.vc_custom_1522848871910{padding-bottom: 40px !important;}&#8221;][gt3_custom_text text_color=&#8221;#ffffff&#8221; font_size=&#8221;23&#8243; line_height=&#8221;155&#8243;]\n<p style=\"text-align: center;\"><strong>El nostre equip<\/strong><\/p>\n<p>\u00a0[\/gt3_custom_text][gt3_custom_text text_color=&#8221;#ffffff&#8221; font_size=&#8221;15&#8243; line_height=&#8221;155&#8243;]\n<p style=\"text-align: center;\">Els esports aqu\u00e0tics s\u00f3n una activitat emocionant i divertida, per\u00f2 poden ser perillosos si no es practiquen amb la precauci\u00f3 i l&#8217;acompanyament correcte d&#8217;un instructor.<\/p>\n[\/gt3_custom_text][\/vc_column][\/vc_row][vc_row full_width=&#8221;stretch_row&#8221; css=&#8221;.vc_custom_1526028290261{background-color: #28323e !important;}&#8221;][vc_column width=&#8221;1\/2&#8243; css=&#8221;.vc_custom_1522848871910{padding-bottom: 40px !important;}&#8221;][gt3_spacing height=&#8221;66px&#8221; responsive_es=&#8221;true&#8221; height_tablet=&#8221;50&#8243; height_mobile=&#8221;30&#8243;][vc_hoverbox image=&#8221;5631&#8243; primary_title=&#8221;&#8221; hover_title=&#8221;Juanjo Garrit&#8221; el_width=&#8221;70&#8243;]Instructor chief<\/p>\n<p>IKO, FEV i ECV<\/p>\n<p>&nbsp;<\/p>\n<p>&nbsp;<\/p>\n[\/vc_hoverbox][gt3_spacing height=&#8221;60px&#8221; responsive_es=&#8221;true&#8221; height_mobile=&#8221;10&#8243;][\/vc_column][vc_column width=&#8221;1\/2&#8243;][gt3_spacing height=&#8221;60px&#8221; responsive_es=&#8221;true&#8221; height_mobile=&#8221;10&#8243;][vc_hoverbox image=&#8221;5635&#8243; primary_title=&#8221;&#8221; hover_title=&#8221;Emili Sole&#8221; el_width=&#8221;70&#8243;]Instructor and RRPP<\/p>\n<p>IKO, FEV i ECV<\/p>\n<p>&nbsp;<\/p>\n[\/vc_hoverbox][gt3_spacing height=&#8221;60px&#8221; responsive_es=&#8221;true&#8221; height_mobile=&#8221;10&#8243;][\/vc_column][\/vc_row]\n<\/div>","protected":false},"excerpt":{"rendered":"<p>[vc_row full_width=&#8221;stretch_row&#8221; column_separator_row=&#8221;&#8221; masked_row=&#8221;&#8221; css=&#8221;.vc_custom_1683719069290{margin-top: -80px !important;background-image: url(https:\/\/www.deltaspirit.es\/wp-content\/uploads\/2023\/05\/instructores02.jpg?id=5626) !important;background-position: center !important;background-repeat: no-repeat !important;background-size: cover !important;}&#8221;][vc_column width=&#8221;1\/3&#8243;][\/vc_column][vc_column width=&#8221;2\/3&#8243; css=&#8221;.vc_custom_1526025460763{padding-left: 14% !important;}&#8221;][gt3_spacing height=&#8221;80px&#8221; responsive_es=&#8221;true&#8221; height_mobile=&#8221;0px&#8221;][gt3_custom_text text_color=&#8221;#27323d&#8221; font_size=&#8221;30&#8243; line_height=&#8221;155&#8243;]Tenim el millor personal [\/gt3_custom_text][gt3_spacing height=&#8221;18px&#8221;][gt3_custom_text text_color=&#8221;#737d84&#8243; font_size=&#8221;16&#8243; line_height=&#8221;190&#8243;]Els esports aqu\u00e0tics s\u00f3n una activitat emocionant i divertida, per\u00f2 poden ser perillosos si no es practiquen amb la precauci\u00f3 i l&#8217;acompanyament [&hellip;]<\/p>\n","protected":false},"author":1,"featured_media":0,"parent":0,"menu_order":0,"comment_status":"closed","ping_status":"closed","template":"full-width.php","meta":{"_monsterinsights_skip_tracking":false,"_monsterinsights_sitenote_active":false,"_monsterinsights_sitenote_note":"","_monsterinsights_sitenote_category":0,"footnotes":""},"class_list":["post-5333","page","type-page","status-publish","hentry"],"aioseo_notices":[],"_links":{"self":[{"href":"https:\/\/www.deltaspirit.es\/ca\/wp-json\/wp\/v2\/pages\/5333","targetHints":{"allow":["GET"]}}],"collection":[{"href":"https:\/\/www.deltaspirit.es\/ca\/wp-json\/wp\/v2\/pages"}],"about":[{"href":"https:\/\/www.deltaspirit.es\/ca\/wp-json\/wp\/v2\/types\/page"}],"author":[{"embeddable":true,"href":"https:\/\/www.deltaspirit.es\/ca\/wp-json\/wp\/v2\/users\/1"}],"replies":[{"embeddable":true,"href":"https:\/\/www.deltaspirit.es\/ca\/wp-json\/wp\/v2\/comments?post=5333"}],"version-history":[{"count":8,"href":"https:\/\/www.deltaspirit.es\/ca\/wp-json\/wp\/v2\/pages\/5333\/revisions"}],"predecessor-version":[{"id":6160,"href":"https:\/\/www.deltaspirit.es\/ca\/wp-json\/wp\/v2\/pages\/5333\/revisions\/6160"}],"wp:attachment":[{"href":"https:\/\/www.deltaspirit.es\/ca\/wp-json\/wp\/v2\/media?parent=5333"}],"curies":[{"name":"wp","href":"https:\/\/api.w.org\/{rel}","templated":true}]}}