{"id":5829,"date":"2023-05-08T09:58:49","date_gmt":"2023-05-08T09:58:49","guid":{"rendered":"https:\/\/www.deltaspirit.es\/mapa-web\/"},"modified":"2023-05-08T09:58:49","modified_gmt":"2023-05-08T09:58:49","slug":"mapa-web","status":"publish","type":"page","link":"https:\/\/www.deltaspirit.es\/ca\/mapa-web\/","title":{"rendered":"Mapa web"},"content":{"rendered":"\n<div class=\"wsp-container\"><h2 class=\"wsp-pages-title\">P\u00e0gines<\/h2>\n<ul class=\"wsp-pages-list\">\n<li class=\"page_item page-item-5841\"><a href=\"https:\/\/www.deltaspirit.es\/ca\/accesibilidad\/\">Accessibilitat<\/a><\/li>\n<li class=\"page_item page-item-5856 page_item_has_children\"><a href=\"https:\/\/www.deltaspirit.es\/ca\/actividades\/\">Activitats<\/a>\n<ul class='children'>\n\t<li class=\"page_item page-item-5838\"><a href=\"https:\/\/www.deltaspirit.es\/ca\/actividades\/actividades-escolares\/\">Activitats Escolars<\/a><\/li>\n<\/ul>\n<\/li>\n<li class=\"page_item page-item-5826\"><a href=\"https:\/\/www.deltaspirit.es\/ca\/aviso-legal\/\">Av\u00eds Legal<\/a><\/li>\n<li class=\"page_item page-item-5417\"><a href=\"https:\/\/www.deltaspirit.es\/ca\/contacto\/\">Contacte<\/a><\/li>\n<li class=\"page_item page-item-5844\"><a href=\"https:\/\/www.deltaspirit.es\/ca\/grupos\/\">Grups<\/a><\/li>\n<li class=\"page_item page-item-5301\"><a href=\"https:\/\/www.deltaspirit.es\/ca\/\">Inici<\/a><\/li>\n<li class=\"page_item page-item-5333\"><a href=\"https:\/\/www.deltaspirit.es\/ca\/instructores\/\">Instructors<\/a><\/li>\n<li class=\"page_item page-item-5829\"><a href=\"https:\/\/www.deltaspirit.es\/ca\/mapa-web\/\">Mapa web<\/a><\/li>\n<li class=\"page_item page-item-5847\"><a href=\"https:\/\/www.deltaspirit.es\/ca\/paquete-escolar\/\">Paquet escolar<\/a><\/li>\n<li class=\"page_item page-item-5832\"><a href=\"https:\/\/www.deltaspirit.es\/ca\/politica-de-cookies\/\">Pol\u00edtica de cookies<\/a><\/li>\n<li class=\"page_item page-item-5835\"><a href=\"https:\/\/www.deltaspirit.es\/ca\/politica-de-privacidad\/\">Pol\u00edtica de privacitat<\/a><\/li>\n<li class=\"page_item page-item-6336\"><a href=\"https:\/\/www.deltaspirit.es\/ca\/preguntes-frequents\/\">Preguntes freq\u00fcents<\/a><\/li>\n<li class=\"page_item page-item-5850\"><a href=\"https:\/\/www.deltaspirit.es\/ca\/que-hacemos\/\">Qu\u00e8 fem<\/a><\/li>\n<li class=\"page_item page-item-5853\"><a href=\"https:\/\/www.deltaspirit.es\/ca\/sobre-nosotros\/\">Sobre nosaltres<\/a><\/li>\n<\/ul>\n<\/div>\n","protected":false},"excerpt":{"rendered":"P\u00e0gines Accessibilitat Activitats Activitats Escolars Av\u00eds Legal Contacte Grups Inici Instructors Mapa web Paquet escolar Pol\u00edtica de cookies Pol\u00edtica de privacitat Preguntes freq\u00fcents Qu\u00e8 fem Sobre nosaltres","protected":false},"author":1,"featured_media":0,"parent":0,"menu_order":0,"comment_status":"closed","ping_status":"closed","template":"","meta":{"_monsterinsights_skip_tracking":false,"_monsterinsights_sitenote_active":false,"_monsterinsights_sitenote_note":"","_monsterinsights_sitenote_category":0,"footnotes":""},"class_list":["post-5829","page","type-page","status-publish","hentry"],"aioseo_notices":[],"_links":{"self":[{"href":"https:\/\/www.deltaspirit.es\/ca\/wp-json\/wp\/v2\/pages\/5829","targetHints":{"allow":["GET"]}}],"collection":[{"href":"https:\/\/www.deltaspirit.es\/ca\/wp-json\/wp\/v2\/pages"}],"about":[{"href":"https:\/\/www.deltaspirit.es\/ca\/wp-json\/wp\/v2\/types\/page"}],"author":[{"embeddable":true,"href":"https:\/\/www.deltaspirit.es\/ca\/wp-json\/wp\/v2\/users\/1"}],"replies":[{"embeddable":true,"href":"https:\/\/www.deltaspirit.es\/ca\/wp-json\/wp\/v2\/comments?post=5829"}],"version-history":[{"count":0,"href":"https:\/\/www.deltaspirit.es\/ca\/wp-json\/wp\/v2\/pages\/5829\/revisions"}],"wp:attachment":[{"href":"https:\/\/www.deltaspirit.es\/ca\/wp-json\/wp\/v2\/media?parent=5829"}],"curies":[{"name":"wp","href":"https:\/\/api.w.org\/{rel}","templated":true}]}}