{"id":5841,"date":"2023-03-15T09:18:53","date_gmt":"2023-03-15T09:18:53","guid":{"rendered":"https:\/\/www.deltaspirit.es\/accesibilidad\/"},"modified":"2023-07-03T09:05:49","modified_gmt":"2023-07-03T09:05:49","slug":"accesibilidad","status":"publish","type":"page","link":"https:\/\/www.deltaspirit.es\/ca\/accesibilidad\/","title":{"rendered":"Accessibilitat"},"content":{"rendered":"\r\n<h2 class=\"wp-block-heading\">Declaraci\u00f3 d&#8217;accessibilitat<\/h2>\r\n\r\n\r\n\r\n<p>Emili Soler Benaigues s&#8217;ha comprom\u00e8s a fer accessible el vostre lloc web, de conformitat amb el <a href=\"https:\/\/www.boe.es\/diario_boe\/txt.php?id=BOE-A-2018-12699\" target=\"_blank\" rel=\"noreferrer noopener\">Reial Decret 1112\/2018, de 7 de setembre, sobre accessibilitat dels llocs web i aplicacions per a dispositius m\u00f2bils del sector p\u00fablic.<\/a><\/p>\r\n\r\n\r\n\r\n<p>Aquesta declaraci\u00f3 d&#8217;accessibilitat s&#8217;aplica al lloc web https:\/\/www.deltaspirit.es:<\/p>\r\n\r\n\r\n\r\n<h4 class=\"wp-block-heading\">Situaci\u00f3 de compliment<\/h4>\r\n\r\n\r\n\r\n<p>Aquest lloc web \u00e9s parcialment conforme amb el <a href=\"https:\/\/www.boe.es\/diario_boe\/txt.php?id=BOE-A-2018-12699\" target=\"_blank\" rel=\"noreferrer noopener\">RD 1112\/2018<\/a> a causa de les excepcions i la manca de conformitat dels aspectes que s&#8217;indiquen al seg\u00fcent punt.<\/p>\r\n\r\n\r\n\r\n<h4 class=\"wp-block-heading\">Contingut no accessible<\/h4>\r\n\r\n\r\n\r\n<p>El contingut que es recull a continuaci\u00f3 no \u00e9s accessible pel seg\u00fcent:<\/p>\r\n\r\n\r\n\r\n<h5 class=\"wp-block-heading\">Manca de conformitat amb el RD 1112\/2018<\/h5>\r\n\r\n\r\n\r\n<p>Podrien existir documents ofim\u00e0tics en PDF i altres formats publicats posteriorment al 20 de setembre de 2018 que no compleixin totalment els requisits d&#8217;accessibilitat. Es poden sol\u00b7licitar els documents completament accessibles des del formulari de contacte per formalitzar queixes i consultes.<\/p>\r\n\r\n\r\n\r\n<p>Podrien existir errors de codi puntuals dedici\u00f3 en alguna p\u00e0gina web. [4.1.1 Processament]\r\n\r\n\r\n\r\n<h5 class=\"wp-block-heading\">C\u00e0rrega desproporcionada<\/h5>\r\n\r\n\r\n\r\n<p>No s&#8217;aplica.<\/p>\r\n\r\n\r\n\r\n<h5 class=\"wp-block-heading\">El contingut no entra dins de l&#8217;\u00e0mbit de la legislaci\u00f3 aplicable<\/h5>\r\n\r\n\r\n\r\n<p>Podrien existir fitxers ofim\u00e0tics en PDF o altres formats publicats abans del 20 de setembre de 2018 que no compleixin \u00edntegrament tots els requisits d&#8217;accessibilitat. Tot i que s&#8217;ha procurat que la majoria s\u00ed que ho compleixin.<\/p>\r\n\r\n\r\n\r\n<h4 class=\"wp-block-heading\">Preparaci\u00f3 per a la seg\u00fcent declaraci\u00f3 d&#8217;accessibilitat<\/h4>\r\n\r\n\r\n\r\n<p>Aquesta declaraci\u00f3 va ser preparada el 20 de febrer de 2023.<\/p>\r\n\r\n\r\n\r\n<p>El m\u00e8tode emprat per preparar la declaraci\u00f3 ha estat una autoavaluaci\u00f3 duta a terme pel mateix organisme.<\/p>\r\n\r\n\r\n\r\n<p>Observacions i dades de contacte<\/p>\r\n\r\n\r\n\r\n<p>Podeu realitzar comunicacions sobre requisits d&#8217;accessibilitat (article 10.2.a del RD 1112\/2018) com ara:<\/p>\r\n\r\n\r\n\r\n<ul class=\"wp-block-list\">\r\n<li>Informar sobre qualsevol possible incompliment per part d&#8217;aquest lloc web<\/li>\r\n\r\n\r\n\r\n<li>Transmetre altres dificultats d&#8217;acc\u00e9s al contingut<\/li>\r\n\r\n\r\n\r\n<li>Formular qualsevol altra consulta o suggeriment de millora relativa a l&#8217;accessibilitat del lloc web<\/li>\r\n<\/ul>\r\n\r\n\r\n\r\n<p>a trav\u00e9s del formulari de contacte d&#8217;aquest lloc web oa trav\u00e9s del n\u00famero de tel\u00e8fon +34 633 345 774 &#8211; +34 635 994 113<\/p>\r\n\r\n\r\n\r\n<p>Podeu presentar:<\/p>\r\n\r\n\r\n\r\n<ul class=\"wp-block-list\">\r\n<li>Queixa relativa al compliment dels requisits del RD 1112\/2018 o<\/li>\r\n\r\n\r\n\r\n<li>Sol\u00b7licitud d&#8217;informaci\u00f3 accessible relativa a:\r\n<ul class=\"wp-block-list\">\r\n<li>Continguts que estan exclosos de l\u00e0mbit daplicaci\u00f3 del RD 1112\/2018 segons el que estableix larticle 3, apartat 4<\/li>\r\n\r\n\r\n\r\n<li>Continguts que estan exempts del compliment dels requisits d&#8217;accessibilitat per imposar una c\u00e0rrega desproporcionada<\/li>\r\n<\/ul>\r\n<\/li>\r\n<\/ul>\r\n\r\n\r\n\r\n<p>A la Sol\u00b7licitud d&#8217;informaci\u00f3 accessible, cal concretar, amb tota claredat, els fets, les raons i la petici\u00f3 que permetin constatar que es tracta d&#8217;una sol\u00b7licitud raonable i leg\u00edtima.<\/p>\r\n\r\n\r\n\r\n<p>Les queixes i reclamacions sobre informaci\u00f3 accessible es realitzaran a trav\u00e9s del formulari de contacte (www.deltaspirit.es\/contacto), i seran rebudes i tractades.<\/p>\r\n\r\n\r\n\r\n<h4 class=\"wp-block-heading\">Contingut opcional<\/h4>\r\n\r\n\r\n\r\n<p>Aquest portal est\u00e0 dissenyat per poder canviar la mida del text i el color, aix\u00ed com el fons de la p\u00e0gina mitjan\u00e7ant les opcions de configuraci\u00f3 est\u00e0ndard dels navegadors.<\/p>\r\n\r\n\r\n\r\n<p>Si voleu canviar la mida de lletra del text als principals navegadors gr\u00e0fics utilitzeu els men\u00fas seg\u00fcents:<\/p>\r\n\r\n\r\n\r\n<ul class=\"wp-block-list\">\r\n<li>Internet Explorer, Mozilla y Firefox: Veure &gt; Mida del text<\/li>\r\n\r\n\r\n\r\n<li>Opera: Veure &gt; Zoom<\/li>\r\n\r\n\r\n\r\n<li>Safari: Veure &gt; Fer el text m\u00e9s gran<\/li>\r\n\r\n\r\n\r\n<li>Chrome:Controla la p\u00e0gina actual &gt; Mida del text<\/li>\r\n\r\n\r\n\r\n<li>Per modificar la mida de tot a la p\u00e0gina:\r\n<ul class=\"wp-block-list\">\r\n<li>Ctrl + + per augmentar-lo<\/li>\r\n\r\n\r\n\r\n<li>Ctrl + \u2013 per disminuir-lo<\/li>\r\n\r\n\r\n\r\n<li>Ctrl + 0 restaura la mida original del text<\/li>\r\n\r\n\r\n\r\n<li>Si el que voleu \u00e9s anul\u00b7lar el full d&#8217;estils o modificar el color del text, podeu consultar la p\u00e0gina How to Change Text Size o Colors de la WAI, que es pot llegir tradu\u00eft a l&#8217;espanyol a Com canviar la mida del text o colors?<\/li>\r\n<\/ul>\r\n<\/li>\r\n<\/ul>\r\n","protected":false},"excerpt":{"rendered":"<p>Declaraci\u00f3 d&#8217;accessibilitat Emili Soler Benaigues s&#8217;ha comprom\u00e8s a fer accessible el vostre lloc web, de conformitat amb el Reial Decret 1112\/2018, de 7 de setembre, sobre accessibilitat dels llocs web i aplicacions per a dispositius m\u00f2bils del sector p\u00fablic. Aquesta declaraci\u00f3 d&#8217;accessibilitat s&#8217;aplica al lloc web https:\/\/www.deltaspirit.es: Situaci\u00f3 de compliment Aquest lloc web \u00e9s parcialment [&hellip;]<\/p>\n","protected":false},"author":1,"featured_media":0,"parent":0,"menu_order":0,"comment_status":"closed","ping_status":"closed","template":"","meta":{"_monsterinsights_skip_tracking":false,"_monsterinsights_sitenote_active":false,"_monsterinsights_sitenote_note":"","_monsterinsights_sitenote_category":0,"footnotes":""},"class_list":["post-5841","page","type-page","status-publish","hentry"],"aioseo_notices":[],"_links":{"self":[{"href":"https:\/\/www.deltaspirit.es\/ca\/wp-json\/wp\/v2\/pages\/5841","targetHints":{"allow":["GET"]}}],"collection":[{"href":"https:\/\/www.deltaspirit.es\/ca\/wp-json\/wp\/v2\/pages"}],"about":[{"href":"https:\/\/www.deltaspirit.es\/ca\/wp-json\/wp\/v2\/types\/page"}],"author":[{"embeddable":true,"href":"https:\/\/www.deltaspirit.es\/ca\/wp-json\/wp\/v2\/users\/1"}],"replies":[{"embeddable":true,"href":"https:\/\/www.deltaspirit.es\/ca\/wp-json\/wp\/v2\/comments?post=5841"}],"version-history":[{"count":5,"href":"https:\/\/www.deltaspirit.es\/ca\/wp-json\/wp\/v2\/pages\/5841\/revisions"}],"predecessor-version":[{"id":5886,"href":"https:\/\/www.deltaspirit.es\/ca\/wp-json\/wp\/v2\/pages\/5841\/revisions\/5886"}],"wp:attachment":[{"href":"https:\/\/www.deltaspirit.es\/ca\/wp-json\/wp\/v2\/media?parent=5841"}],"curies":[{"name":"wp","href":"https:\/\/api.w.org\/{rel}","templated":true}]}}