{"id":5847,"date":"2023-03-13T12:39:38","date_gmt":"2023-03-13T12:39:38","guid":{"rendered":"https:\/\/www.deltaspirit.es\/paquete-escolar\/"},"modified":"2023-07-04T11:59:45","modified_gmt":"2023-07-04T11:59:45","slug":"paquete-escolar","status":"publish","type":"page","link":"https:\/\/www.deltaspirit.es\/ca\/paquete-escolar\/","title":{"rendered":"Paquet escolar"},"content":{"rendered":"<div class=\"wpb-content-wrapper\">[vc_row full_width=&#8221;stretch_row&#8221; column_separator_row=&#8221;&#8221; css=&#8221;.vc_custom_1683883193201{margin-top: -80px !important;background-image: url(https:\/\/www.deltaspirit.es\/wp-content\/uploads\/2023\/05\/escolar.jpg?id=5773) !important;background-position: center !important;background-repeat: no-repeat !important;background-size: cover !important;}&#8221;][vc_column width=&#8221;1\/2&#8243;][\/vc_column][vc_column width=&#8221;1\/2&#8243;][gt3_spacing height=&#8221;80px&#8221; responsive_es=&#8221;true&#8221; height_mobile=&#8221;0px&#8221;][gt3_custom_text text_color=&#8221;#27323d&#8221; font_size=&#8221;30&#8243; line_height=&#8221;160&#8243;]<strong><span>Paquet escolar<\/span><\/strong>[\/gt3_custom_text][gt3_spacing height=&#8221;18px&#8221;][gt3_custom_text text_color=&#8221;#28323e&#8221; font_size=&#8221;16&#8243; line_height=&#8221;190&#8243;]<span>Descobriu un m\u00f3n d&#8217;emocions i aventures aqu\u00e0tiques amb el nostre paquet escolar! Estem encantats d&#8217;oferir a les escoles una oportunitat \u00fanica perqu\u00e8 els seus estudiants explorin el meravell\u00f3s m\u00f3n del kayak, windsurf, padelsurf i moltes altres activitats aqu\u00e0tiques emocionants.<\/span>[\/gt3_custom_text][gt3_spacing height=&#8221;17px&#8221;][gt3_custom_text text_color=&#8221;#28323e&#8221; font_size=&#8221;16&#8243; line_height=&#8221;190&#8243;]<span>El nostre paquet escolar est\u00e0 dissenyat perqu\u00e8 els estudiants aprenguin, es diverteixin i gaudeixin d&#8217;uns dies inoblidables a la platja. Oferim programes adaptats a diferents edats i nivells d&#8217;habilitat des de principiants fins a avan\u00e7ats. El nostre equip d&#8217;instructors altament qualificats i experimentats garanteix una experi\u00e8ncia segura i divertida per a tothom.<\/span>[\/gt3_custom_text][gt3_spacing height=&#8221;40px&#8221;][gt3_spacing height=&#8221;120px&#8221; responsive_es=&#8221;true&#8221; height_mobile=&#8221;60&#8243;][\/vc_column][\/vc_row][vc_row full_width=&#8221;stretch_row&#8221; column_separator_row=&#8221;&#8221; masked_row=&#8221;&#8221;][vc_column css=&#8221;.vc_custom_1683113580050{margin-top: 20px !important;}&#8221;][vc_column_text css=&#8221;.vc_custom_1683883349408{margin-bottom: 10px !important;}&#8221;]\n<p style=\"text-align: left;\"><strong>PACK 5 DIES \/ 4 NITS<\/strong><br \/>\nPlanning d\u00b4activitats escolars al Delta de l&#8217;Ebre per a 100 persones al dia.<\/p>\n<p>&nbsp;<\/p>\n<div class=\"row\">\n<div class=\"span6\">\n<p>&nbsp;<\/p>\n<p style=\"text-align: left;\"><strong>Dia 1 DILLUNS:<\/strong><\/p>\n<p style=\"text-align: left;\">Ruta en kayak y paddlesurf al Trabucador.<br \/>\nHorari de l&#8217;activitat de 10.30 a 13.00.<br \/>\nObservaci\u00f3 dels flamencs i les aus t\u00edpiques del Delta durant la ruta.<br \/>\nPreu\/persona per activitat: 15,50\u20ac.<\/p>\n<p>&nbsp;<\/p>\n<p style=\"text-align: left;\"><strong>Dia 2 DIMARTS:<\/strong><br \/>\nRuta illa de Gr\u00e0cia pel riu guiada a kayak.<br \/>\nHorari de l&#8217;activitat de 9.30 a 13.30.<br \/>\nPresentaci\u00f3 del material a utilitzar i normes de seguretat per fer l&#8217;activitat.<br \/>\nPreu\/persona per activitat: 15,50\u20ac.<br \/>\nMaterial incl\u00f2s: kayaks, armilles homologades de salvament, rems kayaks.<\/p>\n<p>&nbsp;<\/p>\n<p style=\"text-align: left;\"><strong>Dia 3 DIMECRES:<\/strong><br \/>\nRuta amb bicicleta per via verda.<br \/>\nHorari de l&#8217;activitat de 9.30 a 13.30.<br \/>\nLa sortida de la ruta ser\u00e0 de l&#8217;alberg cap a la desembocadura del riu per la via verda que fa un recorregut al llarg del riu.<br \/>\nPossibilitat de fer 2 grups, un al mat\u00ed i un altre a la tarda.<br \/>\nPreu\/persona per activitat: 15,50\u20ac.<br \/>\nPreu bicicleta: 7\u20ac.<br \/>\nMaterial incl\u00f2s: armilla reflectora, casc.<\/p>\n<\/div>\n<div class=\"span6\">\n<p>&nbsp;<\/p>\n<p style=\"text-align: left;\"><strong>Dia 4 DIJOUS:<\/strong><br \/>\nRuta en kayak pel riu.<br \/>\nLa sortida de la ruta ser\u00e0 de l&#8217;Illa de Gr\u00e0cia fins al club de rem de Deltebre situat a uns quil\u00f2metres m\u00e9s avall del punt de sortida.<br \/>\nPreu\/persona per activitat: 15,50\u20ac.<br \/>\nMaterial incl\u00f2s: kayaks, armilles homologades de salvament, rems kayaks.<\/p>\n<p>&nbsp;<\/p>\n<p style=\"text-align: left;\"><strong>Dia 5 DIVENDRES:<\/strong><br \/>\nMulti-activitats al Trabucador.<br \/>\n70 persones distribu\u00efdes en 5 grups:<br \/>\nGrup 1 de 14 persones: ruta amb bicicleta cap a la barra del Trabucador.<br \/>\nGrup 2 de 14 persones: classe iniciaci\u00f3 al surf\/paddlesurf.<br \/>\nGrup 3 de 14 persones: classe iniciaci\u00f3 al kitesurf i wingfoil amb paddlesurf.<br \/>\nGrup 4 de 14 persones: ruta a kayak. Aquest grup tindr\u00e0 un nom m\u00e9s gran dalumnat.<br \/>\nGrup 5 de 14 persones: jocs amb Bigpaddelsurf.<br \/>\nLa durada de cada activitat \u00e9s de 1 hora per poder executar tot el grup les activitats.<br \/>\nPreu\/persona per activitat: 15,50\u20ac.<br \/>\nMaterial incl\u00f2s: bicicleta, espelmes kitesurf, taules paddlesurf, armilles homologades salvavides, wingfoils, neoprens.<br \/>\nPreu bicicleta est\u00e0 incl\u00f2s a l&#8217;activitat d&#8217;aquest dia.<\/p>\n<\/div>\n<\/div>\n<p>&nbsp;<\/p>\n<p>&nbsp;<\/p>\n<p style=\"text-align: left;\"><strong>Tarifes escolars Alberg Xanascat 2023<\/strong><\/p>\n<p style=\"text-align: left;\">Tot seguit, es mostren les diferents opcions de temporada alta i baixa, i serveis que ofereixen.<\/p>\n<table class=\"alignleft\" border=\"1\" width=\"566\" cellspacing=\"0\" cellpadding=\"7\">\n<tbody>\n<tr valign=\"TOP\">\n<td rowspan=\"2\" width=\"60\">(10% d&#8217;IVA incl\u00f2s)<\/td>\n<td colspan=\"2\" width=\"146\">\n<p align=\"CENTER\">PE<\/p>\n<\/td>\n<td colspan=\"2\" width=\"152\">\n<p align=\"CENTER\">MP<\/p>\n<\/td>\n<td colspan=\"2\" width=\"151\">\n<p align=\"CENTER\">PC<\/p>\n<\/td>\n<\/tr>\n<tr valign=\"TOP\">\n<td width=\"63\">\n<p align=\"CENTER\">TB<\/p>\n<\/td>\n<td width=\"69\">\n<p align=\"CENTER\">TA<\/p>\n<\/td>\n<td width=\"69\">\n<p align=\"CENTER\">TB<\/p>\n<\/td>\n<td width=\"69\">\n<p align=\"CENTER\">TA<\/p>\n<\/td>\n<td width=\"69\">\n<p align=\"CENTER\">TB<\/p>\n<\/td>\n<td width=\"68\">\n<p align=\"CENTER\">TA<\/p>\n<\/td>\n<\/tr>\n<tr valign=\"TOP\">\n<td width=\"60\">Estades de + 1 nit<\/td>\n<td width=\"63\">\n<p align=\"CENTER\">14,80 \u20ac<\/p>\n<\/td>\n<td width=\"69\">\n<p align=\"CENTER\">18,80 \u20ac<\/p>\n<\/td>\n<td width=\"69\">\n<p align=\"CENTER\">24,40 \u20ac<\/p>\n<\/td>\n<td width=\"69\">\n<p align=\"CENTER\">28,40 \u20ac<\/p>\n<\/td>\n<td width=\"69\">\n<p align=\"CENTER\">31,80 \u20ac<\/p>\n<\/td>\n<td width=\"68\">\n<p align=\"CENTER\">35,80 \u20ac<\/p>\n<\/td>\n<\/tr>\n<tr valign=\"TOP\">\n<td width=\"60\">Estades de 1 nit<\/td>\n<td width=\"63\">\n<p align=\"CENTER\">14,80 \u20ac<\/p>\n<\/td>\n<td width=\"69\">\n<p align=\"CENTER\">20,40 \u20ac<\/p>\n<\/td>\n<td width=\"69\">\n<p align=\"CENTER\">24,40 \u20ac<\/p>\n<\/td>\n<td width=\"69\">\n<p align=\"CENTER\">30,00 \u20ac<\/p>\n<\/td>\n<td width=\"69\">\n<p align=\"CENTER\">31,80 \u20ac<\/p>\n<\/td>\n<td width=\"68\">\n<p align=\"CENTER\">37,40 \u20ac<\/p>\n<\/td>\n<\/tr>\n<\/tbody>\n<\/table>\n<p style=\"text-align: left;\">Promocions al professorat: 1 acompanyant gratu\u00eft per cada 10 o 20 alumnes si fan o no fan activitats escolars respectivament.<\/p>\n<table class=\"alignleft\" border=\"1\" width=\"566\" cellspacing=\"0\" cellpadding=\"7\">\n<tbody>\n<tr valign=\"TOP\">\n<td width=\"476\">Servei<\/td>\n<td width=\"60\">Preu<\/td>\n<\/tr>\n<tr valign=\"TOP\">\n<td width=\"476\">Lloguer de llen\u00e7ols (alumnat)<\/td>\n<td width=\"60\">3,70 \u20ac<\/td>\n<\/tr>\n<tr valign=\"TOP\">\n<td width=\"476\">Berenar senzill: beguda (aigua o suc) + galetes o pastes o pa amb complement<\/td>\n<td width=\"60\">1,30 \u20ac<\/td>\n<\/tr>\n<tr valign=\"TOP\">\n<td width=\"476\">Berenar complet: beguda (aigua, suc o batut) + entrep\u00e0 o pa amb complement + galetes o fruita o lacti<\/td>\n<td width=\"60\">3,30 \u20ac<\/td>\n<\/tr>\n<tr valign=\"TOP\">\n<td width=\"476\">Menjar addicional<\/td>\n<td width=\"60\">9,30 \u20ac<\/td>\n<\/tr>\n<\/tbody>\n<\/table>\n<p style=\"text-align: left;\">Berenar incl\u00f2s a totes les escoles d&#8217;infantil i prim\u00e0ria.<\/p>\n[\/vc_column_text][gt3_spacing height=&#8221;62px&#8221; responsive_es=&#8221;true&#8221; height_mobile=&#8221;32&#8243;][\/vc_column][\/vc_row][vc_row full_width=&#8221;stretch_row&#8221; disable_element=&#8221;yes&#8221; column_separator_row=&#8221;&#8221; css=&#8221;.vc_custom_1683113354257{background-color: #28323e !important;}&#8221;][vc_column][vc_tta_tabs][vc_tta_section title=&#8221;Alberg Xanascat&#8221; tab_id=&#8221;1678966997901-da3c07f6-d47e&#8221;][vc_column_text]<span style=\"color: #ffffff;\">Alberg Xanascat en Deltebre<\/span><\/p>\n<p><span style=\"color: #ffffff;\">L&#8217;allotjament Xanascat es troba en una ubicaci\u00f3 immillorable, en plena natura del Parc Natural del Delta de l&#8217;Ebre. La zona \u00e9s privilegiada pels seus paisatges, riu Ebre i el mar mediterrani com a tel\u00f3 de fons perfecte per contemplar les llacunes, aus i els seus camps de arr\u00f2s tan caracter\u00edstics.<\/span><\/p>\n<p><span style=\"color: #ffffff;\">El terreny pla de Deltebre \u00e9s ideal per practicar ciclisme, una excel\u00b7lent opci\u00f3 per despla\u00e7ar-se de forma sostenible, alhora que es realitza activitat f\u00edsica gaudint del paisatge.<\/span><\/p>\n<p>&nbsp;<\/p>\n<p><span style=\"color: #ffffff;\">Entre les seves instal\u00b7lacions trobar\u00e0s:<\/span><\/p>\n<ul>\n<li><span style=\"color: #ffffff;\">Banys comunitaris i adaptats<\/span><\/li>\n<li><span style=\"color: #ffffff;\">Cuina a la disposici\u00f3 dels alberguistes<\/span><\/li>\n<li><span style=\"color: #ffffff;\">Instal\u00b7lacions esportives<\/span><\/li>\n<li><span style=\"color: #ffffff;\">Jard\u00ed<\/span><\/li>\n<li><span style=\"color: #ffffff;\">Menjador<\/span><\/li>\n<li><span style=\"color: #ffffff;\">P\u00e0rquing de turismes i autobusos<\/span><\/li>\n<li><span style=\"color: #ffffff;\">Sala de reunions<\/span><\/li>\n<li><span style=\"color: #ffffff;\">Sala d\u00b4estar amb televisi\u00f3<\/span><\/li>\n<\/ul>\n<p><span style=\"color: #ffffff;\">Serveis que inclou:<\/span><\/p>\n<ul>\n<li><span style=\"color: #ffffff;\">Aire condicionat<\/span><\/li>\n<li><span style=\"color: #ffffff;\">Calefacci\u00f3<\/span><\/li>\n<li><span style=\"color: #ffffff;\">Servei d&#8217;alimentaci\u00f3<\/span><\/li>\n<li><span style=\"color: #ffffff;\">Dieta mediterr\u00e0nia<\/span><\/li>\n<li><span style=\"color: #ffffff;\">Dieta vegetariana i vegana<\/span><\/li>\n<li><span style=\"color: #ffffff;\">Microones<\/span><\/li>\n<li><span style=\"color: #ffffff;\">Frigor\u00edfic per als alberguistes<\/span><\/li>\n<li><span style=\"color: #ffffff;\">M\u00e0quines de vending<\/span><\/li>\n<li><span style=\"color: #ffffff;\">Wi-Fi<\/span><\/li>\n<li><span style=\"color: #ffffff;\">Ping pong<\/span><\/li>\n<li><span style=\"color: #ffffff;\">Jocs de taula<\/span><\/li>\n<li><span style=\"color: #ffffff;\">Guarda bicicletes<\/span><\/li>\n<li><span style=\"color: #ffffff;\">Es permet l\u00b4entrada d\u00b4animals<\/span><\/li>\n<li><span style=\"color: #ffffff;\">Zones d&#8217;inter\u00e8s tur\u00edstic properes<\/span><\/li>\n<li><span style=\"color: #ffffff;\">Cartelleres amb informaci\u00f3 local i del transport<\/span><\/li>\n<\/ul>\n<p>&nbsp;<\/p>\n<p><span style=\"color: #ffffff;\">Per a m\u00e9s informaci\u00f3 fes clic aqu\u00ed (<a href=\"https:\/\/xanascat.gencat.cat\/ca\/albergs\/albergs\/deltebre-xanascat\" style=\"color: #ffffff;\">https:\/\/xanascat.gencat.cat\/ca\/albergs\/albergs\/deltebre-xanascat<\/a>)<\/span>[\/vc_column_text][\/vc_tta_section][vc_tta_section title=&#8221;Albergue Delta Parc&#8221; tab_id=&#8221;1678966997903-30af9612-17e7&#8243;][vc_column_text]<span style=\"color: #ffffff;\">Alberg Sant Jaume &#8211; Casa de col\u00f2nies \u201cDelta Parc\u201d\u00a0\u00a0<\/span><\/p>\n<p><span style=\"color: #ffffff;\">Habitacions de 2, 6 i 8 places amb bany interior i calefacci\u00f3<\/span><\/p>\n<p><span style=\"color: #ffffff;\">Projeccions audiovisuals \/ Sala d&#8217;estudi i lleure \/ Discoteca \/ Cafeteria \/ Piscina \/ Camp de futbol \/ Pista poliesportiva de b\u00e0squet \/ Futbol sala \/ Handbol \/ Front\u00f3n<\/span><\/p>\n<p><span style=\"color: #ffffff;\">Inclou<\/span><\/p>\n<ul>\n<li><span style=\"color: #ffffff;\">Gratu\u00eft per al professorat (un professor per cada 15-20 alumnes)<\/span><\/li>\n<li><span style=\"color: #ffffff;\">Allotjament en r\u00e8gim de pensi\u00f3 completa<\/span><\/li>\n<li><span style=\"color: #ffffff;\">Asseguran\u00e7a d&#8217;accidents i responsabilitat civil<\/span><\/li>\n<li><span style=\"color: #ffffff;\">T\u00e8cnics per a totes les activitats<\/span><\/li>\n<li><span style=\"color: #ffffff;\">Talonaris d&#8217;autofinan\u00e7ament<\/span><\/li>\n<li><span style=\"color: #ffffff;\">IVA<\/span><\/li>\n<\/ul>\n<p><span style=\"color: #ffffff;\">No inclou<\/span><\/p>\n<ul>\n<li><span style=\"color: #ffffff;\">Transport d&#8217;anada i tornada<\/span><\/li>\n<li><span style=\"color: #ffffff;\">Pensi\u00f3 completa extra: 35\u20ac<\/span><\/li>\n<\/ul>\n<p><span style=\"color: #ffffff;\">Un cop contacteu amb nosaltres i comprovada la disponibilitat us adjuntarem un dossier amb els detalls de les activitats, men\u00fas i despla\u00e7aments que es realitzaran.<\/span>[\/vc_column_text][\/vc_tta_section][\/vc_tta_tabs][gt3_spacing height=&#8221;62px&#8221; responsive_es=&#8221;true&#8221; height_mobile=&#8221;32&#8243;][\/vc_column][\/vc_row]\n<\/div>","protected":false},"excerpt":{"rendered":"<p>[vc_row full_width=&#8221;stretch_row&#8221; column_separator_row=&#8221;&#8221; css=&#8221;.vc_custom_1683883193201{margin-top: -80px !important;background-image: url(https:\/\/www.deltaspirit.es\/wp-content\/uploads\/2023\/05\/escolar.jpg?id=5773) !important;background-position: center !important;background-repeat: no-repeat !important;background-size: cover !important;}&#8221;][vc_column width=&#8221;1\/2&#8243;][\/vc_column][vc_column width=&#8221;1\/2&#8243;][gt3_spacing height=&#8221;80px&#8221; responsive_es=&#8221;true&#8221; height_mobile=&#8221;0px&#8221;][gt3_custom_text text_color=&#8221;#27323d&#8221; font_size=&#8221;30&#8243; line_height=&#8221;160&#8243;]Paquet escolar[\/gt3_custom_text][gt3_spacing height=&#8221;18px&#8221;][gt3_custom_text text_color=&#8221;#28323e&#8221; font_size=&#8221;16&#8243; line_height=&#8221;190&#8243;]Descobriu un m\u00f3n d&#8217;emocions i aventures aqu\u00e0tiques amb el nostre paquet escolar! Estem encantats d&#8217;oferir a les escoles una oportunitat \u00fanica perqu\u00e8 els seus estudiants explorin el meravell\u00f3s m\u00f3n [&hellip;]<\/p>\n","protected":false},"author":1,"featured_media":0,"parent":0,"menu_order":0,"comment_status":"closed","ping_status":"closed","template":"","meta":{"_monsterinsights_skip_tracking":false,"_monsterinsights_sitenote_active":false,"_monsterinsights_sitenote_note":"","_monsterinsights_sitenote_category":0,"footnotes":""},"class_list":["post-5847","page","type-page","status-publish","hentry"],"aioseo_notices":[],"_links":{"self":[{"href":"https:\/\/www.deltaspirit.es\/ca\/wp-json\/wp\/v2\/pages\/5847","targetHints":{"allow":["GET"]}}],"collection":[{"href":"https:\/\/www.deltaspirit.es\/ca\/wp-json\/wp\/v2\/pages"}],"about":[{"href":"https:\/\/www.deltaspirit.es\/ca\/wp-json\/wp\/v2\/types\/page"}],"author":[{"embeddable":true,"href":"https:\/\/www.deltaspirit.es\/ca\/wp-json\/wp\/v2\/users\/1"}],"replies":[{"embeddable":true,"href":"https:\/\/www.deltaspirit.es\/ca\/wp-json\/wp\/v2\/comments?post=5847"}],"version-history":[{"count":2,"href":"https:\/\/www.deltaspirit.es\/ca\/wp-json\/wp\/v2\/pages\/5847\/revisions"}],"predecessor-version":[{"id":6029,"href":"https:\/\/www.deltaspirit.es\/ca\/wp-json\/wp\/v2\/pages\/5847\/revisions\/6029"}],"wp:attachment":[{"href":"https:\/\/www.deltaspirit.es\/ca\/wp-json\/wp\/v2\/media?parent=5847"}],"curies":[{"name":"wp","href":"https:\/\/api.w.org\/{rel}","templated":true}]}}