{"id":5853,"date":"2017-01-18T09:47:33","date_gmt":"2017-01-18T09:47:33","guid":{"rendered":"https:\/\/www.deltaspirit.es\/sobre-nosotros\/"},"modified":"2023-07-06T07:41:15","modified_gmt":"2023-07-06T07:41:15","slug":"sobre-nosotros","status":"publish","type":"page","link":"https:\/\/www.deltaspirit.es\/ca\/sobre-nosotros\/","title":{"rendered":"Sobre nosaltres"},"content":{"rendered":"<div class=\"wpb-content-wrapper\">[vc_row full_width=&#8221;stretch_row&#8221; column_separator_row=&#8221;&#8221;][vc_column][gt3_spacing height=&#8221;57px&#8221; responsive_es=&#8221;true&#8221; height_mobile=&#8221;27&#8243;][\/vc_column][\/vc_row][vc_row full_width=&#8221;stretch_row&#8221; column_separator_row=&#8221;&#8221; css=&#8221;.vc_custom_1683716372639{margin-top: -80px !important;background-image: url(https:\/\/www.deltaspirit.es\/wp-content\/uploads\/2023\/05\/sobre-nosotros-1.jpg?id=5587) !important;background-position: center !important;background-repeat: no-repeat !important;background-size: cover !important;}&#8221;][vc_column width=&#8221;1\/2&#8243;][\/vc_column][vc_column width=&#8221;1\/2&#8243;][gt3_spacing height=&#8221;80px&#8221; responsive_es=&#8221;true&#8221; height_mobile=&#8221;0px&#8221;][gt3_custom_text text_color=&#8221;#27323d&#8221; font_size=&#8221;30&#8243; line_height=&#8221;160&#8243;]<strong>Sobre nosaltres<br \/>\n<\/strong>[\/gt3_custom_text][gt3_spacing height=&#8221;18px&#8221;][gt3_custom_text text_color=&#8221;#28323e&#8221; font_size=&#8221;16&#8243; line_height=&#8221;190&#8243;]Som un equip d&#8217;instructors experimentats i apassionats pels esports aqu\u00e0tics com caiac, kitesurf, wingfoil, p\u00e0del surf i surf.<\/p>\n<p>&nbsp;<\/p>\n<p>Proporcionem als nostres alumnes un ensenyament personalitzat i adaptat al seu nivell, a m\u00e9s de guiar-los i aconsellar-los a cada pas per ajudar-los a assolir els seus objectius.[\/gt3_custom_text][gt3_spacing height=&#8221;17px&#8221;][gt3_custom_text text_color=&#8221;#28323e&#8221; font_size=&#8221;16&#8243; line_height=&#8221;190&#8243;]En efecte, la nostra escola ha estat creada amb l&#8217;objectiu de compartir la nostra passi\u00f3 i coneixements t\u00e8cnics amb totes aquelles persones disposades a iniciar-se i millorar al m\u00f3n dels esports aqu\u00e0tics, i fins i tot realitzar entrenaments avan\u00e7ats.[\/gt3_custom_text][gt3_spacing height=&#8221;40px&#8221;][gt3_spacing height=&#8221;120px&#8221; responsive_es=&#8221;true&#8221; height_mobile=&#8221;60&#8243;][\/vc_column][\/vc_row][vc_row full_width=&#8221;stretch_row&#8221; css=&#8221;.vc_custom_1526278230267{background-color: #28323e !important;}&#8221;][vc_column offset=&#8221;vc_col-xs-12&#8243;][gt3_spacing height=&#8221;57px&#8221; responsive_es=&#8221;true&#8221; height_mobile=&#8221;27&#8243;][vc_row_inner][vc_column_inner offset=&#8221;vc_col-xs-12&#8243;][gt3_custom_text text_color=&#8221;#ffffff&#8221; font_size=&#8221;30&#8243; responsive_font=&#8221;true&#8221; font_size_mobile=&#8221;26&#8243;]\n<p style=\"text-align: center;\"><strong>Busques una experi\u00e8ncia completa?<\/strong><\/p>\n<p><span style=\"font-weight: bold;\" class=\"gt3_font-weight\">\u00a0<\/span>[\/gt3_custom_text][\/vc_column_inner][\/vc_row_inner][gt3_spacing height=&#8221;22px&#8221;][gt3_custom_text text_color=&#8221;#c9d4dc&#8221; font_size=&#8221;16&#8243; line_height=&#8221;190&#8243;]\n<p style=\"text-align: center;\">Si el que busques \u00e9s una experi\u00e8ncia completa, has arribat a bon port. Les activitats de Delta Spirit van m\u00e9s enll\u00e0 del simple fet de practicar un esport, i tens tot un horitz\u00f3 d&#8217;onades per deixar-te fluir:<\/p>\n[\/gt3_custom_text][gt3_spacing height=&#8221;44px&#8221;][\/vc_column][\/vc_row][vc_row full_width=&#8221;stretch_row&#8221; column_separator_row=&#8221;&#8221; masked_row=&#8221;&#8221; css=&#8221;.vc_custom_1531118034440{background-color: #28323e !important;}&#8221;][vc_column width=&#8221;1\/4&#8243;][gt3_services box_image=&#8221;5580&#8243; thumbnail=&#8221;3260&#8243; module_height=&#8221;380&#8243; custom_title_size=&#8221;50&#8243; use_theme_fonts_box_title=&#8221;&#8221; google_fonts_box_title=&#8221;font_family:Kaushan%20Script%3Aregular|font_style:400%20regular%3A400%3Anormal&#8221; title_color=&#8221;#ffffff&#8221; index_number_color=&#8221;rgba(255,255,255,0.2)&#8221; custom_content_size=&#8221;14&#8243; content_text_color=&#8221;#c9d4dc&#8221; box_hover_bg=&#8221;#28323e&#8221; title=&#8221;Una onada de bona salut&#8221; content_text=&#8221;Les nostres activitats s\u00f3n una forma divertida i desafiant de fer exercici per mantenir-se actiu, sent benefici\u00f3s per millorar la salut cardiovascular, resist\u00e8ncia i for\u00e7a muscular.&#8221; link=&#8221;title:Una%20ola%20de%20buena%20salud&#8221;][\/vc_column][vc_column width=&#8221;1\/4&#8243;][gt3_services box_image=&#8221;5580&#8243; thumbnail=&#8221;3260&#8243; module_height=&#8221;380&#8243; custom_title_size=&#8221;50&#8243; use_theme_fonts_box_title=&#8221;&#8221; google_fonts_box_title=&#8221;font_family:Kaushan%20Script%3Aregular|font_style:400%20regular%3A400%3Anormal&#8221; title_color=&#8221;#ffffff&#8221; index_number_color=&#8221;rgba(255,255,255,0.2)&#8221; custom_content_size=&#8221;14&#8243; content_text_color=&#8221;#c9d4dc&#8221; box_hover_bg=&#8221;#28323e&#8221; title=&#8221;Una onada de desconnexi\u00f3&#8221; content_text=&#8221;El so de les onades, la brisa del mar i la sensaci\u00f3 de llibertat que s&#8217;experimenta a l&#8217;aigua ajuden a alliberar la ment de les preocupacions quotidianes i recarregar les piles.&#8221;][gt3_spacing height=&#8221;30px&#8221; responsive_es=&#8221;true&#8221; height_mobile=&#8221;0px&#8221;][\/vc_column][vc_column width=&#8221;1\/4&#8243;][gt3_services box_image=&#8221;5580&#8243; thumbnail=&#8221;3260&#8243; module_height=&#8221;380&#8243; custom_title_size=&#8221;50&#8243; use_theme_fonts_box_title=&#8221;&#8221; google_fonts_box_title=&#8221;font_family:Kaushan%20Script%3Aregular|font_style:400%20regular%3A400%3Anormal&#8221; title_color=&#8221;#ffffff&#8221; index_number_color=&#8221;rgba(255,255,255,0.2)&#8221; custom_content_size=&#8221;14&#8243; content_text_color=&#8221;#c9d4dc&#8221; box_hover_bg=&#8221;#28323e&#8221; title=&#8221;Una onada d&#8217;amistats duradores&#8221; content_text=&#8221;Coneix gent que comparteix la teva passi\u00f3. Uneix-te a una comunitat unida d&#8217;entusiastes disposats a compartir els coneixements i les bones vibres.&#8221;][\/vc_column][vc_column width=&#8221;1\/4&#8243;][gt3_services box_image=&#8221;5580&#8243; thumbnail=&#8221;3260&#8243; module_height=&#8221;380&#8243; custom_title_size=&#8221;50&#8243; use_theme_fonts_box_title=&#8221;&#8221; google_fonts_box_title=&#8221;font_family:Kaushan%20Script%3Aregular|font_style:400%20regular%3A400%3Anormal&#8221; title_color=&#8221;#ffffff&#8221; index_number_color=&#8221;rgba(255,255,255,0.2)&#8221; custom_content_size=&#8221;14&#8243; content_text_color=&#8221;#c9d4dc&#8221; box_hover_bg=&#8221;#28323e&#8221; title=&#8221;Una onada de lleure i gastronomia&#8221; content_text=&#8221;Despr\u00e9s de les activitats, visita els restaurants propers. El Delta de l&#8217;Ebre \u00e9s fam\u00f3s pels deliciosos mariscs i arrossos mediterranis de primer nivell.&#8221;][\/vc_column][\/vc_row]\n<\/div>","protected":false},"excerpt":{"rendered":"<p>[vc_row full_width=&#8221;stretch_row&#8221; column_separator_row=&#8221;&#8221;][vc_column][gt3_spacing height=&#8221;57px&#8221; responsive_es=&#8221;true&#8221; height_mobile=&#8221;27&#8243;][\/vc_column][\/vc_row][vc_row full_width=&#8221;stretch_row&#8221; column_separator_row=&#8221;&#8221; css=&#8221;.vc_custom_1683716372639{margin-top: -80px !important;background-image: url(https:\/\/www.deltaspirit.es\/wp-content\/uploads\/2023\/05\/sobre-nosotros-1.jpg?id=5587) !important;background-position: center !important;background-repeat: no-repeat !important;background-size: cover !important;}&#8221;][vc_column width=&#8221;1\/2&#8243;][\/vc_column][vc_column width=&#8221;1\/2&#8243;][gt3_spacing height=&#8221;80px&#8221; responsive_es=&#8221;true&#8221; height_mobile=&#8221;0px&#8221;][gt3_custom_text text_color=&#8221;#27323d&#8221; font_size=&#8221;30&#8243; line_height=&#8221;160&#8243;]Sobre nosaltres [\/gt3_custom_text][gt3_spacing height=&#8221;18px&#8221;][gt3_custom_text text_color=&#8221;#28323e&#8221; font_size=&#8221;16&#8243; line_height=&#8221;190&#8243;]Som un equip d&#8217;instructors experimentats i apassionats pels esports aqu\u00e0tics com caiac, kitesurf, wingfoil, p\u00e0del surf i surf. &nbsp; Proporcionem als nostres alumnes [&hellip;]<\/p>\n","protected":false},"author":1,"featured_media":0,"parent":0,"menu_order":0,"comment_status":"closed","ping_status":"closed","template":"full-width.php","meta":{"_monsterinsights_skip_tracking":false,"_monsterinsights_sitenote_active":false,"_monsterinsights_sitenote_note":"","_monsterinsights_sitenote_category":0,"footnotes":""},"class_list":["post-5853","page","type-page","status-publish","hentry"],"aioseo_notices":[],"_links":{"self":[{"href":"https:\/\/www.deltaspirit.es\/ca\/wp-json\/wp\/v2\/pages\/5853","targetHints":{"allow":["GET"]}}],"collection":[{"href":"https:\/\/www.deltaspirit.es\/ca\/wp-json\/wp\/v2\/pages"}],"about":[{"href":"https:\/\/www.deltaspirit.es\/ca\/wp-json\/wp\/v2\/types\/page"}],"author":[{"embeddable":true,"href":"https:\/\/www.deltaspirit.es\/ca\/wp-json\/wp\/v2\/users\/1"}],"replies":[{"embeddable":true,"href":"https:\/\/www.deltaspirit.es\/ca\/wp-json\/wp\/v2\/comments?post=5853"}],"version-history":[{"count":3,"href":"https:\/\/www.deltaspirit.es\/ca\/wp-json\/wp\/v2\/pages\/5853\/revisions"}],"predecessor-version":[{"id":6108,"href":"https:\/\/www.deltaspirit.es\/ca\/wp-json\/wp\/v2\/pages\/5853\/revisions\/6108"}],"wp:attachment":[{"href":"https:\/\/www.deltaspirit.es\/ca\/wp-json\/wp\/v2\/media?parent=5853"}],"curies":[{"name":"wp","href":"https:\/\/api.w.org\/{rel}","templated":true}]}}