{"id":5856,"date":"2017-01-12T12:32:46","date_gmt":"2017-01-12T12:32:46","guid":{"rendered":"https:\/\/www.deltaspirit.es\/actividades\/"},"modified":"2023-07-07T09:06:52","modified_gmt":"2023-07-07T09:06:52","slug":"actividades","status":"publish","type":"page","link":"https:\/\/www.deltaspirit.es\/ca\/actividades\/","title":{"rendered":"Activitats"},"content":{"rendered":"<div class=\"wpb-content-wrapper\">[vc_row][vc_column][gt3_custom_text text_color=&#8221;#27323d&#8221; font_size=&#8221;30&#8243;]\n<p style=\"text-align: center;\"><strong>Trieu la vostra propera aventura<\/strong><\/p>\n[\/gt3_custom_text][gt3_spacing height=&#8221;22px&#8221;][vc_row_inner][vc_column_inner width=&#8221;5\/6&#8243; offset=&#8221;vc_col-sm-offset-1&#8243;][gt3_custom_text text_color=&#8221;#737d84&#8243; font_size=&#8221;16&#8243; line_height=&#8221;190&#8243;]Des de Delta Spirit\u00a0 us donem a triar entre una varietat d&#8217;activitats esportives aqu\u00e0tiques, perqu\u00e8 pugueu aprendre-les i progressar de forma efectiva i divertida, o practicar-les enmig dels impressionants paisatges naturals del Delta de l&#8217;Ebre.[\/gt3_custom_text][\/vc_column_inner][\/vc_row_inner][gt3_spacing height=&#8221;42px&#8221;][\/vc_column][\/vc_row][vc_row full_width=&#8221;stretch_row_content&#8221; gap=&#8221;15&#8243;][vc_column][vc_row_inner][vc_column_inner width=&#8221;5\/6&#8243; offset=&#8221;vc_col-md-offset-0 vc_col-md-4 vc_col-sm-offset-1&#8243;][gt3_services box_image=&#8221;5468&#8243; thumbnail=&#8221;3260&#8243; module_height=&#8221;420&#8243; custom_title_size=&#8221;67&#8243; use_theme_fonts_box_title=&#8221;&#8221; google_fonts_box_title=&#8221;font_family:Kaushan%20Script%3Aregular|font_style:400%20regular%3A400%3Anormal&#8221; title_color=&#8221;#ffffff&#8221; index_number_color=&#8221;rgba(255,255,255,0.2)&#8221; custom_content_size=&#8221;18&#8243; content_text_color=&#8221;#c9d4dc&#8221; box_hover_bg=&#8221;#28323e&#8221; title=&#8221;Kayak&#8221; content_text=&#8221;Els nostres kayaks s\u00f3n segurs i f\u00e0cils de manejar, de manera que qualsevol persona pot participar-hi, independentment del seu nivell d&#8217;experi\u00e8ncia. L&#8217;\u00fanic que demana el kayaks \u00e9s poder fer la tasca de remar durant la durada del trajecte.&#8221; link=&#8221;url:https%3A%2F%2Fwww.deltaspirit.es%2Fexperiencia%2Fkayak%2F|title:KAYAK&#8221;][gt3_spacing height=&#8221;30px&#8221;][gt3_services box_image=&#8221;5456&#8243; thumbnail=&#8221;3260&#8243; module_height=&#8221;420&#8243; custom_title_size=&#8221;67&#8243; use_theme_fonts_box_title=&#8221;&#8221; google_fonts_box_title=&#8221;font_family:Kaushan%20Script%3Aregular|font_style:400%20regular%3A400%3Anormal&#8221; title_color=&#8221;#ffffff&#8221; index_number_color=&#8221;rgba(255,255,255,0.2)&#8221; custom_content_size=&#8221;18&#8243; content_text_color=&#8221;#c9d4dc&#8221; box_hover_bg=&#8221;#28323e&#8221; title=&#8221;Paddlesurf&#8221; content_text=&#8221;\u00c9s una excel\u00b7lent manera d&#8217;exercitar el cos mentre gaudeixes de la bellesa del mar o dels rius. Amb el paddle surf, pots explorar noves \u00e0rees i gaudir d&#8217;una activitat relaxant alhora.&#8221; link=&#8221;url:https%3A%2F%2Fwww.deltaspirit.es%2Fexperiencia%2Fpaddle-surf%2F|title:PADDLE%20SURF&#8221;][gt3_spacing height=&#8221;30px&#8221;][\/vc_column_inner][vc_column_inner width=&#8221;5\/6&#8243; offset=&#8221;vc_col-md-offset-0 vc_col-md-4 vc_col-sm-offset-1&#8243;][gt3_services box_image=&#8221;5429&#8243; thumbnail=&#8221;3260&#8243; module_height=&#8221;420&#8243; rotate_direction=&#8221;top&#8221; custom_title_size=&#8221;67&#8243; use_theme_fonts_box_title=&#8221;&#8221; google_fonts_box_title=&#8221;font_family:Kaushan%20Script%3Aregular|font_style:400%20regular%3A400%3Anormal&#8221; title_color=&#8221;#ffffff&#8221; index_number_color=&#8221;rgba(255,255,255,0.2)&#8221; custom_content_size=&#8221;18&#8243; content_text_color=&#8221;#c9d4dc&#8221; box_hover_bg=&#8221;#28323e&#8221; title=&#8221;Kitesurf&#8221; content_text=&#8221;Delta Spirit ofereix cursos personalitzats de kitesurf adaptats a les teves necessitats i temps. Incloem tot el necessari als nostres preus, des de l&#8217;equipament fins als permisos de costes i ajuntament.&#8221; link=&#8221;url:https%3A%2F%2Fwww.deltaspirit.es%2Fexperiencia%2Fkitesurf%2F|title:KITESURF&#8221;][gt3_spacing height=&#8221;30px&#8221;][gt3_services box_image=&#8221;5464&#8243; thumbnail=&#8221;3260&#8243; module_height=&#8221;420&#8243; rotate_direction=&#8221;bottom&#8221; custom_title_size=&#8221;67&#8243; use_theme_fonts_box_title=&#8221;&#8221; google_fonts_box_title=&#8221;font_family:Kaushan%20Script%3Aregular|font_style:400%20regular%3A400%3Anormal&#8221; title_color=&#8221;#ffffff&#8221; index_number_color=&#8221;rgba(255,255,255,0.2)&#8221; custom_content_size=&#8221;18&#8243; content_text_color=&#8221;#c9d4dc&#8221; box_hover_bg=&#8221;#28323e&#8221; title=&#8221;Surf&#8221; content_text=&#8221;\u00c9s una excel\u00b7lent manera de mantenir-se en forma, millorar l&#8217;equilibri i connectar-se amb la natura. Si busques una activitat que et ofereix adrenalina i diversi\u00f3, el surf \u00e9s definitivament una opci\u00f3 a considerar.&#8221; link=&#8221;url:https%3A%2F%2Fwww.deltaspirit.es%2Fexperiencia%2Fsurf%2F|title:SURF&#8221;][gt3_spacing height=&#8221;30px&#8221;][\/vc_column_inner][vc_column_inner width=&#8221;5\/6&#8243; offset=&#8221;vc_col-md-offset-0 vc_col-md-4 vc_col-sm-offset-1&#8243;][gt3_services box_image=&#8221;5460&#8243; thumbnail=&#8221;3260&#8243; module_height=&#8221;420&#8243; rotate_direction=&#8221;right&#8221; custom_title_size=&#8221;67&#8243; use_theme_fonts_box_title=&#8221;&#8221; google_fonts_box_title=&#8221;font_family:Kaushan%20Script%3Aregular|font_style:400%20regular%3A400%3Anormal&#8221; title_color=&#8221;#ffffff&#8221; index_number_color=&#8221;rgba(255,255,255,0.2)&#8221; custom_content_size=&#8221;18&#8243; content_text_color=&#8221;#c9d4dc&#8221; box_hover_bg=&#8221;#28323e&#8221; title=&#8221;Wingfoil&#8221; content_text=&#8221;Si busques una nova experi\u00e8ncia aqu\u00e0tica emocionant i desafiant, el wingfoil \u00e9s una activitat aqu\u00e0tica emocionant que combina el kiteboarding, el windsurf i el surf, definitivament una opci\u00f3 a considerar.&#8221; link=&#8221;url:https%3A%2F%2Fwww.deltaspirit.es%2Fexperiencia%2Fwingfoil%2F|title:WINGFOIL&#8221;][gt3_spacing height=&#8221;30px&#8221;][gt3_services box_image=&#8221;5484&#8243; thumbnail=&#8221;3260&#8243; module_height=&#8221;420&#8243; rotate_direction=&#8221;right&#8221; custom_title_size=&#8221;67&#8243; use_theme_fonts_box_title=&#8221;&#8221; google_fonts_box_title=&#8221;font_family:Kaushan%20Script%3Aregular|font_style:400%20regular%3A400%3Anormal&#8221; title_color=&#8221;#ffffff&#8221; index_number_color=&#8221;rgba(255,255,255,0.2)&#8221; custom_content_size=&#8221;18&#8243; content_text_color=&#8221;#c9d4dc&#8221; box_hover_bg=&#8221;#28323e&#8221; title=&#8221;Bicicleta&#8221; content_text=&#8221;El nostre servei de lloguer de bicicletes us permet explorar el bell paisatge del Delta de l&#8217;Ebre al vostre propi ritme i de manera aut\u00f2noma. Les bicicletes estan equipades amb tot el necessari per fer una ruta c\u00f2moda i segura.&#8221; link=&#8221;url:https%3A%2F%2Fwww.deltaspirit.es%2Fexperiencia%2Fbicicleta%2F|title:BICICLETA&#8221;][gt3_spacing height=&#8221;30px&#8221;][\/vc_column_inner][\/vc_row_inner][gt3_spacing height=&#8221;73px&#8221; responsive_es=&#8221;true&#8221; height_mobile=&#8221;43&#8243;][\/vc_column][\/vc_row]\n<\/div>","protected":false},"excerpt":{"rendered":"<p>[vc_row][vc_column][gt3_custom_text text_color=&#8221;#27323d&#8221; font_size=&#8221;30&#8243;] Trieu la vostra propera aventura [\/gt3_custom_text][gt3_spacing height=&#8221;22px&#8221;][vc_row_inner][vc_column_inner width=&#8221;5\/6&#8243; offset=&#8221;vc_col-sm-offset-1&#8243;][gt3_custom_text text_color=&#8221;#737d84&#8243; font_size=&#8221;16&#8243; line_height=&#8221;190&#8243;]Des de Delta Spirit\u00a0 us donem a triar entre una varietat d&#8217;activitats esportives aqu\u00e0tiques, perqu\u00e8 pugueu aprendre-les i progressar de forma efectiva i divertida, o practicar-les enmig dels impressionants paisatges naturals del Delta de l&#8217;Ebre.[\/gt3_custom_text][\/vc_column_inner][\/vc_row_inner][gt3_spacing height=&#8221;42px&#8221;][\/vc_column][\/vc_row][vc_row full_width=&#8221;stretch_row_content&#8221; gap=&#8221;15&#8243;][vc_column][vc_row_inner][vc_column_inner width=&#8221;5\/6&#8243; offset=&#8221;vc_col-md-offset-0 vc_col-md-4 [&hellip;]<\/p>\n","protected":false},"author":1,"featured_media":0,"parent":0,"menu_order":0,"comment_status":"closed","ping_status":"closed","template":"","meta":{"_monsterinsights_skip_tracking":false,"_monsterinsights_sitenote_active":false,"_monsterinsights_sitenote_note":"","_monsterinsights_sitenote_category":0,"footnotes":""},"class_list":["post-5856","page","type-page","status-publish","hentry"],"aioseo_notices":[],"_links":{"self":[{"href":"https:\/\/www.deltaspirit.es\/ca\/wp-json\/wp\/v2\/pages\/5856","targetHints":{"allow":["GET"]}}],"collection":[{"href":"https:\/\/www.deltaspirit.es\/ca\/wp-json\/wp\/v2\/pages"}],"about":[{"href":"https:\/\/www.deltaspirit.es\/ca\/wp-json\/wp\/v2\/types\/page"}],"author":[{"embeddable":true,"href":"https:\/\/www.deltaspirit.es\/ca\/wp-json\/wp\/v2\/users\/1"}],"replies":[{"embeddable":true,"href":"https:\/\/www.deltaspirit.es\/ca\/wp-json\/wp\/v2\/comments?post=5856"}],"version-history":[{"count":4,"href":"https:\/\/www.deltaspirit.es\/ca\/wp-json\/wp\/v2\/pages\/5856\/revisions"}],"predecessor-version":[{"id":6182,"href":"https:\/\/www.deltaspirit.es\/ca\/wp-json\/wp\/v2\/pages\/5856\/revisions\/6182"}],"wp:attachment":[{"href":"https:\/\/www.deltaspirit.es\/ca\/wp-json\/wp\/v2\/media?parent=5856"}],"curies":[{"name":"wp","href":"https:\/\/api.w.org\/{rel}","templated":true}]}}