{"id":6336,"date":"2026-04-08T14:04:33","date_gmt":"2026-04-08T14:04:33","guid":{"rendered":"https:\/\/www.deltaspirit.es\/?page_id=6336"},"modified":"2026-04-09T07:29:11","modified_gmt":"2026-04-09T07:29:11","slug":"preguntes-frequents","status":"publish","type":"page","link":"https:\/\/www.deltaspirit.es\/ca\/preguntes-frequents\/","title":{"rendered":"Preguntes freq\u00fcents"},"content":{"rendered":"\n\n<h4 class=\"wp-block-heading\">1. \u00c9s necessari reservar amb antelaci\u00f3 per llogar un caiac o paddle surf?<\/h4>\n\n\n\n\n<p>Per a grups petits de 2 a 4 persones, podeu venir directament a la nostra base a la <strong>Platja del Trabucador<\/strong>. Tot i aix\u00f2, si sou un grup gran o vols assegurar-te la teva taula de SUP el cap de setmana, et recomanem escriure\u2019ns per WhatsApp per reservar-la.<\/p>\n\n\n\n\n<h4 class=\"wp-block-heading\">2. Qu\u00e8 passa si reservo una classe de kitesurf i no fa vent?<\/h4>\n\n\n\n\n<p>La seguretat i l\u2019aprenentatge s\u00f3n el primer. Si les condicions de vent no s\u00f3n \u00f2ptimes, ajornem la classe sense cap cost per a tu o la canviem per una altra activitat com classes de surf d\u2019iniciaci\u00f3 o rutes en caiac. Tu tries!<\/p>\n\n\n\n\n<h4 class=\"wp-block-heading\">3. A quina edat es pot comen\u00e7ar amb les classes de surf o kitesurf?<\/h4>\n\n\n\n\n<p>Per a les classes de surf d\u2019iniciaci\u00f3, els nens poden comen\u00e7ar a partir dels 6-7 anys, sempre que s\u00e0piguen nedar. Per al kitesurf, recomanem una edat m\u00ednima de 10-12 anys (depenent del pes i l\u2019al\u00e7ada) perqu\u00e8 puguin manejar l\u2019equip amb seguretat.<\/p>\n\n\n\n\n<h4 class=\"wp-block-heading\">4. \u00c9s perill\u00f3s fer caiac o SUP a la Platja del Trabucador?<\/h4>\n\n\n\n\n<p>Al contrari! La Badia dels Alfacs \u00e9s una de les zones m\u00e9s segures del <strong>Delta de l\u2019Ebre<\/strong>. Les seves aig\u00fces s\u00f3n molt poc profundes i tranquil\u00b7les, cosa que la converteix en el lloc ideal per a fam\u00edlies amb nens o persones que proven el paddle surf per primera vegada. Per\u00f2, de tota manera, us assessorarem perqu\u00e8 remeu a la millor hora del dia i la vostra experi\u00e8ncia sigui tan agradable com sigui possible.<\/p>\n\n\n\n\n<h4 class=\"wp-block-heading\">5. Com s\u00e9 si avui hi ha bones condicions per venir?<\/h4>\n\n\n\n\n<p>Al Delta el temps canvia r\u00e0pid. El millor \u00e9s que ens segueixis a les nostres xarxes socials o ens envi\u00efs un WhatsApp. Et donarem la previsi\u00f3 del vent i l\u2019estat del mar en temps real perqu\u00e8 no facis el viatge en va.<\/p>\n\n\n\n\n<p>&nbsp;<\/p>\n\n\n\n\n<p>&nbsp;<\/p>\n\n\n\n\n<p>&nbsp;<\/p>\n\n","protected":false},"excerpt":{"rendered":"<p>1. \u00c9s necessari reservar amb antelaci\u00f3 per llogar un caiac o paddle surf? Per a grups petits de 2 a 4 persones, podeu venir directament a la nostra base a la Platja del Trabucador. Tot i aix\u00f2, si sou un grup gran o vols assegurar-te la teva taula de SUP el cap de setmana, et [&hellip;]<\/p>\n","protected":false},"author":1,"featured_media":0,"parent":0,"menu_order":0,"comment_status":"closed","ping_status":"closed","template":"","meta":{"_monsterinsights_skip_tracking":false,"_monsterinsights_sitenote_active":false,"_monsterinsights_sitenote_note":"","_monsterinsights_sitenote_category":0,"footnotes":""},"class_list":["post-6336","page","type-page","status-publish","hentry"],"aioseo_notices":[],"_links":{"self":[{"href":"https:\/\/www.deltaspirit.es\/ca\/wp-json\/wp\/v2\/pages\/6336","targetHints":{"allow":["GET"]}}],"collection":[{"href":"https:\/\/www.deltaspirit.es\/ca\/wp-json\/wp\/v2\/pages"}],"about":[{"href":"https:\/\/www.deltaspirit.es\/ca\/wp-json\/wp\/v2\/types\/page"}],"author":[{"embeddable":true,"href":"https:\/\/www.deltaspirit.es\/ca\/wp-json\/wp\/v2\/users\/1"}],"replies":[{"embeddable":true,"href":"https:\/\/www.deltaspirit.es\/ca\/wp-json\/wp\/v2\/comments?post=6336"}],"version-history":[{"count":1,"href":"https:\/\/www.deltaspirit.es\/ca\/wp-json\/wp\/v2\/pages\/6336\/revisions"}],"predecessor-version":[{"id":6337,"href":"https:\/\/www.deltaspirit.es\/ca\/wp-json\/wp\/v2\/pages\/6336\/revisions\/6337"}],"wp:attachment":[{"href":"https:\/\/www.deltaspirit.es\/ca\/wp-json\/wp\/v2\/media?parent=6336"}],"curies":[{"name":"wp","href":"https:\/\/api.w.org\/{rel}","templated":true}]}}