{"id":5319,"date":"2017-01-11T13:25:51","date_gmt":"2017-01-11T13:25:51","guid":{"rendered":"https:\/\/www.deltaspirit.es\/inicio-2\/"},"modified":"2026-04-13T16:00:37","modified_gmt":"2026-04-13T16:00:37","slug":"inicio-2","status":"publish","type":"page","link":"https:\/\/www.deltaspirit.es\/fr\/","title":{"rendered":"Accueil"},"content":{"rendered":"<div class=\"wpb-content-wrapper\">[vc_row full_width=&#8221;stretch_row_content_no_spaces&#8221; column_separator_row=&#8221;&#8221; masked_row=&#8221;true&#8221; mask_image=&#8221;3693&#8243; css=&#8221;.vc_custom_1559728455567{margin-top: -80px !important;margin-bottom: -5px !important;}&#8221; el_id=&#8221;welcome_to_the_surfy&#8221;][vc_column][rev_slider_vc alias=&#8221;home_02&#8243;][\/vc_column][\/vc_row][vc_row full_width=&#8221;stretch_row&#8221; equal_height=&#8221;yes&#8221; column_separator_row=&#8221;&#8221; masked_row=&#8221;&#8221; css=&#8221;.vc_custom_1683708306446{margin-top: -10px !important;background-image: url(https:\/\/www.deltaspirit.es\/wp-content\/uploads\/2023\/05\/portada01.jpg?id=5379) !important;background-position: center !important;background-repeat: no-repeat !important;background-size: cover !important;}&#8221;][vc_column width=&#8221;1\/2&#8243;][\/vc_column][vc_column width=&#8221;1\/2&#8243; css=&#8221;.vc_custom_1526047180310{padding-right: 10% !important;padding-left: 10% !important;}&#8221;][gt3_spacing height=&#8221;63px&#8221; responsive_es=&#8221;true&#8221; height_mobile=&#8221;0px&#8221;][gt3_custom_text text_color=&#8221;#27323d&#8221; font_size=&#8221;70&#8243; line_height=&#8221;110&#8243; use_theme_fonts=&#8221;&#8221; google_fonts_text=&#8221;font_family:Kaushan%20Script%3Aregular|font_style:400%20regular%3A400%3Anormal&#8221; responsive_font=&#8221;true&#8221; font_size_mobile=&#8221;46&#8243; font_size_tablet=&#8221;46&#8243;]\n<p style=\"text-align: center;\">Pourquoi pratiquer des sports nautiques avec Delta Spirit ?<\/p>\n[\/gt3_custom_text][gt3_spacing height=&#8221;39px&#8221;][vc_separator color=&#8221;custom&#8221; el_width=&#8221;40px&#8221; accent_color=&#8221;#27323d&#8221;][gt3_spacing height=&#8221;41px&#8221;][gt3_custom_text text_color=&#8221;#28323e&#8221; font_size=&#8221;16&#8243; line_height=&#8221;190&#8243;]\n<p style=\"text-align: center;\">Parce qu&#8217;ils sont uniques pour de nombreuses raisons, mais comme le disent ceux d&#8217;entre nous qui s&#8217;y consacrent en le recommandant, ils sont une exp\u00e9rience unique. Ce sont des sports dans lesquels chacun s&#8217;adapte \u00e0 son style, son temps ou ses limites.<\/p>\n[\/gt3_custom_text][gt3_spacing height=&#8221;30px&#8221;][gt3_spacing height=&#8221;95px&#8221; responsive_es=&#8221;true&#8221; height_mobile=&#8221;55&#8243;][\/vc_column][\/vc_row][vc_row full_width=&#8221;stretch_row&#8221;][vc_column width=&#8221;5\/6&#8243; offset=&#8221;vc_col-sm-offset-1&#8243;][gt3_spacing height=&#8221;101px&#8221; responsive_es=&#8221;true&#8221; height_mobile=&#8221;70&#8243;][gt3_custom_text text_color=&#8221;#27323d&#8221; font_size=&#8221;30&#8243; line_height=&#8221;40&#8243;]\n<h3 style=\"text-align: center;\">Bienvenue chez DeltaSPIRIT :<br \/>Votre aventure au c\u0153ur du Delta de l\u2019\u00c8bre<\/h3>\n<p>&nbsp;[\/gt3_custom_text][gt3_custom_text text_color=&#8221;#27323d&#8221; font_size=&#8221;15&#8243;]\n<p style=\"text-align: center;\">Chez DeltaSPIRIT, nous transformons la <strong>plage du Trabucador<\/strong> en votre propre terrain de jeu. Nous sommes sp\u00e9cialistes des sports de vent et d\u2019eau dans l\u2019un des environnements naturels les plus sauvages et spectaculaires de Tarragone.<\/p>\n<p style=\"text-align: center;\">Vous recherchez de l\u2019adr\u00e9naline ou vous pr\u00e9f\u00e9rez le calme de la M\u00e9diterran\u00e9e ? Nous avons l\u2019activit\u00e9 parfaite pour vous :<\/p>\n<p style=\"text-align: center;\"><strong>\u00a0<\/strong><\/p>\n<p>&nbsp;<\/p>\n<p>&nbsp;[\/gt3_custom_text][gt3_spacing height=&#8221;21px&#8221;][gt3_spacing height=&#8221;43px&#8221;][\/vc_column][\/vc_row][vc_row full_width=&#8221;stretch_row_content&#8221; gap=&#8221;15&#8243;][vc_column][vc_row_inner][vc_column_inner width=&#8221;5\/6&#8243; offset=&#8221;vc_col-md-offset-0 vc_col-md-4 vc_col-sm-offset-1&#8243;][gt3_services box_image=&#8221;5468&#8243; thumbnail=&#8221;3260&#8243; module_height=&#8221;420&#8243; custom_title_size=&#8221;67&#8243; use_theme_fonts_box_title=&#8221;&#8221; google_fonts_box_title=&#8221;font_family:Kaushan%20Script%3Aregular|font_style:400%20regular%3A400%3Anormal&#8221; title_color=&#8221;#ffffff&#8221; index_number_color=&#8221;rgba(255,255,255,0.2)&#8221; custom_content_size=&#8221;18&#8243; content_text_color=&#8221;#c9d4dc&#8221; box_hover_bg=&#8221;#28323e&#8221; title=&#8221;Kayak&#8221; content_text=&#8221;Explorez la baie des Alfacs depuis l\u2019eau, de mani\u00e8re s\u00fbre, confortable et accessible \u00e0 tous. Nos kayaks sont faciles \u00e0 manier, il vous suffit donc d\u2019avoir envie de pagayer et de profiter de la nature.<br \/>\n&#8221; link=&#8221;url:https%3A%2F%2Fwww.deltaspirit.es%2Fexperiencia%2Fkayak%2F|title:KAYAK&#8221;][gt3_spacing height=&#8221;30px&#8221;][gt3_services box_image=&#8221;5456&#8243; thumbnail=&#8221;3260&#8243; module_height=&#8221;420&#8243; custom_title_size=&#8221;67&#8243; use_theme_fonts_box_title=&#8221;&#8221; google_fonts_box_title=&#8221;font_family:Kaushan%20Script%3Aregular|font_style:400%20regular%3A400%3Anormal&#8221; title_color=&#8221;#ffffff&#8221; index_number_color=&#8221;rgba(255,255,255,0.2)&#8221; custom_content_size=&#8221;18&#8243; content_text_color=&#8221;#c9d4dc&#8221; box_hover_bg=&#8221;#28323e&#8221; title=&#8221;Paddlesurf&#8221; content_text=&#8221;D\u00e9couvrez la baie des Alfacs \u00e0 votre rythme gr\u00e2ce \u00e0 une activit\u00e9 relaxante, amusante et parfaite pour profiter de l\u2019environnement. Une mani\u00e8re id\u00e9ale de se d\u00e9placer sur l\u2019eau et de se reconnecter \u00e0 la nature du Delta.&#8221; link=&#8221;url:https%3A%2F%2Fwww.deltaspirit.es%2Fexperiencia%2Fpaddle-surf%2F|title:PADDLE%20SURF&#8221;][gt3_spacing height=&#8221;30px&#8221;][\/vc_column_inner][vc_column_inner width=&#8221;5\/6&#8243; offset=&#8221;vc_col-md-offset-0 vc_col-md-4 vc_col-sm-offset-1&#8243;][gt3_services box_image=&#8221;5429&#8243; thumbnail=&#8221;3260&#8243; module_height=&#8221;420&#8243; rotate_direction=&#8221;top&#8221; custom_title_size=&#8221;67&#8243; use_theme_fonts_box_title=&#8221;&#8221; google_fonts_box_title=&#8221;font_family:Kaushan%20Script%3Aregular|font_style:400%20regular%3A400%3Anormal&#8221; title_color=&#8221;#ffffff&#8221; index_number_color=&#8221;rgba(255,255,255,0.2)&#8221; custom_content_size=&#8221;18&#8243; content_text_color=&#8221;#c9d4dc&#8221; box_hover_bg=&#8221;#28323e&#8221; title=&#8221;Kitesurf&#8221; content_text=&#8221;Apprenez en toute s\u00e9curit\u00e9 gr\u00e2ce \u00e0 nos cours de kitesurf pour tous les niveaux. Le Trabucador est le meilleur spot d\u2019Espagne gr\u00e2ce \u00e0 ses eaux peu profondes et \u00e0 ses vents constants.<br \/>\n&#8221; link=&#8221;url:https%3A%2F%2Fwww.deltaspirit.es%2Fexperiencia%2Fkitesurf%2F|title:KITESURF&#8221;][gt3_spacing height=&#8221;30px&#8221;][gt3_services box_image=&#8221;5464&#8243; thumbnail=&#8221;3260&#8243; module_height=&#8221;420&#8243; rotate_direction=&#8221;bottom&#8221; custom_title_size=&#8221;67&#8243; use_theme_fonts_box_title=&#8221;&#8221; google_fonts_box_title=&#8221;font_family:Kaushan%20Script%3Aregular|font_style:400%20regular%3A400%3Anormal&#8221; title_color=&#8221;#ffffff&#8221; index_number_color=&#8221;rgba(255,255,255,0.2)&#8221; custom_content_size=&#8221;18&#8243; content_text_color=&#8221;#c9d4dc&#8221; box_hover_bg=&#8221;#28323e&#8221; title=&#8221;Surf&#8221; content_text=&#8221;Profitez des journ\u00e9es de petites vagues pour vivre votre premi\u00e8re exp\u00e9rience sur une planche. Nos cours de surf pour d\u00e9butants sont amusants, s\u00fbrs et adapt\u00e9s \u00e0 tous les \u00e2ges.&#8221; link=&#8221;url:https%3A%2F%2Fwww.deltaspirit.es%2Fexperiencia%2Fsurf%2F|title:SURF&#8221;][gt3_spacing height=&#8221;30px&#8221;][\/vc_column_inner][vc_column_inner width=&#8221;5\/6&#8243; offset=&#8221;vc_col-md-offset-0 vc_col-md-4 vc_col-sm-offset-1&#8243;][gt3_services box_image=&#8221;5460&#8243; thumbnail=&#8221;3260&#8243; module_height=&#8221;420&#8243; rotate_direction=&#8221;right&#8221; custom_title_size=&#8221;67&#8243; use_theme_fonts_box_title=&#8221;&#8221; google_fonts_box_title=&#8221;font_family:Kaushan%20Script%3Aregular|font_style:400%20regular%3A400%3Anormal&#8221; title_color=&#8221;#ffffff&#8221; index_number_color=&#8221;rgba(255,255,255,0.2)&#8221; custom_content_size=&#8221;18&#8243; content_text_color=&#8221;#c9d4dc&#8221; box_hover_bg=&#8221;#28323e&#8221; title=&#8221;Wingfoil&#8221; content_text=&#8221;Si vous cherchez une nouvelle exp\u00e9rience aquatique \u00e0 la fois passionnante et stimulante, le wingfoil est une activit\u00e9 palpitante qui combine le kitesurf, la planche \u00e0 voile et le surf. C\u2019est sans aucun doute une option \u00e0 envisager.&#8221; link=&#8221;url:https%3A%2F%2Fwww.deltaspirit.es%2Fexperiencia%2Fwingfoil%2F|title:WINGFOIL&#8221;][gt3_spacing height=&#8221;30px&#8221;][gt3_services box_image=&#8221;5484&#8243; thumbnail=&#8221;3260&#8243; module_height=&#8221;420&#8243; rotate_direction=&#8221;right&#8221; custom_title_size=&#8221;67&#8243; use_theme_fonts_box_title=&#8221;&#8221; google_fonts_box_title=&#8221;font_family:Kaushan%20Script%3Aregular|font_style:400%20regular%3A400%3Anormal&#8221; title_color=&#8221;#ffffff&#8221; index_number_color=&#8221;rgba(255,255,255,0.2)&#8221; custom_content_size=&#8221;18&#8243; content_text_color=&#8221;#c9d4dc&#8221; box_hover_bg=&#8221;#28323e&#8221; title=&#8221;V\u00e9lo&#8221; content_text=&#8221;Notre service de location de v\u00e9los vous permet d\u2019explorer les magnifiques paysages du Delta de l\u2019\u00c8bre \u00e0 votre propre rythme et en toute autonomie. Les v\u00e9los sont \u00e9quip\u00e9s de tout le n\u00e9cessaire pour effectuer une balade confortable et en toute s\u00e9curit\u00e9.&#8221; link=&#8221;url:https%3A%2F%2Fwww.deltaspirit.es%2Fexperiencia%2Fbicicleta%2F|title:BICICLETA&#8221;][gt3_spacing height=&#8221;30px&#8221;][\/vc_column_inner][\/vc_row_inner][gt3_spacing height=&#8221;73px&#8221; responsive_es=&#8221;true&#8221; height_mobile=&#8221;43&#8243;][gt3_custom_text text_color=&#8221;#000000&#8243; font_size=&#8221;30&#8243;]\n<p style=\"text-align: center;\">Venez nous rendre visite dans notre \u00e9cole, directement sur le sable du Trabucador.<br \/>\u00c9quipement de premi\u00e8re qualit\u00e9, moniteurs certifi\u00e9s et passion commune pour la mer.<\/p>\n<h3 style=\"text-align: center;\">R\u00e9servez votre aventure d\u00e8s aujourd\u2019hui et vivez avec nous l\u2019esprit du Delta!<\/h3>\n<p>&nbsp;[\/gt3_custom_text][gt3_spacing height=&#8221;73px&#8221; responsive_es=&#8221;true&#8221; height_mobile=&#8221;43&#8243;][\/vc_column][\/vc_row][vc_row full_width=&#8221;stretch_row_content_no_spaces&#8221; equal_height=&#8221;yes&#8221; column_separator_row=&#8221;&#8221;][vc_column offset=&#8221;vc_col-md-6&#8243; css=&#8221;.vc_custom_1684832173526{background-image: url(https:\/\/www.deltaspirit.es\/wp-content\/uploads\/2023\/05\/SPIRITKITESCHOOL-KAYAK-PADEL-601.jpg?id=5860) !important;background-position: center !important;background-repeat: no-repeat !important;background-size: cover !important;}&#8221;][gt3_spacing height=&#8221;445px&#8221; responsive_es=&#8221;true&#8221; height_mobile=&#8221;410px&#8221;][\/vc_column][vc_column offset=&#8221;vc_col-md-6&#8243;][vc_row_inner equal_height=&#8221;yes&#8221; content_placement=&#8221;middle&#8221;][vc_column_inner width=&#8221;1\/2&#8243; css=&#8221;.vc_custom_1683713661297{background-image: url(https:\/\/www.deltaspirit.es\/wp-content\/uploads\/2023\/05\/entusiastas.jpg?id=5518) !important;background-position: center !important;background-repeat: no-repeat !important;background-size: cover !important;}&#8221;][gt3_spacing height=&#8221;59px&#8221;][gt3_counter icon_type=&#8221;none&#8221; counter_title=&#8221;Amateurs aquatiques satisfaits&#8221; counter_value=&#8221;5000&#8243; counter_value_size=&#8221;70&#8243; counter_value_color=&#8221;#ffffff&#8221; title_color=&#8221;#ffffff&#8221;][gt3_spacing height=&#8221;110px&#8221;][\/vc_column_inner][vc_column_inner width=&#8221;1\/2&#8243; css=&#8221;.vc_custom_1683713699994{background-image: url(https:\/\/www.deltaspirit.es\/wp-content\/uploads\/2023\/05\/experiencia.jpg?id=5522) !important;background-position: center !important;background-repeat: no-repeat !important;background-size: cover !important;}&#8221;][gt3_spacing height=&#8221;59px&#8221;][gt3_counter icon_type=&#8221;none&#8221; counter_title=&#8221;Ann\u00e9es d&#8217;exp\u00e9rience&#8221; counter_value=&#8221;20&#8243; counter_suffix=&#8221;+&#8221; counter_value_size=&#8221;70&#8243; counter_value_color=&#8221;#ffffff&#8221; title_color=&#8221;#ffffff&#8221;][gt3_spacing height=&#8221;110px&#8221;][\/vc_column_inner][\/vc_row_inner][vc_row_inner equal_height=&#8221;yes&#8221; content_placement=&#8221;middle&#8221;][vc_column_inner width=&#8221;1\/2&#8243; css=&#8221;.vc_custom_1683713741131{background-image: url(https:\/\/www.deltaspirit.es\/wp-content\/uploads\/2023\/05\/actividades-unicas.jpg?id=5526) !important;background-position: center !important;background-repeat: no-repeat !important;background-size: cover !important;}&#8221;][gt3_spacing height=&#8221;59px&#8221;][gt3_counter icon_type=&#8221;none&#8221; counter_title=&#8221;Activit\u00e9s uniques&#8221; counter_value=&#8221;6&#8243; counter_value_size=&#8221;70&#8243; counter_value_color=&#8221;#ffffff&#8221; title_color=&#8221;#ffffff&#8221;][gt3_spacing height=&#8221;110px&#8221;][\/vc_column_inner][vc_column_inner width=&#8221;1\/2&#8243; css=&#8221;.vc_custom_1683713803841{background-image: url(https:\/\/www.deltaspirit.es\/wp-content\/uploads\/2023\/05\/olas-surfeadas.jpg?id=5530) !important;background-position: center !important;background-repeat: no-repeat !important;background-size: cover !important;}&#8221;][gt3_spacing height=&#8221;59px&#8221;][gt3_counter icon_type=&#8221;none&#8221; counter_title=&#8221;Vagues surf\u00e9es&#8221; counter_value=&#8221;25000&#8243; counter_value_size=&#8221;70&#8243; counter_value_color=&#8221;#ffffff&#8221; title_color=&#8221;#ffffff&#8221;][gt3_spacing height=&#8221;110px&#8221;][\/vc_column_inner][\/vc_row_inner][\/vc_column][\/vc_row][vc_row full_width=&#8221;stretch_row&#8221; disable_element=&#8221;yes&#8221; column_separator_row=&#8221;&#8221; masked_row=&#8221;&#8221; css=&#8221;.vc_custom_1683199918188{margin-top: -10px !important;margin-bottom: -15px !important;background-image: url(https:\/\/livewp.site\/wp\/md\/surfy\/wp-content\/uploads\/sites\/43\/2018\/07\/bg_home_02_223.jpg?id=4048) !important;background-position: center !important;background-repeat: no-repeat !important;background-size: cover !important;}&#8221;][vc_column][gt3_spacing height=&#8221;62px&#8221; responsive_es=&#8221;true&#8221; height_mobile=&#8221;32&#8243;][gt3_featured_posts external_link_text=&#8221;View All&#8221; view_type=&#8221;type3&#8243; module_on_dark_bg=&#8221;yes&#8221; items_per_line=&#8221;3&#8243; spacing_beetween_items=&#8221;15&#8243; content_letter_count=&#8221;320&#8243; build_query=&#8221;size:3|order_by:date&#8221; external_link=&#8221;url:https%3A%2F%2Flivewp.site%2Fwp%2Fmd%2Fsurfy%2Fblog-fullwidth%2F|||&#8221;]<strong>Latest News<\/strong>[\/gt3_featured_posts][gt3_spacing height=&#8221;40px&#8221; responsive_es=&#8221;true&#8221; height_mobile=&#8221;0px&#8221;][vc_row_inner el_class=&#8221;gt3_brands_list&#8221;][vc_column_inner width=&#8221;1\/4&#8243;][gt3_spacing height=&#8221;47px&#8221; responsive_es=&#8221;true&#8221; height_mobile=&#8221;35&#8243;][vc_single_image image=&#8221;4765&#8243; img_size=&#8221;full&#8221; alignment=&#8221;center&#8221;][gt3_spacing height=&#8221;90px&#8221; responsive_es=&#8221;true&#8221; height_mobile=&#8221;33px&#8221;][\/vc_column_inner][vc_column_inner width=&#8221;1\/4&#8243;][gt3_spacing height=&#8221;47px&#8221; responsive_es=&#8221;true&#8221; height_mobile=&#8221;0px&#8221;][vc_single_image image=&#8221;4762&#8243; img_size=&#8221;full&#8221; alignment=&#8221;center&#8221;][gt3_spacing height=&#8221;90px&#8221; responsive_es=&#8221;true&#8221; height_mobile=&#8221;40px&#8221;][\/vc_column_inner][vc_column_inner width=&#8221;1\/4&#8243;][gt3_spacing height=&#8221;47px&#8221; responsive_es=&#8221;true&#8221; height_mobile=&#8221;0px&#8221;][vc_single_image image=&#8221;4756&#8243; img_size=&#8221;full&#8221; alignment=&#8221;center&#8221;][gt3_spacing height=&#8221;90px&#8221; responsive_es=&#8221;true&#8221; height_mobile=&#8221;40px&#8221;][\/vc_column_inner][vc_column_inner width=&#8221;1\/4&#8243;][gt3_spacing height=&#8221;47px&#8221; responsive_es=&#8221;true&#8221; height_mobile=&#8221;0px&#8221;][vc_single_image image=&#8221;4759&#8243; img_size=&#8221;full&#8221; alignment=&#8221;center&#8221;][gt3_spacing height=&#8221;90px&#8221; responsive_es=&#8221;true&#8221; height_mobile=&#8221;60&#8243;][\/vc_column_inner][\/vc_row_inner][gt3_spacing height=&#8221;12px&#8221; responsive_es=&#8221;true&#8221; height_mobile=&#8221;0px&#8221;][\/vc_column][\/vc_row][vc_row full_width=&#8221;stretch_row&#8221; column_separator_row=&#8221;&#8221; masked_row=&#8221;true&#8221; mask_image=&#8221;3692&#8243; css=&#8221;.vc_custom_1683547873506{background-image: url(https:\/\/www.deltaspirit.es\/wp-content\/uploads\/2023\/05\/deltabackground.png?id=4663) !important;background-position: center !important;background-repeat: no-repeat !important;background-size: cover !important;}&#8221;][vc_column][gt3_spacing height=&#8221;97px&#8221; responsive_es=&#8221;true&#8221; height_mobile=&#8221;47&#8243;][gt3_custom_text text_color=&#8221;#ffffff&#8221; font_size=&#8221;48&#8243; line_height=&#8221;100&#8243;]\n<p style=\"text-align: center;\"><span style=\"font-weight: 300;\" class=\"gt3_font-weight\">Appelle au <em>635-994-113<\/em><br \/>\n<\/span><\/p>\n<p>&nbsp;[\/gt3_custom_text][gt3_spacing height=&#8221;13px&#8221;][gt3_custom_text text_color=&#8221;#ffffff&#8221; font_size=&#8221;18&#8243; line_height=&#8221;190&#8243;]\n<p style=\"text-align: center;\"><span style=\"font-weight: 400;\" class=\"gt3_font-weight\">Chez Delta Spirit, nous t&#8217;attendons!<br \/>\n<\/span>[\/gt3_custom_text][gt3_spacing height=&#8221;59px&#8221;][gt3_button button_title=&#8221;Contact&#8221; button_size=&#8221;large&#8221; button_alignment=&#8221;center&#8221; btn_border_radius=&#8221;3px&#8221; use_theme_button=&#8221;&#8221; btn_bg_color=&#8221;#eb5e6e&#8221; btn_text_color=&#8221;#ffffff&#8221; btn_bg_color_hover=&#8221;#ffffff&#8221; btn_text_color_hover=&#8221;#eb5e6e&#8221; btn_icon_color=&#8221;#ffffff&#8221; btn_icon_color_hover=&#8221;#ffffff&#8221; btn_border_color=&#8221;#eb5e6e&#8221; btn_border_color_hover=&#8221;#ffffff&#8221; link=&#8221;url:https%3A%2F%2Fwww.deltaspirit.es%2Fcontacto%2F|title:Contacto&#8221;][gt3_spacing height=&#8221;103px&#8221;][gt3_custom_text text_color=&#8221;#909aa3&#8243; font_size=&#8221;16&#8243;]\n<p style=\"text-align: center;\">\u00a0<a class=\"gt3_icon_link gt3_custom_color\" href=\"https:\/\/www.instagram.com\/deltaspiritexperience\/\" target=\"_blank\" style=\"font-size: 20px; color: #909aa3; margin-right: 9px; margin-left: 9px; margin-top: 10px;\" rel=\"noopener noreferrer\"><i class=\"fa fa-instagram\">\u00a0<\/i><\/a><\/p>\n[\/gt3_custom_text][gt3_spacing height=&#8221;46px&#8221;][\/vc_column][\/vc_row][vc_row][vc_column][\/vc_column][\/vc_row]\n<\/div>","protected":false},"excerpt":{"rendered":"<p>[vc_row full_width=&#8221;stretch_row_content_no_spaces&#8221; column_separator_row=&#8221;&#8221; masked_row=&#8221;true&#8221; mask_image=&#8221;3693&#8243; css=&#8221;.vc_custom_1559728455567{margin-top: -80px !important;margin-bottom: -5px !important;}&#8221; el_id=&#8221;welcome_to_the_surfy&#8221;][vc_column][rev_slider_vc alias=&#8221;home_02&#8243;][\/vc_column][\/vc_row][vc_row full_width=&#8221;stretch_row&#8221; equal_height=&#8221;yes&#8221; column_separator_row=&#8221;&#8221; masked_row=&#8221;&#8221; css=&#8221;.vc_custom_1683708306446{margin-top: -10px !important;background-image: url(https:\/\/www.deltaspirit.es\/wp-content\/uploads\/2023\/05\/portada01.jpg?id=5379) !important;background-position: center !important;background-repeat: no-repeat !important;background-size: cover !important;}&#8221;][vc_column width=&#8221;1\/2&#8243;][\/vc_column][vc_column width=&#8221;1\/2&#8243; css=&#8221;.vc_custom_1526047180310{padding-right: 10% !important;padding-left: 10% !important;}&#8221;][gt3_spacing height=&#8221;63px&#8221; responsive_es=&#8221;true&#8221; height_mobile=&#8221;0px&#8221;][gt3_custom_text text_color=&#8221;#27323d&#8221; font_size=&#8221;70&#8243; line_height=&#8221;110&#8243; use_theme_fonts=&#8221;&#8221; google_fonts_text=&#8221;font_family:Kaushan%20Script%3Aregular|font_style:400%20regular%3A400%3Anormal&#8221; responsive_font=&#8221;true&#8221; font_size_mobile=&#8221;46&#8243; font_size_tablet=&#8221;46&#8243;] Pourquoi pratiquer des sports nautiques avec Delta Spirit ? [\/gt3_custom_text][gt3_spacing [&hellip;]<\/p>\n","protected":false},"author":1,"featured_media":0,"parent":0,"menu_order":0,"comment_status":"closed","ping_status":"closed","template":"full-width.php","meta":{"_monsterinsights_skip_tracking":false,"_monsterinsights_sitenote_active":false,"_monsterinsights_sitenote_note":"","_monsterinsights_sitenote_category":0,"footnotes":""},"class_list":["post-5319","page","type-page","status-publish","hentry"],"aioseo_notices":[],"_links":{"self":[{"href":"https:\/\/www.deltaspirit.es\/fr\/wp-json\/wp\/v2\/pages\/5319","targetHints":{"allow":["GET"]}}],"collection":[{"href":"https:\/\/www.deltaspirit.es\/fr\/wp-json\/wp\/v2\/pages"}],"about":[{"href":"https:\/\/www.deltaspirit.es\/fr\/wp-json\/wp\/v2\/types\/page"}],"author":[{"embeddable":true,"href":"https:\/\/www.deltaspirit.es\/fr\/wp-json\/wp\/v2\/users\/1"}],"replies":[{"embeddable":true,"href":"https:\/\/www.deltaspirit.es\/fr\/wp-json\/wp\/v2\/comments?post=5319"}],"version-history":[{"count":60,"href":"https:\/\/www.deltaspirit.es\/fr\/wp-json\/wp\/v2\/pages\/5319\/revisions"}],"predecessor-version":[{"id":6358,"href":"https:\/\/www.deltaspirit.es\/fr\/wp-json\/wp\/v2\/pages\/5319\/revisions\/6358"}],"wp:attachment":[{"href":"https:\/\/www.deltaspirit.es\/fr\/wp-json\/wp\/v2\/media?parent=5319"}],"curies":[{"name":"wp","href":"https:\/\/api.w.org\/{rel}","templated":true}]}}