{"id":5335,"date":"2018-02-26T10:09:43","date_gmt":"2018-02-26T10:09:43","guid":{"rendered":"https:\/\/www.deltaspirit.es\/instructores\/"},"modified":"2026-04-13T16:07:24","modified_gmt":"2026-04-13T16:07:24","slug":"instructores","status":"publish","type":"page","link":"https:\/\/www.deltaspirit.es\/fr\/instructores\/","title":{"rendered":"Instructeurs"},"content":{"rendered":"<div class=\"wpb-content-wrapper\">[vc_row full_width=&#8221;stretch_row&#8221; column_separator_row=&#8221;&#8221; masked_row=&#8221;&#8221; css=&#8221;.vc_custom_1683719069290{margin-top: -80px !important;background-image: url(https:\/\/www.deltaspirit.es\/wp-content\/uploads\/2023\/05\/instructores02.jpg?id=5626) !important;background-position: center !important;background-repeat: no-repeat !important;background-size: cover !important;}&#8221;][vc_column width=&#8221;1\/3&#8243;][\/vc_column][vc_column width=&#8221;2\/3&#8243; css=&#8221;.vc_custom_1526025460763{padding-left: 14% !important;}&#8221;][gt3_spacing height=&#8221;80px&#8221; responsive_es=&#8221;true&#8221; height_mobile=&#8221;0px&#8221;][gt3_custom_text text_color=&#8221;#27323d&#8221; font_size=&#8221;30&#8243; line_height=&#8221;155&#8243;]<strong>Nous avons le meilleur personnel<br \/>\n<\/strong>[\/gt3_custom_text][gt3_spacing height=&#8221;18px&#8221;][gt3_custom_text text_color=&#8221;#737d84&#8243; font_size=&#8221;16&#8243; line_height=&#8221;190&#8243;]<span>Les sports nautiques sont une activit\u00e9 passionnante et amusante, mais ils peuvent \u00eatre dangereux s&#8217;ils ne sont pas pratiqu\u00e9s avec prudence et l&#8217;accompagnement correct d&#8217;un moniteur. <\/span><\/p>\n<p><span>Nos moniteurs pratiquent et enseignent le kitesurf depuis 20 ans, et ils ont \u00e9galement la formation n\u00e9cessaire pour enseigner en toute s\u00e9curit\u00e9 et de mani\u00e8re professionnelle.<\/span><\/p>\n<ul class=\"gt3_list_angle_down\" style=\"margin-left: 22px; padding-top: 21px;\">\n<li>Ce sont des professeurs certifi\u00e9s au Registre Officiel des Professionnels du Sport de Catalogne (ROPEC).<\/li>\n<li>Ce sont des techniciens sportifs de niveau 1 sp\u00e9cialis\u00e9s dans le kitesurf.<\/li>\n<li>Ils sont certifi\u00e9s par l&#8217;International Kiteboarding Organization (IKO).<\/li>\n<li>Ce sont des professeurs de la F\u00e9d\u00e9ration Catalane de Voile (FCV).<\/li>\n<li>Ce sont des instructeurs de la F\u00e9d\u00e9ration Espagnole de Voile (FEV).<\/li>\n<\/ul>\n<p>&nbsp;[\/gt3_custom_text][gt3_spacing height=&#8221;27px&#8221;][gt3_spacing height=&#8221;106px&#8221; responsive_es=&#8221;true&#8221; height_mobile=&#8221;50&#8243;][\/vc_column][\/vc_row][vc_row full_width=&#8221;stretch_row&#8221; css=&#8221;.vc_custom_1526028290261{background-color: #28323e !important;}&#8221;][vc_column css=&#8221;.vc_custom_1522848871910{padding-bottom: 40px !important;}&#8221;][gt3_custom_text text_color=&#8221;#ffffff&#8221; font_size=&#8221;23&#8243; line_height=&#8221;155&#8243;]\n<p style=\"text-align: center;\"><strong>Notre \u00e9quipe<\/strong><\/p>\n[\/gt3_custom_text][gt3_custom_text text_color=&#8221;#ffffff&#8221; font_size=&#8221;15&#8243; line_height=&#8221;155&#8243;]\n<p style=\"text-align: center;\">Les sports nautiques sont une activit\u00e9 passionnante et amusante, mais ils peuvent \u00eatre dangereux s&#8217;ils ne sont pas pratiqu\u00e9s avec prudence et l&#8217;accompagnement correct d&#8217;un moniteur.<\/p>\n[\/gt3_custom_text][\/vc_column][\/vc_row][vc_row full_width=&#8221;stretch_row&#8221; css=&#8221;.vc_custom_1526028290261{background-color: #28323e !important;}&#8221;][vc_column width=&#8221;1\/2&#8243; css=&#8221;.vc_custom_1522848871910{padding-bottom: 40px !important;}&#8221;][gt3_spacing height=&#8221;66px&#8221; responsive_es=&#8221;true&#8221; height_tablet=&#8221;50&#8243; height_mobile=&#8221;30&#8243;][vc_hoverbox image=&#8221;5633&#8243; primary_title=&#8221;&#8221; hover_title=&#8221;Juanjo Garrit&#8221; el_width=&#8221;70&#8243;]Instructor chief<\/p>\n<p>IKO, FEV i ECV<\/p>\n<p>&nbsp;<\/p>\n<p>&nbsp;[\/vc_hoverbox][gt3_spacing height=&#8221;60px&#8221; responsive_es=&#8221;true&#8221; height_mobile=&#8221;10&#8243;][\/vc_column][vc_column width=&#8221;1\/2&#8243;][gt3_spacing height=&#8221;60px&#8221; responsive_es=&#8221;true&#8221; height_mobile=&#8221;10&#8243;][gt3_spacing height=&#8221;60px&#8221; responsive_es=&#8221;true&#8221; height_mobile=&#8221;10&#8243;][\/vc_column][\/vc_row]\n<\/div>","protected":false},"excerpt":{"rendered":"<p>[vc_row full_width=&#8221;stretch_row&#8221; column_separator_row=&#8221;&#8221; masked_row=&#8221;&#8221; css=&#8221;.vc_custom_1683719069290{margin-top: -80px !important;background-image: url(https:\/\/www.deltaspirit.es\/wp-content\/uploads\/2023\/05\/instructores02.jpg?id=5626) !important;background-position: center !important;background-repeat: no-repeat !important;background-size: cover !important;}&#8221;][vc_column width=&#8221;1\/3&#8243;][\/vc_column][vc_column width=&#8221;2\/3&#8243; css=&#8221;.vc_custom_1526025460763{padding-left: 14% !important;}&#8221;][gt3_spacing height=&#8221;80px&#8221; responsive_es=&#8221;true&#8221; height_mobile=&#8221;0px&#8221;][gt3_custom_text text_color=&#8221;#27323d&#8221; font_size=&#8221;30&#8243; line_height=&#8221;155&#8243;]Nous avons le meilleur personnel [\/gt3_custom_text][gt3_spacing height=&#8221;18px&#8221;][gt3_custom_text text_color=&#8221;#737d84&#8243; font_size=&#8221;16&#8243; line_height=&#8221;190&#8243;]Les sports nautiques sont une activit\u00e9 passionnante et amusante, mais ils peuvent \u00eatre dangereux s&#8217;ils ne sont pas pratiqu\u00e9s avec prudence [&hellip;]<\/p>\n","protected":false},"author":1,"featured_media":0,"parent":0,"menu_order":0,"comment_status":"closed","ping_status":"closed","template":"full-width.php","meta":{"_monsterinsights_skip_tracking":false,"_monsterinsights_sitenote_active":false,"_monsterinsights_sitenote_note":"","_monsterinsights_sitenote_category":0,"footnotes":""},"class_list":["post-5335","page","type-page","status-publish","hentry"],"aioseo_notices":[],"_links":{"self":[{"href":"https:\/\/www.deltaspirit.es\/fr\/wp-json\/wp\/v2\/pages\/5335","targetHints":{"allow":["GET"]}}],"collection":[{"href":"https:\/\/www.deltaspirit.es\/fr\/wp-json\/wp\/v2\/pages"}],"about":[{"href":"https:\/\/www.deltaspirit.es\/fr\/wp-json\/wp\/v2\/types\/page"}],"author":[{"embeddable":true,"href":"https:\/\/www.deltaspirit.es\/fr\/wp-json\/wp\/v2\/users\/1"}],"replies":[{"embeddable":true,"href":"https:\/\/www.deltaspirit.es\/fr\/wp-json\/wp\/v2\/comments?post=5335"}],"version-history":[{"count":12,"href":"https:\/\/www.deltaspirit.es\/fr\/wp-json\/wp\/v2\/pages\/5335\/revisions"}],"predecessor-version":[{"id":6366,"href":"https:\/\/www.deltaspirit.es\/fr\/wp-json\/wp\/v2\/pages\/5335\/revisions\/6366"}],"wp:attachment":[{"href":"https:\/\/www.deltaspirit.es\/fr\/wp-json\/wp\/v2\/media?parent=5335"}],"curies":[{"name":"wp","href":"https:\/\/api.w.org\/{rel}","templated":true}]}}