{"id":5828,"date":"2023-05-10T08:37:36","date_gmt":"2023-05-10T08:37:36","guid":{"rendered":"https:\/\/www.deltaspirit.es\/aviso-legal\/"},"modified":"2023-07-04T08:29:07","modified_gmt":"2023-07-04T08:29:07","slug":"aviso-legal","status":"publish","type":"page","link":"https:\/\/www.deltaspirit.es\/fr\/aviso-legal\/","title":{"rendered":"Avis l\u00e9gal"},"content":{"rendered":"\r\n<p><strong>LOI SUR LES SERVICES DE LA SOCI\u00c9T\u00c9 DE L&#8217;INFORMATION (LSSI)<\/strong><\/p>\r\n\r\n\r\n\r\n<p>Emili Soler Benaigues, responsable du site Web, ci-apr\u00e8s RESPONSABLE, met ce document \u00e0 la disposition des utilisateurs, avec lesquels il entend se conformer aux obligations \u00e9nonc\u00e9es dans la loi 34\/2002, du 11 juillet, sur les services d&#8217;information et de commerce \u00e9lectronique des entreprises (LSSICE ), BOE n\u00ba 166, ainsi que l&#8217;information de tous les utilisateurs du site sur les conditions d&#8217;utilisation.<\/p>\r\n\r\n\r\n\r\n<p>Toute personne qui acc\u00e8de \u00e0 ce site Web assume le r\u00f4le d&#8217;utilisateur, s&#8217;engageant \u00e0 observer et \u00e0 respecter strictement les dispositions \u00e9nonc\u00e9es dans les pr\u00e9sentes, ainsi que toute autre disposition l\u00e9gale applicable..&nbsp;<\/p>\r\n\r\n\r\n\r\n<p>CULTIDELTA&nbsp;se r\u00e9serve le droit de modifier tout type d&#8217;informations pouvant appara\u00eetre sur le site Web, sans qu&#8217;il y ait aucune obligation de notifier ou d&#8217;informer les utilisateurs de ces obligations, \u00e9tant entendu comme suffisant avec la publication sur le site Web de CULTIDELTA SL.<br><strong><br><br>1. DONN\u00c9ES D&#8217;IDENTIFICATION<\/strong><\/p>\r\n\r\n\r\n\r\n<p>Nom de domaine: http:\/\/www.deltaspirit.es\/<br><br>Nom commercial: Emili Soler Benaigues <\/p>\r\n\r\n\r\n\r\n<p>D\u00e9nomination sociale: Emili Soler Benaigues <br><br>NIF: 77116734B<\/p>\r\n\r\n\r\n\r\n<p>Adresse sociale: C\/ Goya, 42 \u2013 AMPOSTA (TARRAGONA)<\/p>\r\n\r\n\r\n\r\n<p>T\u00e9l\u00e9phone: 977053013<\/p>\r\n\r\n\r\n\r\n<p>email: <a href=\"mailto:spiritkiteschool@gmail.com\">spiritkiteschool@gmail.com<\/a><\/p>\r\n\r\n\r\n\r\n<p>Inscrite au Registre du Commerce de Tarragone : Volume 653, Feuille 142, Folio T-22076<br><br><br><strong>2. DROITS DE PROPRI\u00c9T\u00c9 INTELLECTUELLE&nbsp;ET INDUSTRIELLE<\/strong><\/p>\r\n\r\n\r\n\r\n<p>Le site web, y compris, mais sans s&#8217;y limiter, sa programmation, son \u00e9dition, sa compilation et tous les autres \u00e9l\u00e9ments n\u00e9cessaires \u00e0 son fonctionnement, les designs, les logos, le texte et\/ou les graphiques, sont la propri\u00e9t\u00e9 du RESPONSABLE ou, le cas \u00e9ch\u00e9ant, il dispose d&#8217;une licence ou d&#8217;une autorisation expresse des auteurs. Tous les contenus du site web sont d\u00fbment prot\u00e9g\u00e9s par la l\u00e9gislation sur la propri\u00e9t\u00e9 intellectuelle et industrielle, et sont \u00e9galement enregistr\u00e9s dans les registres publics correspondants.<br>Ind\u00e9pendamment de la finalit\u00e9 pour laquelle ils sont destin\u00e9s, la reproduction totale ou partielle, l&#8217;utilisation, l&#8217;exploitation, la distribution et la commercialisation des contenus du site web n\u00e9cessitent toujours une autorisation \u00e9crite pr\u00e9alable de la part du RESPONSABLE. Toute utilisation non autoris\u00e9e pr\u00e9alablement est consid\u00e9r\u00e9e comme une violation grave des droits de propri\u00e9t\u00e9 intellectuelle ou industrielle de l&#8217;auteur.<br>Les designs, logos, textes et\/ou graphiques qui n&#8217;appartiennent pas au RESPONSABLE et qui pourraient appara\u00eetre sur le site web sont la propri\u00e9t\u00e9 de leurs propri\u00e9taires respectifs, qui sont eux-m\u00eames responsables de toute \u00e9ventuelle controverse concernant ces \u00e9l\u00e9ments. LE RESPONSABLE&nbsp;Autorise express\u00e9ment les tiers \u00e0 rediriger directement vers des contenus sp\u00e9cifiques du site web, et en tout cas \u00e0 rediriger vers le site web principal de http:\/\/www.cultidelta.es\/.<br>Le RESPONSABLE reconna\u00eet les droits de propri\u00e9t\u00e9 intellectuelle et industrielle correspondants \u00e0 leurs titulaires, et leur simple mention ou apparition sur le site web n&#8217;implique pas l&#8217;existence de droits ou de responsabilit\u00e9 quelconque \u00e0 leur \u00e9gard, ni ne constitue une approbation, un parrainage ou une recommandation de leur part.<\/p>\r\n\r\n\r\n\r\n<p>Pour signaler toute violation \u00e9ventuelle des droits de propri\u00e9t\u00e9 intellectuelle ou industrielle, ainsi que pour tout commentaire concernant le contenu du site web, veuillez le faire par le biais de l&#8217;adresse e-mail suivante: <a href=\"mailto:spiritkiteschool@gmail.com\">spiritkiteschool@gmail.com<\/a>.<br><br><br><strong>3. EXCLUSION DE RESPONSABILIT\u00c9<\/strong><\/p>\r\n\r\n\r\n\r\n<p>Le RESPONSABLE se d\u00e9gage de toute responsabilit\u00e9 d\u00e9coulant des informations publi\u00e9es sur son site web, pour autant que ces informations aient \u00e9t\u00e9 manipul\u00e9es ou introduites par un tiers ext\u00e9rieur.<br><br><strong>Utilisation de Cookies<br><\/strong>Ce site Web de CULTIDELTA SL peut utiliser&nbsp;cookies techniques&nbsp;(petits fichiers d&#8217;informations que le serveur envoie \u00e0 l&#8217;ordinateur de la personne acc\u00e9dant \u00e0 la page) pour ex\u00e9cuter certaines fonctions consid\u00e9r\u00e9es comme essentielles au bon fonctionnement et \u00e0 l&#8217;affichage du site. Le&nbsp;cookies&nbsp;utilis\u00e9es sur le site sont, en tout \u00e9tat de cause, temporaires, dans le seul but de rendre la navigation plus efficace, et disparaissent \u00e0 la fin de la session de l&#8217;utilisateur. En aucun cas ces cookies ne fournissent par eux-m\u00eames des donn\u00e9es personnelles et ils ne seront pas utilis\u00e9s pour les collecter.<\/p>\r\n\r\n\r\n\r\n<p>Par l&#8217;utilisation de&nbsp;cookies&nbsp;il est \u00e9galement possible que le serveur sur lequel se trouve le site Web reconnaisse le navigateur utilis\u00e9 par l&#8217;utilisateur afin de faciliter la navigation, permettant, par exemple, l&#8217;acc\u00e8s des utilisateurs qui se sont pr\u00e9alablement inscrits aux zones, services, promotions ou concours r\u00e9serv\u00e9s exclusivement \u00e0 sans avoir \u00e0 s&#8217;inscrire \u00e0 chaque visite. Ils peuvent \u00e9galement \u00eatre utilis\u00e9s pour mesurer l&#8217;audience, les param\u00e8tres de fr\u00e9quentation, contr\u00f4ler la progression et le nombre d&#8217;entr\u00e9es, etc., dans ces cas les cookies \u00e9tant techniquement dispensables, mais b\u00e9n\u00e9fiques pour l&#8217;utilisateur. Ce site n&#8217;installera pas de cookies dispensables sans le consentement pr\u00e9alable de l&#8217;utilisateur.<\/p>\r\n\r\n\r\n\r\n<p>L&#8217;utilisateur a la possibilit\u00e9 de configurer son navigateur pour \u00eatre alert\u00e9 de la r\u00e9ception de&nbsp;cookiesy&nbsp;pour emp\u00eacher son installation sur votre ordinateur. Veuillez consulter les instructions de votre navigateur pour d\u00e9velopper ces informations.<br><br><strong>Politique de lien<br><\/strong>\u00c0 partir du site Web, vous pouvez \u00eatre redirig\u00e9 vers du contenu provenant de sites Web tiers. \u00c9tant donn\u00e9 que le RESPONSABLE ne peut pas toujours contr\u00f4ler les contenus introduits par des tiers sur leurs sites Web respectifs, il n&#8217;assume aucun type de responsabilit\u00e9 \u00e0 l&#8217;\u00e9gard de ces contenus. Dans tous les cas, il proc\u00e9dera au retrait imm\u00e9diat de tout contenu qui pourrait contrevenir \u00e0 la l\u00e9gislation nationale ou internationale, aux bonnes m\u0153urs ou \u00e0 l&#8217;ordre public, proc\u00e9dant au retrait imm\u00e9diat de la redirection vers ledit site internet, informant les autorit\u00e9s comp\u00e9tentes du contenu en question.<br>Le RESPONSABLE n&#8217;est pas responsable des informations&nbsp;et le contenu stock\u00e9, \u00e0 titre d&#8217;exemple mais non limitatif, dans des forums, des chats, des g\u00e9n\u00e9rateurs de blogs, des commentaires, des r\u00e9seaux sociaux ou tout autre moyen permettant \u00e0 des tiers de publier du contenu de mani\u00e8re ind\u00e9pendante sur le site Web du RESPONSABLE. Cependant,&nbsp;et dans le respect des dispositions des articles 11&nbsp;et 16 de la LSSICE, est mis \u00e0 la disposition de tous les utilisateurs, autorit\u00e9s&nbsp;et les forces de s\u00e9curit\u00e9, en collaboration&nbsp;activement en sevrage ou,&nbsp;le&nbsp;cas \u00e9ch\u00e9ant, blocage de tout contenu pouvant affecter ou contrevenir \u00e0 la l\u00e9gislation nationale ou internationale, aux droits des tiers ou aux bonnes moeurs&nbsp;et l&#8217;ordre public. Dans le cas o\u00f9 l&#8217;utilisateur consid\u00e8re qu&#8217;il&nbsp;existe sur le site un contenu susceptible d&#8217;\u00eatre susceptible de cette classification, merci de l&#8217;en&nbsp;informer&nbsp;imm\u00e9diatement \u00e0 l&#8217;administrateur du&nbsp;site Web.<br>Ce site Web a \u00e9t\u00e9 revu et test\u00e9 afin qu&#8217;il&nbsp;fonctionne correctement. En principe, vous pouvez garantir un fonctionnement correct 365 jours par an, 24 heures sur 24. Cependant, le RESPONSABLE n&#8217;exclut pas la possibilit\u00e9 qu&#8217;il y ait certaines erreurs de programmation, ou que des cas de force majeure, des catastrophes naturelles, des gr\u00e8ves ou des circonstances similaires se produisent qui rendent l&#8217;acc\u00e8s au site Web impossible.<br><br><strong>Adresses IP<br><\/strong>Les serveurs du&nbsp;site Web peuvent d\u00e9tecter automatiquement l&#8217;adresse IP&nbsp;et le nom de domaine utilis\u00e9 par l&#8217;utilisateur. Une adresse IP est un num\u00e9ro attribu\u00e9 automatiquement \u00e0 un ordinateur lorsqu&#8217;il se connecte \u00e0 Internet. Toutes ces informations sont enregistr\u00e9es dans un fichier d&#8217;activit\u00e9 du serveur d\u00fbment enregistr\u00e9 qui permet&nbsp;le&nbsp;traitement ult\u00e9rieur des donn\u00e9es&nbsp;afin d&#8217;obtenir uniquement des mesures statistiques permettant de conna\u00eetre le nombre d&#8217;impressions de pages, le nombre de visites effectu\u00e9es sur les serveurs Web, l&#8217;ordre des visites, le point d&#8217;acc\u00e8s, etc.<br><br><br><strong>4. LOI APPLICABLE&nbsp;ET JURIDICTION<\/strong><\/p>\r\n\r\n\r\n\r\n<p>Pour la r\u00e9solution de toutes controverses ou questions li\u00e9es&nbsp;avec ce&nbsp;site Web ou les activit\u00e9s dans&nbsp;d\u00e9velopp\u00e9 par lui, la l\u00e9gislation espagnole s&#8217;appliquera, \u00e0 laquelle les parties se soumettent express\u00e9ment, \u00e9tant comp\u00e9tente pour la r\u00e9solution de tous les conflits d\u00e9riv\u00e9s ou li\u00e9s&nbsp;\u00e0&nbsp;son utilisation, les Cours&nbsp;et Tribunaux les plus proches de l&#8217;AMPOSTA.<\/p>\r\n","protected":false},"excerpt":{"rendered":"<p>LOI SUR LES SERVICES DE LA SOCI\u00c9T\u00c9 DE L&#8217;INFORMATION (LSSI) Emili Soler Benaigues, responsable du site Web, ci-apr\u00e8s RESPONSABLE, met ce document \u00e0 la disposition des utilisateurs, avec lesquels il entend se conformer aux obligations \u00e9nonc\u00e9es dans la loi 34\/2002, du 11 juillet, sur les services d&#8217;information et de commerce \u00e9lectronique des entreprises (LSSICE ), [&hellip;]<\/p>\n","protected":false},"author":1,"featured_media":0,"parent":0,"menu_order":0,"comment_status":"closed","ping_status":"closed","template":"","meta":{"_monsterinsights_skip_tracking":false,"_monsterinsights_sitenote_active":false,"_monsterinsights_sitenote_note":"","_monsterinsights_sitenote_category":0,"footnotes":""},"class_list":["post-5828","page","type-page","status-publish","hentry"],"aioseo_notices":[],"_links":{"self":[{"href":"https:\/\/www.deltaspirit.es\/fr\/wp-json\/wp\/v2\/pages\/5828","targetHints":{"allow":["GET"]}}],"collection":[{"href":"https:\/\/www.deltaspirit.es\/fr\/wp-json\/wp\/v2\/pages"}],"about":[{"href":"https:\/\/www.deltaspirit.es\/fr\/wp-json\/wp\/v2\/types\/page"}],"author":[{"embeddable":true,"href":"https:\/\/www.deltaspirit.es\/fr\/wp-json\/wp\/v2\/users\/1"}],"replies":[{"embeddable":true,"href":"https:\/\/www.deltaspirit.es\/fr\/wp-json\/wp\/v2\/comments?post=5828"}],"version-history":[{"count":6,"href":"https:\/\/www.deltaspirit.es\/fr\/wp-json\/wp\/v2\/pages\/5828\/revisions"}],"predecessor-version":[{"id":5929,"href":"https:\/\/www.deltaspirit.es\/fr\/wp-json\/wp\/v2\/pages\/5828\/revisions\/5929"}],"wp:attachment":[{"href":"https:\/\/www.deltaspirit.es\/fr\/wp-json\/wp\/v2\/media?parent=5828"}],"curies":[{"name":"wp","href":"https:\/\/api.w.org\/{rel}","templated":true}]}}