{"id":5831,"date":"2023-05-08T09:58:49","date_gmt":"2023-05-08T09:58:49","guid":{"rendered":"https:\/\/www.deltaspirit.es\/mapa-web\/"},"modified":"2023-05-08T09:58:49","modified_gmt":"2023-05-08T09:58:49","slug":"mapa-web","status":"publish","type":"page","link":"https:\/\/www.deltaspirit.es\/fr\/mapa-web\/","title":{"rendered":"Mapa web"},"content":{"rendered":"\n<div class=\"wsp-container\"><h2 class=\"wsp-pages-title\">Pages<\/h2>\n<ul class=\"wsp-pages-list\">\n<li class=\"page_item page-item-5855\"><a href=\"https:\/\/www.deltaspirit.es\/fr\/sobre-nosotros\/\">\u00c0 propos de nous<\/a><\/li>\n<li class=\"page_item page-item-5843\"><a href=\"https:\/\/www.deltaspirit.es\/fr\/accesibilidad\/\">Accessibilit\u00e9<\/a><\/li>\n<li class=\"page_item page-item-5319\"><a href=\"https:\/\/www.deltaspirit.es\/fr\/\">Accueil<\/a><\/li>\n<li class=\"page_item page-item-5858 page_item_has_children\"><a href=\"https:\/\/www.deltaspirit.es\/fr\/actividades\/\">Activit\u00e9s<\/a>\n<ul class='children'>\n\t<li class=\"page_item page-item-5840\"><a href=\"https:\/\/www.deltaspirit.es\/fr\/actividades\/actividades-escolares\/\">Activit\u00e9s Scolaires<\/a><\/li>\n<\/ul>\n<\/li>\n<li class=\"page_item page-item-5828\"><a href=\"https:\/\/www.deltaspirit.es\/fr\/aviso-legal\/\">Avis l\u00e9gal<\/a><\/li>\n<li class=\"page_item page-item-5419\"><a href=\"https:\/\/www.deltaspirit.es\/fr\/contacto\/\">Contact<\/a><\/li>\n<li class=\"page_item page-item-5849\"><a href=\"https:\/\/www.deltaspirit.es\/fr\/paquete-escolar\/\">Forfait scolaire<\/a><\/li>\n<li class=\"page_item page-item-5846\"><a href=\"https:\/\/www.deltaspirit.es\/fr\/grupos\/\">Groupes<\/a><\/li>\n<li class=\"page_item page-item-5335\"><a href=\"https:\/\/www.deltaspirit.es\/fr\/instructores\/\">Instructeurs<\/a><\/li>\n<li class=\"page_item page-item-5831\"><a href=\"https:\/\/www.deltaspirit.es\/fr\/mapa-web\/\">Mapa web<\/a><\/li>\n<li class=\"page_item page-item-5834\"><a href=\"https:\/\/www.deltaspirit.es\/fr\/politica-de-cookies\/\">Pol\u00edtica de cookies<\/a><\/li>\n<li class=\"page_item page-item-5837\"><a href=\"https:\/\/www.deltaspirit.es\/fr\/politica-de-privacidad\/\">Politique de confidentialit\u00e9<\/a><\/li>\n<li class=\"page_item page-item-5852\"><a href=\"https:\/\/www.deltaspirit.es\/fr\/que-hacemos\/\">Que faisons nous<\/a><\/li>\n<li class=\"page_item page-item-6340\"><a href=\"https:\/\/www.deltaspirit.es\/fr\/questions-frequentes\/\">Questions fr\u00e9quentes<\/a><\/li>\n<\/ul>\n<\/div>\n","protected":false},"excerpt":{"rendered":"Pages \u00c0 propos de nous Accessibilit\u00e9 Accueil Activit\u00e9s Activit\u00e9s Scolaires Avis l\u00e9gal Contact Forfait scolaire Groupes Instructeurs Mapa web Pol\u00edtica de cookies Politique de confidentialit\u00e9 Que faisons nous Questions fr\u00e9quentes","protected":false},"author":1,"featured_media":0,"parent":0,"menu_order":0,"comment_status":"closed","ping_status":"closed","template":"","meta":{"_monsterinsights_skip_tracking":false,"_monsterinsights_sitenote_active":false,"_monsterinsights_sitenote_note":"","_monsterinsights_sitenote_category":0,"footnotes":""},"class_list":["post-5831","page","type-page","status-publish","hentry"],"aioseo_notices":[],"_links":{"self":[{"href":"https:\/\/www.deltaspirit.es\/fr\/wp-json\/wp\/v2\/pages\/5831","targetHints":{"allow":["GET"]}}],"collection":[{"href":"https:\/\/www.deltaspirit.es\/fr\/wp-json\/wp\/v2\/pages"}],"about":[{"href":"https:\/\/www.deltaspirit.es\/fr\/wp-json\/wp\/v2\/types\/page"}],"author":[{"embeddable":true,"href":"https:\/\/www.deltaspirit.es\/fr\/wp-json\/wp\/v2\/users\/1"}],"replies":[{"embeddable":true,"href":"https:\/\/www.deltaspirit.es\/fr\/wp-json\/wp\/v2\/comments?post=5831"}],"version-history":[{"count":0,"href":"https:\/\/www.deltaspirit.es\/fr\/wp-json\/wp\/v2\/pages\/5831\/revisions"}],"wp:attachment":[{"href":"https:\/\/www.deltaspirit.es\/fr\/wp-json\/wp\/v2\/media?parent=5831"}],"curies":[{"name":"wp","href":"https:\/\/api.w.org\/{rel}","templated":true}]}}