{"id":5837,"date":"2023-05-08T09:57:34","date_gmt":"2023-05-08T09:57:34","guid":{"rendered":"https:\/\/www.deltaspirit.es\/politica-de-privacidad\/"},"modified":"2023-07-05T10:57:22","modified_gmt":"2023-07-05T10:57:22","slug":"politica-de-privacidad","status":"publish","type":"page","link":"https:\/\/www.deltaspirit.es\/fr\/politica-de-privacidad\/","title":{"rendered":"Politique de confidentialit\u00e9"},"content":{"rendered":"\r\n<h2 class=\"wp-block-heading\">INFORMATIONS DE L&#8217;UTILISATEUR<\/h2>\r\n\r\n\r\n\r\n<p>Qui est responsable du traitement de vos donn\u00e9es personnelles ?<br>Emili Soler Benaigues est le RESPONSABLE du traitement des donn\u00e9es personnelles de l&#8217;UTILISATEUR et informe que ces donn\u00e9es seront trait\u00e9es conform\u00e9ment aux dispositions du R\u00e8glement (UE) 2016\/679 , du 27 avril (RGPD) et la loi organique 3\/2018 du 5 d\u00e9cembre (LOPDGDD).<br>Pourquoi traitons-nous vos donn\u00e9es personnelles\u00a0? <br>Maintenir une relation commerciale avec l&#8217;utilisateur. Les op\u00e9rations pr\u00e9vues pour r\u00e9aliser le traitement sont :<\/p>\r\n\r\n\r\n\r\n<ul class=\"wp-block-list\">\r\n<li>Envoi de communications publicitaires commerciales par email, fax, SMS, MMS, r\u00e9seaux sociaux ou tout autre moyen \u00e9lectronique ou physique, pr\u00e9sent ou futur, permettant de r\u00e9aliser des communications commerciales. Ces communications seront faites par le RESPONSABLE et seront li\u00e9es \u00e0 ses produits et services, ou \u00e0 ses collaborateurs ou fournisseurs, avec lesquels il a conclu un accord promotionnel. Dans ce cas, les tiers n&#8217;auront jamais acc\u00e8s aux donn\u00e9es personnelles.<\/li>\r\n\r\n\r\n\r\n<li>R\u00e9aliser des \u00e9tudes de march\u00e9 et des analyses statistiques.<\/li>\r\n\r\n\r\n\r\n<li>Traiter les commandes, les demandes, r\u00e9pondre aux questions ou \u00e0 tout type de demande formul\u00e9e par l&#8217;UTILISATEUR via l&#8217;un des formulaires de contact mis \u00e0 disposition sur le site Web du CONTR\u00d4LEUR.<\/li>\r\n\r\n\r\n\r\n<li>Envoyez la newsletter en ligne, sur les actualit\u00e9s, les offres et les promotions de notre activit\u00e9.<br>Pourquoi pouvons-nous traiter vos donn\u00e9es personnelles\u00a0?<br>Parce que le traitement est l\u00e9gitim\u00e9 par l&#8217;article 6 du RGPD de la mani\u00e8re suivante:<\/li>\r\n\r\n\r\n\r\n<li>Avec le consentement de l&#8217;UTILISATEUR : remise des communications commerciales et de la newsletter.<\/li>\r\n\r\n\r\n\r\n<li>Pour l&#8217;int\u00e9r\u00eat l\u00e9gitime du RESPONSABLE : r\u00e9aliser des \u00e9tudes de march\u00e9, des analyses statistiques, etc. et traiter les commandes, demandes, etc. \u00e0 la demande de l&#8217;UTILISATEUR.<br>Pendant combien de temps conserverons-nous vos donn\u00e9es personnelles\u00a0?<br>Elles ne seront pas conserv\u00e9es plus longtemps que n\u00e9cessaire pour maintenir l&#8217;objectif du traitement ou il existe des prescriptions l\u00e9gales qui dictent leur garde et quand il n&#8217;est plus n\u00e9cessaire pour Par cons\u00e9quent, ils seront supprim\u00e9s avec des mesures de s\u00e9curit\u00e9 ad\u00e9quates pour garantir l&#8217;anonymisation des donn\u00e9es ou leur destruction totale.<br>A qui fournissons-nous vos donn\u00e9es personnelles ?<br>Pas de communication de donn\u00e9es personnelles \u00e0 des tiers parties est pr\u00e9vue sauf, si cela \u00e9tait n\u00e9cessaire pour le d\u00e9veloppement et l&#8217;ex\u00e9cution des finalit\u00e9s du traitement, \u00e0 nos fournisseurs de services li\u00e9s aux communications, avec lesquels le RESPONSABLE a sign\u00e9 les contrats de confidentialit\u00e9 et le responsable du traitement requis par la r\u00e9glementation en vigueur en mati\u00e8re de confidentialit\u00e9.<br >Quels sont vos droits\u00a0?<br>Les droits qui assistent l&#8217;UTILISATEUR sont:<\/li>\r\n\r\n\r\n\r\n<li>Droit de retirer son consentement \u00e0 tout moment.<\/li>\r\n\r\n\r\n\r\n<li>Droit d&#8217;acc\u00e8s, de rectification, de portabilit\u00e9 et de suppression de vos donn\u00e9es, et de limitation ou d&#8217;opposition \u00e0 leur traitement.<\/li>\r\n\r\n\r\n\r\n<li>Droit de d\u00e9poser une r\u00e9clamation aupr\u00e8s de l&#8217;autorit\u00e9 de contr\u00f4le (www.aepd.es) si vous consid\u00e9rez que le traitement n&#8217;est pas conforme \u00e0 la r\u00e9glementation en vigueur.<br>Coordonn\u00e9es pour exercer vos droits\u00a0:<br>Emili Soler Benaigues Av. Riet 2 , Els Muntells 43879, Tarragona: <a href=\"mailto:info@deltaspirit.es\" target=\"_blank\" rel=\"noreferrer noopener\"><a href=\"mailto:spiritkiteschool@gmail.com\">spiritkiteschool@gmail.com<\/a><\/a><br><\/li>\r\n<\/ul>\r\n\r\n\r\n\r\n<ol class=\"wp-block-list\">\r\n<li>CARACTERE OBLIGATOIRE OU FACULTATIF DES INFORMATIONS FOURNIES PAR L&#8217;UTILISATEUR<br>UTILISATEURS, en cochant les cases correspondantes et en saisissant des donn\u00e9es dans les champs, marqu\u00e9s d&#8217;un ast\u00e9risque (*) dans le formulaire de contact ou pr\u00e9sent\u00e9s sous forme de t\u00e9l\u00e9chargement, express\u00e9ment et librement et acceptez sans \u00e9quivoque que vos donn\u00e9es soient n\u00e9cessaires pour r\u00e9pondre \u00e0 votre demande, par le pr\u00eateur, l&#8217;inclusion de donn\u00e9es dans les champs restants \u00e9tant volontaire. L&#8217;UTILISATEUR garantit que les donn\u00e9es personnelles fournies au RESPONSABLE sont v\u00e9ridiques et est responsable de la communication de toute modification de celles-ci.<br>Le RESPONSABLE informe que toutes les donn\u00e9es demand\u00e9es via le site Web sont obligatoires, car elles sont n\u00e9cessaires \u00e0 la fourniture d&#8217;un service optimal. service \u00e0 l&#8217;UTILISATEUR. Dans le cas o\u00f9 toutes les donn\u00e9es ne sont pas fournies, il n&#8217;est pas garanti que les informations et les services fournis soient compl\u00e8tement adapt\u00e9s \u00e0 vos besoins.<\/li>\r\n\r\n\r\n\r\n<li>MESURES DE S\u00c9CURIT\u00c9<br>Que conform\u00e9ment aux dispositions de la r\u00e9glementation en vigueur sur la protection des donn\u00e9es personnelles, le RESPONSABLE se conforme \u00e0 toutes les dispositions des r\u00e9glementations GDPR et LOPDGDD pour le traitement des donn\u00e9es personnelles sous sa responsabilit\u00e9, et manifestement aux principes d\u00e9crits dans article 5 du RGPD, par lequel elles sont trait\u00e9es de mani\u00e8re licite, loyale et transparente vis-\u00e0-vis de l&#8217;int\u00e9ress\u00e9 et ad\u00e9quates, pertinentes et limit\u00e9es \u00e0 ce qui est n\u00e9cessaire au regard des finalit\u00e9s pour lesquelles elles sont trait\u00e9es.<br> Le RESPONSABLE garantit que il a mis en place des politiques techniques et organisationnelles appropri\u00e9es pour appliquer les mesures de s\u00e9curit\u00e9 \u00e9tablies par le RGPD et la LOPDGDD afin de prot\u00e9ger les droits et libert\u00e9s des UTILISATEURS et a communiqu\u00e9 les informations appropri\u00e9es afin qu&#8217;ils puissent les exercer.<br>Pour plus d&#8217;informations sur garanties de confidentialit\u00e9, vous pouvez contacter le RESPONSABLE via Emili Soler Benaigues Av. Riet 2, Els Muntells 43879, Tarragone E-mail: <a href=\"mailto:info@deltaspirit.es\" target=\"_blank\" rel=\"noreferrer noopener\"><a href=\"mailto:spiritkiteschool@gmail.com\">spiritkiteschool@gmail.com<\/a><\/a><\/li>\r\n<\/ol>\r\n","protected":false},"excerpt":{"rendered":"<p>INFORMATIONS DE L&#8217;UTILISATEUR Qui est responsable du traitement de vos donn\u00e9es personnelles ?Emili Soler Benaigues est le RESPONSABLE du traitement des donn\u00e9es personnelles de l&#8217;UTILISATEUR et informe que ces donn\u00e9es seront trait\u00e9es conform\u00e9ment aux dispositions du R\u00e8glement (UE) 2016\/679 , du 27 avril (RGPD) et la loi organique 3\/2018 du 5 d\u00e9cembre (LOPDGDD).Pourquoi traitons-nous vos [&hellip;]<\/p>\n","protected":false},"author":1,"featured_media":0,"parent":0,"menu_order":0,"comment_status":"closed","ping_status":"closed","template":"","meta":{"_monsterinsights_skip_tracking":false,"_monsterinsights_sitenote_active":false,"_monsterinsights_sitenote_note":"","_monsterinsights_sitenote_category":0,"footnotes":""},"class_list":["post-5837","page","type-page","status-publish","hentry"],"aioseo_notices":[],"_links":{"self":[{"href":"https:\/\/www.deltaspirit.es\/fr\/wp-json\/wp\/v2\/pages\/5837","targetHints":{"allow":["GET"]}}],"collection":[{"href":"https:\/\/www.deltaspirit.es\/fr\/wp-json\/wp\/v2\/pages"}],"about":[{"href":"https:\/\/www.deltaspirit.es\/fr\/wp-json\/wp\/v2\/types\/page"}],"author":[{"embeddable":true,"href":"https:\/\/www.deltaspirit.es\/fr\/wp-json\/wp\/v2\/users\/1"}],"replies":[{"embeddable":true,"href":"https:\/\/www.deltaspirit.es\/fr\/wp-json\/wp\/v2\/comments?post=5837"}],"version-history":[{"count":1,"href":"https:\/\/www.deltaspirit.es\/fr\/wp-json\/wp\/v2\/pages\/5837\/revisions"}],"predecessor-version":[{"id":6080,"href":"https:\/\/www.deltaspirit.es\/fr\/wp-json\/wp\/v2\/pages\/5837\/revisions\/6080"}],"wp:attachment":[{"href":"https:\/\/www.deltaspirit.es\/fr\/wp-json\/wp\/v2\/media?parent=5837"}],"curies":[{"name":"wp","href":"https:\/\/api.w.org\/{rel}","templated":true}]}}