{"id":5846,"date":"2023-03-13T12:39:38","date_gmt":"2023-03-13T12:39:38","guid":{"rendered":"https:\/\/www.deltaspirit.es\/grupos\/"},"modified":"2023-07-04T11:32:03","modified_gmt":"2023-07-04T11:32:03","slug":"grupos","status":"publish","type":"page","link":"https:\/\/www.deltaspirit.es\/fr\/grupos\/","title":{"rendered":"Groupes"},"content":{"rendered":"<div class=\"wpb-content-wrapper\">[vc_row full_width=&#8221;stretch_row&#8221; column_separator_row=&#8221;&#8221; css=&#8221;.vc_custom_1683882690146{background-image: url(https:\/\/www.deltaspirit.es\/wp-content\/uploads\/2023\/05\/grupos-1.jpg?id=5764) !important;background-position: center !important;background-repeat: no-repeat !important;background-size: cover !important;}&#8221;][vc_column width=&#8221;1\/2&#8243;][\/vc_column][vc_column width=&#8221;1\/2&#8243;][gt3_spacing height=&#8221;80px&#8221; responsive_es=&#8221;true&#8221; height_mobile=&#8221;0px&#8221;][gt3_custom_text text_color=&#8221;#27323d&#8221; font_size=&#8221;30&#8243; line_height=&#8221;160&#8243;]\r\n<p><strong><span>Groupes<\/span><\/strong><\/p>\r\n[\/gt3_custom_text][gt3_spacing height=&#8221;18px&#8221;][gt3_custom_text text_color=&#8221;#28323e&#8221; font_size=&#8221;16&#8243; line_height=&#8221;190&#8243;]\r\n<p>Nous sommes pr\u00eats \u00e0 accueillir des groupes de toute taille. Qu&#8217;il s&#8217;agisse d&#8217;un grand groupe scolaire ou d&#8217;un petit groupe d&#8217;amis ou de coll\u00e8gues, nous avons l&#8217;exp\u00e9rience et l&#8217;\u00e9quipement n\u00e9cessaires pour offrir une exp\u00e9rience aquatique s\u00e9curitaire et excitante.<\/p>\r\n<!-- \/wp:post-content -->\r\n<p><!-- wp:paragraph -->Pour les sorties scolaires, nous proposons des visites guid\u00e9es en kayak ou en sup, o\u00f9 l&#8217;un de nos instructeurs experts dirigera l&#8217;activit\u00e9 et guidera le groupe dans l&#8217;eau. Cela garantit que le groupe est en s\u00e9curit\u00e9 et a une exp\u00e9rience amusante et \u00e9ducative en m\u00eame temps. Nous adaptons \u00e9galement l&#8217;itin\u00e9raire en fonction des besoins du groupe et de l&#8217;horaire.<\/p>\r\n<p>&nbsp;<\/p>\r\n<!-- \/wp:paragraph -->\r\n<p><!-- wp:paragraph -->Pour les petits groupes, nous proposons des excursions autonomes en kayak ou en sup. Dans ce cas, nous fournissons au groupe tout l&#8217;\u00e9quipement n\u00e9cessaire et leur donnons une br\u00e8ve orientation sur la technique et la s\u00e9curit\u00e9 dans l&#8217;eau. De l\u00e0, le groupe peut profiter du parcours \u00e0 son rythme et explorer les merveilles de l&#8217;eau \u00e0 sa guise.<\/p>\r\n<!-- \/wp:paragraph -->\r\n<p><!-- wp:paragraph -->Si vous \u00eates int\u00e9ress\u00e9 \u00e0 amener un groupe pour profiter de nos activit\u00e9s nautiques, nous vous encourageons \u00e0 nous contacter pour plus d&#8217;informations.<\/p>\r\n<!-- \/wp:paragraph -->\r\n<p>&nbsp;<\/p>\r\n<!-- wp:paragraph \/-->\r\n<p><span><!-- wp:paragraph \/--><\/span><\/p>\r\n<!-- wp:paragraph \/-->\r\n<p>&nbsp;<\/p>\r\n<p><span>\u00a0<\/span><\/p>\r\n[\/gt3_custom_text][\/vc_column][\/vc_row]<\/div>","protected":false},"excerpt":{"rendered":"<p>[vc_row full_width=&#8221;stretch_row&#8221; column_separator_row=&#8221;&#8221; css=&#8221;.vc_custom_1683882690146{background-image: url(https:\/\/www.deltaspirit.es\/wp-content\/uploads\/2023\/05\/grupos-1.jpg?id=5764) !important;background-position: center !important;background-repeat: no-repeat !important;background-size: cover !important;}&#8221;][vc_column width=&#8221;1\/2&#8243;][\/vc_column][vc_column width=&#8221;1\/2&#8243;][gt3_spacing height=&#8221;80px&#8221; responsive_es=&#8221;true&#8221; height_mobile=&#8221;0px&#8221;][gt3_custom_text text_color=&#8221;#27323d&#8221; font_size=&#8221;30&#8243; line_height=&#8221;160&#8243;] Groupes [\/gt3_custom_text][gt3_spacing height=&#8221;18px&#8221;][gt3_custom_text text_color=&#8221;#28323e&#8221; font_size=&#8221;16&#8243; line_height=&#8221;190&#8243;] Nous sommes pr\u00eats \u00e0 accueillir des groupes de toute taille. Qu&#8217;il s&#8217;agisse d&#8217;un grand groupe scolaire ou d&#8217;un petit groupe d&#8217;amis ou de coll\u00e8gues, nous avons l&#8217;exp\u00e9rience et l&#8217;\u00e9quipement [&hellip;]<\/p>\n","protected":false},"author":1,"featured_media":0,"parent":0,"menu_order":0,"comment_status":"closed","ping_status":"closed","template":"","meta":{"_monsterinsights_skip_tracking":false,"_monsterinsights_sitenote_active":false,"_monsterinsights_sitenote_note":"","_monsterinsights_sitenote_category":0,"footnotes":""},"class_list":["post-5846","page","type-page","status-publish","hentry"],"aioseo_notices":[],"_links":{"self":[{"href":"https:\/\/www.deltaspirit.es\/fr\/wp-json\/wp\/v2\/pages\/5846","targetHints":{"allow":["GET"]}}],"collection":[{"href":"https:\/\/www.deltaspirit.es\/fr\/wp-json\/wp\/v2\/pages"}],"about":[{"href":"https:\/\/www.deltaspirit.es\/fr\/wp-json\/wp\/v2\/types\/page"}],"author":[{"embeddable":true,"href":"https:\/\/www.deltaspirit.es\/fr\/wp-json\/wp\/v2\/users\/1"}],"replies":[{"embeddable":true,"href":"https:\/\/www.deltaspirit.es\/fr\/wp-json\/wp\/v2\/comments?post=5846"}],"version-history":[{"count":2,"href":"https:\/\/www.deltaspirit.es\/fr\/wp-json\/wp\/v2\/pages\/5846\/revisions"}],"predecessor-version":[{"id":6027,"href":"https:\/\/www.deltaspirit.es\/fr\/wp-json\/wp\/v2\/pages\/5846\/revisions\/6027"}],"wp:attachment":[{"href":"https:\/\/www.deltaspirit.es\/fr\/wp-json\/wp\/v2\/media?parent=5846"}],"curies":[{"name":"wp","href":"https:\/\/api.w.org\/{rel}","templated":true}]}}