{"id":5849,"date":"2023-03-13T12:39:38","date_gmt":"2023-03-13T12:39:38","guid":{"rendered":"https:\/\/www.deltaspirit.es\/paquete-escolar\/"},"modified":"2023-07-05T08:45:05","modified_gmt":"2023-07-05T08:45:05","slug":"paquete-escolar","status":"publish","type":"page","link":"https:\/\/www.deltaspirit.es\/fr\/paquete-escolar\/","title":{"rendered":"Forfait scolaire"},"content":{"rendered":"<div class=\"wpb-content-wrapper\">[vc_row full_width=&#8221;stretch_row&#8221; column_separator_row=&#8221;&#8221; css=&#8221;.vc_custom_1683883193201{margin-top: -80px !important;background-image: url(https:\/\/www.deltaspirit.es\/wp-content\/uploads\/2023\/05\/escolar.jpg?id=5773) !important;background-position: center !important;background-repeat: no-repeat !important;background-size: cover !important;}&#8221;][vc_column width=&#8221;1\/2&#8243;][\/vc_column][vc_column width=&#8221;1\/2&#8243;][gt3_spacing height=&#8221;80px&#8221; responsive_es=&#8221;true&#8221; height_mobile=&#8221;0px&#8221;][gt3_custom_text text_color=&#8221;#27323d&#8221; font_size=&#8221;30&#8243; line_height=&#8221;160&#8243;]<strong><span>Forfait scolaire<\/span><\/strong>[\/gt3_custom_text][gt3_spacing height=&#8221;18px&#8221;][gt3_custom_text text_color=&#8221;#28323e&#8221; font_size=&#8221;16&#8243; line_height=&#8221;190&#8243;]<span>D\u00e9couvrez un monde d&#8217;\u00e9motions et d&#8217;aventures aquatiques avec notre forfait scolaire ! Nous sommes ravis d&#8217;offrir aux \u00e9coles une occasion unique pour leurs \u00e9l\u00e8ves d&#8217;explorer le monde merveilleux du kayak, de la planche \u00e0 voile, du paddle surf et de nombreuses autres activit\u00e9s nautiques passionnantes.<\/span>[\/gt3_custom_text][gt3_spacing height=&#8221;17px&#8221;][gt3_custom_text text_color=&#8221;#28323e&#8221; font_size=&#8221;16&#8243; line_height=&#8221;190&#8243;]<span>Notre forfait scolaire est con\u00e7u pour que les \u00e9l\u00e8ves apprennent, s&#8217;amusent et profitent de journ\u00e9es inoubliables \u00e0 la plage. Nous offrons des programmes adapt\u00e9s \u00e0 diff\u00e9rents \u00e2ges et niveaux de comp\u00e9tence, de d\u00e9butant \u00e0 avanc\u00e9. Notre \u00e9quipe d&#8217;instructeurs hautement qualifi\u00e9s et exp\u00e9riment\u00e9s assure une exp\u00e9rience s\u00e9curitaire et amusante pour tous.<\/span>[\/gt3_custom_text][gt3_spacing height=&#8221;40px&#8221;][gt3_spacing height=&#8221;120px&#8221; responsive_es=&#8221;true&#8221; height_mobile=&#8221;60&#8243;][\/vc_column][\/vc_row][vc_row full_width=&#8221;stretch_row&#8221; column_separator_row=&#8221;&#8221; masked_row=&#8221;&#8221;][vc_column css=&#8221;.vc_custom_1683113580050{margin-top: 20px !important;}&#8221;][vc_column_text css=&#8221;.vc_custom_1683883349408{margin-bottom: 10px !important;}&#8221;]\n<p style=\"text-align: left;\"><strong>PACK 5 JOURS \/ 4 NUITS<\/strong><br \/>\nPlanification d&#8217;activit\u00e9s scolaires dans le delta de l&#8217;\u00c8bre pour 100 personnes par jour.<\/p>\n<p>&nbsp;<\/p>\n<div class=\"row\">\n<div class=\"span6\">\n<p>&nbsp;<\/p>\n<p style=\"text-align: left;\"><strong>Jour 1 LUNDI:<\/strong><\/p>\n<p style=\"text-align: left;\">Itin\u00e9raire de kayak et de paddlesurf vers Trabucador.<br \/>\nHeures d&#8217;activit\u00e9 de 10h30 \u00e0 13h00.<br \/>\nObservation des flamants roses et des oiseaux typiques du Delta pendant le parcours.<br \/>\nPrix\/personne par activit\u00e9 : 15,50 \u20ac.<\/p>\n<p>&nbsp;<\/p>\n<p style=\"text-align: left;\"><strong>Jour 2 MARDI:<\/strong><br \/>\nRoute Illa de Gr\u00e0cia le long de la rivi\u00e8re guid\u00e9e en kayak.<br \/>\nHeures d&#8217;activit\u00e9 de 9h30 \u00e0 13h30.<br \/>\nPr\u00e9sentation du mat\u00e9riel \u00e0 utiliser et des consignes de s\u00e9curit\u00e9 pour mener \u00e0 bien l&#8217;activit\u00e9.<br \/>\nPrix\/personne par activit\u00e9 : 15,50 \u20ac.<br \/>\nMat\u00e9riel inclus : kayaks, bras de sauvetage homologu\u00e9s, pagaies de kayak.<\/p>\n<p>&nbsp;<\/p>\n<p style=\"text-align: left;\"><strong>Jour 3 MERCREDI:<\/strong><br \/>\nParcours \u00e0 v\u00e9lo le long de la voie verte.<br \/>\nHeures d&#8217;activit\u00e9 de 9h30 \u00e0 13h30.<br \/>\nLa sortie du parcours se fera de l&#8217;auberge vers l&#8217;embouchure de la rivi\u00e8re le long de la voie verte qui longe la rivi\u00e8re.<br \/>\nPossibilit\u00e9 de faire 2 groupes, un le matin et un l&#8217;apr\u00e8s-midi.<br \/>\nPrix\/personne par activit\u00e9 : 15,50 \u20ac.<br \/>\nTarif v\u00e9lo : 7 \u20ac.<br \/>\nMat\u00e9riel inclus : armilla r\u00e9fl\u00e9chissante, casque.<\/p>\n<\/div>\n<div class=\"span6\">\n<p>&nbsp;<\/p>\n<p style=\"text-align: left;\"><strong>Jour 4 JEUDI:<\/strong><br \/>\nParcours kayak sur la rivi\u00e8re.<br \/>\nLe d\u00e9part de l&#8217;itin\u00e9raire se fera d&#8217;Illa de Gr\u00e0cia jusqu&#8217;au club d&#8217;aviron de Deltebre situ\u00e9 \u00e0 quelques kilom\u00e8tres en dessous du point de d\u00e9part.<br \/>\nPrix\/personne par activit\u00e9 : 15,50 \u20ac.<br \/>\nMat\u00e9riel inclus : kayaks, bras de sauvetage homologu\u00e9s, pagaies de kayak.<\/p>\n<p>&nbsp;<\/p>\n<p style=\"text-align: left;\"><strong>Jour 5 VENDREDI:<\/strong><br \/>\nMulti-activit\u00e9s \u00e0 Trabucador.<br \/>\n70 personnes r\u00e9parties en 5 groupes :<br \/>\nGroupe 1 de 14 personnes : parcours v\u00e9lo jusqu&#8217;au bar Trabucador.<br \/>\nGroupe 2 de 14 personnes : cours d&#8217;initiation au surf\/paddlesurf.<br \/>\nGroupe 3 de 14 personnes : cours d&#8217;initiation au kitesurf et au wingfoil avec paddlesurf.<br \/>\nGroupe 4 de 14 personnes : parcours kayak. Ce groupe aura un plus grand nombre d&#8217;\u00e9tudiants.<br \/>\nGroupe 5 de 14 personnes : jeux avec Bigpaddelsurf.<br \/>\nLa dur\u00e9e de chaque activit\u00e9 est de 1h afin que tout le groupe puisse r\u00e9aliser les activit\u00e9s.<br \/>\nPrix\/personne par activit\u00e9 : 15,50 \u20ac.<br \/>\nMat\u00e9riel inclus : v\u00e9lo, voiles de kitesurf, planches de paddlesurf, armillas de sauveteur agr\u00e9\u00e9es, wingfoils, combinaisons.<br \/>\nLe prix du v\u00e9lo est inclus dans l&#8217;activit\u00e9 de cette journ\u00e9e.<\/p>\n<\/div>\n<\/div>\n<p>&nbsp;<\/p>\n<p>&nbsp;<\/p>\n<p style=\"text-align: left;\"><strong>Frais de scolarit\u00e9 Xanascat Hostel 2023<\/strong><\/p>\n<p style=\"text-align: left;\">Vous trouverez ci-dessous les diff\u00e9rentes options de haute et basse saison, ainsi que les services qu&#8217;elles proposent.<\/p>\n<table class=\"alignleft\" border=\"1\" width=\"566\" cellspacing=\"0\" cellpadding=\"7\">\n<tbody>\n<tr valign=\"TOP\">\n<td rowspan=\"2\" width=\"60\">(10% VAT included)<\/td>\n<td colspan=\"2\" width=\"146\">\n<p align=\"CENTER\">PE<\/p>\n<\/td>\n<td colspan=\"2\" width=\"152\">\n<p align=\"CENTER\">MP<\/p>\n<\/td>\n<td colspan=\"2\" width=\"151\">\n<p align=\"CENTER\">PC<\/p>\n<\/td>\n<\/tr>\n<tr valign=\"TOP\">\n<td width=\"63\">\n<p align=\"CENTER\">BS<\/p>\n<\/td>\n<td width=\"69\">\n<p align=\"CENTER\">HS<\/p>\n<\/td>\n<td width=\"69\">\n<p align=\"CENTER\">BS<\/p>\n<\/td>\n<td width=\"69\">\n<p align=\"CENTER\">HS<\/p>\n<\/td>\n<td width=\"69\">\n<p align=\"CENTER\">BS<\/p>\n<\/td>\n<td width=\"68\">\n<p align=\"CENTER\">HS<\/p>\n<\/td>\n<\/tr>\n<tr valign=\"TOP\">\n<td width=\"60\">S\u00e9jours de + 1 nuit<\/td>\n<td width=\"63\">\n<p align=\"CENTER\">14,80 \u20ac<\/p>\n<\/td>\n<td width=\"69\">\n<p align=\"CENTER\">18,80 \u20ac<\/p>\n<\/td>\n<td width=\"69\">\n<p align=\"CENTER\">24,40 \u20ac<\/p>\n<\/td>\n<td width=\"69\">\n<p align=\"CENTER\">28,40 \u20ac<\/p>\n<\/td>\n<td width=\"69\">\n<p align=\"CENTER\">31,80 \u20ac<\/p>\n<\/td>\n<td width=\"68\">\n<p align=\"CENTER\">35,80 \u20ac<\/p>\n<\/td>\n<\/tr>\n<tr valign=\"TOP\">\n<td width=\"60\">S\u00e9jours 1 nuit<\/td>\n<td width=\"63\">\n<p align=\"CENTER\">14,80 \u20ac<\/p>\n<\/td>\n<td width=\"69\">\n<p align=\"CENTER\">20,40 \u20ac<\/p>\n<\/td>\n<td width=\"69\">\n<p align=\"CENTER\">24,40 \u20ac<\/p>\n<\/td>\n<td width=\"69\">\n<p align=\"CENTER\">30,00 \u20ac<\/p>\n<\/td>\n<td width=\"69\">\n<p align=\"CENTER\">31,80 \u20ac<\/p>\n<\/td>\n<td width=\"68\">\n<p align=\"CENTER\">37,40 \u20ac<\/p>\n<\/td>\n<\/tr>\n<\/tbody>\n<\/table>\n<p style=\"text-align: left;\">Promotions aux professeurs : 1 accompagnateur gratuit pour 10 ou 20 \u00e9l\u00e8ves s&#8217;ils font ou ne font pas respectivement les activit\u00e9s scolaires.<\/p>\n<table class=\"alignleft\" border=\"1\" width=\"566\" cellspacing=\"0\" cellpadding=\"7\">\n<tbody>\n<tr valign=\"TOP\">\n<td width=\"476\">Service<\/td>\n<td width=\"60\">Prix<\/td>\n<\/tr>\n<tr valign=\"TOP\">\n<td width=\"476\">Location de draps (\u00e9tudiants)<\/td>\n<td width=\"60\">3,70 \u20ac<\/td>\n<\/tr>\n<tr valign=\"TOP\">\n<td width=\"476\">Snack simple : boisson (eau ou jus) + biscuits ou viennoiseries ou pain avec compl\u00e9ment<\/td>\n<td width=\"60\">1,30 \u20ac<\/td>\n<\/tr>\n<tr valign=\"TOP\">\n<td width=\"476\">Collation compl\u00e8te : boisson (eau, jus ou smoothie) + sandwich ou pain avec compl\u00e9ment + biscuits ou fruit ou laitage<\/td>\n<td width=\"60\">3,30 \u20ac<\/td>\n<\/tr>\n<tr valign=\"TOP\">\n<td width=\"476\">Nourriture suppl\u00e9mentaire<\/td>\n<td width=\"60\">9,30 \u20ac<\/td>\n<\/tr>\n<\/tbody>\n<\/table>\n<p style=\"text-align: left;\">Go\u00fbter inclus dans toutes les \u00e9coles maternelles et primaires.<\/p>\n[\/vc_column_text][gt3_spacing height=&#8221;62px&#8221; responsive_es=&#8221;true&#8221; height_mobile=&#8221;32&#8243;][\/vc_column][\/vc_row][vc_row full_width=&#8221;stretch_row&#8221; disable_element=&#8221;yes&#8221; column_separator_row=&#8221;&#8221; css=&#8221;.vc_custom_1683113354257{background-color: #28323e !important;}&#8221;][vc_column][vc_tta_tabs][vc_tta_section title=&#8221;Auberge de Xanascat&#8221; tab_id=&#8221;1678966997901-da3c07f6-d47e&#8221;][vc_column_text]<span style=\"color: #ffffff;\">Xanascat Hostel \u00e0 Deltebre<\/span><\/p>\n<p><span style=\"color: #ffffff;\">Le logement Xanascat est situ\u00e9 dans un emplacement imbattable, au milieu de la nature du parc naturel du delta de l&#8217;\u00c8bre.La r\u00e9gion est privil\u00e9gi\u00e9e pour ses paysages, l&#8217;\u00c8bre et la mer M\u00e9diterran\u00e9e comme toile de fond parfaite pour contempler les lagunes, les oiseaux et ses champs de riz si caract\u00e9ristique.<\/span><\/p>\n<p><span style=\"color: #ffffff;\">Le terrain plat de Deltebre est id\u00e9al pour le cyclisme, une excellente option pour se d\u00e9placer de mani\u00e8re durable tout en faisant une activit\u00e9 physique en profitant du paysage.<\/span><\/p>\n<p>&nbsp;<\/p>\n<p><span style=\"color: #ffffff;\">Parmi ses installations, vous trouverez:<\/span><\/p>\n<ul>\n<li><span style=\"color: #ffffff;\">Salle de bain commune et adapt\u00e9e<\/span><\/li>\n<li><span style=\"color: #ffffff;\">Cuisine \u00e0 disposition des auberges<\/span><\/li>\n<li><span style=\"color: #ffffff;\">Installations sportives<\/span><\/li>\n<li><span style=\"color: #ffffff;\">Jardin<\/span><\/li>\n<li><span style=\"color: #ffffff;\">Salle \u00e0 manger<\/span><\/li>\n<li><span style=\"color: #ffffff;\">Parking pour voitures et bus<\/span><\/li>\n<li><span style=\"color: #ffffff;\">Salle de r\u00e9union<\/span><\/li>\n<li><span style=\"color: #ffffff;\">Salon avec t\u00e9l\u00e9vision<\/span><\/li>\n<\/ul>\n<p><span style=\"color: #ffffff;\">Services inclus:<\/span><\/p>\n<ul>\n<li><span style=\"color: #ffffff;\">Climatisation<\/span><\/li>\n<li><span style=\"color: #ffffff;\">Chauffage<\/span><\/li>\n<li><span style=\"color: #ffffff;\">Service de repas<\/span><\/li>\n<li><span style=\"color: #ffffff;\">R\u00e9gime m\u00e9diterran\u00e9en<\/span><\/li>\n<li><span style=\"color: #ffffff;\">R\u00e9gime v\u00e9g\u00e9tarien et v\u00e9g\u00e9talien<\/span><\/li>\n<li><span style=\"color: #ffffff;\">Micro-ondes<\/span><\/li>\n<li><span style=\"color: #ffffff;\">R\u00e9frig\u00e9rateur pour auberge<\/span><\/li>\n<li><span style=\"color: #ffffff;\">Distributeurs automatiques<\/span><\/li>\n<li><span style=\"color: #ffffff;\">Wi-Fi<\/span><\/li>\n<li><span style=\"color: #ffffff;\">Ping pong<\/span><\/li>\n<li><span style=\"color: #ffffff;\">Jeux de soci\u00e9t\u00e9<\/span><\/li>\n<li><span style=\"color: #ffffff;\">Garde-v\u00e9los dans<\/span><\/li>\n<li><span style=\"color: #ffffff;\">Animaux autoris\u00e9s<\/span><\/li>\n<li><span style=\"color: #ffffff;\">Attractions touristiques \u00e0 proximit\u00e9<\/span><\/li>\n<li><span style=\"color: #ffffff;\">Panneaux d&#8217;affichage avec des informations locales et sur les transports<\/span><\/li>\n<\/ul>\n<p>&nbsp;<\/p>\n<p><span style=\"color: #ffffff;\">Pour plus d&#8217;informations, cliquez ici (<a href=\"https:\/\/xanascat.gencat.cat\/ca\/albergs\/albergs\/deltebre-xanascat\" style=\"color: #ffffff;\">https:\/\/xanascat.gencat.cat\/ca\/albergs\/albergs\/deltebre-xanascat<\/a>)<\/span>[\/vc_column_text][\/vc_tta_section][vc_tta_section title=&#8221;Delta Park Hostel&#8221; tab_id=&#8221;1678966997903-30af9612-17e7&#8243;][vc_column_text]<span style=\"color: #ffffff;\">Auberge Sant Jaume &#8211; Camp d&#8217;\u00e9t\u00e9 &#8220;Delta Parc&#8221;\u00a0\u00a0<\/span><\/p>\n<p><span style=\"color: #ffffff;\">Chambres de 2, 6 et 8 lits avec salle de bain int\u00e9rieure et chauffage<\/span><\/p>\n<p><span style=\"color: #ffffff;\">Projections audiovisuelles \/ Salle d&#8217;\u00e9tude et de loisirs \/ Discoth\u00e8que \/ Caf\u00e9t\u00e9ria \/ Piscine \/ Terrain de football \/ Terrain de basket sportif \/ Football en salle \/ Handball \/ Fronton<\/span><\/p>\n<p><span style=\"color: #ffffff;\">Comprend<\/span><\/p>\n<ul>\n<li><span style=\"color: #ffffff;\">Gratuit pour les enseignants (un enseignant pour 15 \u00e0 20 \u00e9l\u00e8ves)<\/span><\/li>\n<li><span style=\"color: #ffffff;\">H\u00e9bergement en pension compl\u00e8te<\/span><\/li>\n<li><span style=\"color: #ffffff;\">Assurance accident et responsabilit\u00e9 civile<\/span><\/li>\n<li><span style=\"color: #ffffff;\">Techniciens pour toutes les activit\u00e9s<\/span><\/li>\n<li><span style=\"color: #ffffff;\">Ch\u00e9quiers autofinanc\u00e9s<\/span><\/li>\n<li><span style=\"color: #ffffff;\">TVA<\/span><\/li>\n<\/ul>\n<p><span style=\"color: #ffffff;\">N&#8217;inclut pas<\/span><\/p>\n<ul>\n<li><span style=\"color: #ffffff;\">Transport aller-retour<\/span><\/li>\n<li><span style=\"color: #ffffff;\">Suppl\u00e9ment pension compl\u00e8te : 35 \u20ac<\/span><\/li>\n<\/ul>\n<p><span style=\"color: #ffffff;\">Une fois que vous nous aurez contact\u00e9s et v\u00e9rifi\u00e9 les disponibilit\u00e9s, nous vous joindrons un dossier avec le d\u00e9tail des activit\u00e9s, menus et sorties qui seront r\u00e9alis\u00e9es.<\/span>[\/vc_column_text][\/vc_tta_section][\/vc_tta_tabs][gt3_spacing height=&#8221;62px&#8221; responsive_es=&#8221;true&#8221; height_mobile=&#8221;32&#8243;][\/vc_column][\/vc_row]\n<\/div>","protected":false},"excerpt":{"rendered":"<p>[vc_row full_width=&#8221;stretch_row&#8221; column_separator_row=&#8221;&#8221; css=&#8221;.vc_custom_1683883193201{margin-top: -80px !important;background-image: url(https:\/\/www.deltaspirit.es\/wp-content\/uploads\/2023\/05\/escolar.jpg?id=5773) !important;background-position: center !important;background-repeat: no-repeat !important;background-size: cover !important;}&#8221;][vc_column width=&#8221;1\/2&#8243;][\/vc_column][vc_column width=&#8221;1\/2&#8243;][gt3_spacing height=&#8221;80px&#8221; responsive_es=&#8221;true&#8221; height_mobile=&#8221;0px&#8221;][gt3_custom_text text_color=&#8221;#27323d&#8221; font_size=&#8221;30&#8243; line_height=&#8221;160&#8243;]Forfait scolaire[\/gt3_custom_text][gt3_spacing height=&#8221;18px&#8221;][gt3_custom_text text_color=&#8221;#28323e&#8221; font_size=&#8221;16&#8243; line_height=&#8221;190&#8243;]D\u00e9couvrez un monde d&#8217;\u00e9motions et d&#8217;aventures aquatiques avec notre forfait scolaire ! Nous sommes ravis d&#8217;offrir aux \u00e9coles une occasion unique pour leurs \u00e9l\u00e8ves d&#8217;explorer le monde merveilleux du [&hellip;]<\/p>\n","protected":false},"author":1,"featured_media":0,"parent":0,"menu_order":0,"comment_status":"closed","ping_status":"closed","template":"","meta":{"_monsterinsights_skip_tracking":false,"_monsterinsights_sitenote_active":false,"_monsterinsights_sitenote_note":"","_monsterinsights_sitenote_category":0,"footnotes":""},"class_list":["post-5849","page","type-page","status-publish","hentry"],"aioseo_notices":[],"_links":{"self":[{"href":"https:\/\/www.deltaspirit.es\/fr\/wp-json\/wp\/v2\/pages\/5849","targetHints":{"allow":["GET"]}}],"collection":[{"href":"https:\/\/www.deltaspirit.es\/fr\/wp-json\/wp\/v2\/pages"}],"about":[{"href":"https:\/\/www.deltaspirit.es\/fr\/wp-json\/wp\/v2\/types\/page"}],"author":[{"embeddable":true,"href":"https:\/\/www.deltaspirit.es\/fr\/wp-json\/wp\/v2\/users\/1"}],"replies":[{"embeddable":true,"href":"https:\/\/www.deltaspirit.es\/fr\/wp-json\/wp\/v2\/comments?post=5849"}],"version-history":[{"count":5,"href":"https:\/\/www.deltaspirit.es\/fr\/wp-json\/wp\/v2\/pages\/5849\/revisions"}],"predecessor-version":[{"id":6040,"href":"https:\/\/www.deltaspirit.es\/fr\/wp-json\/wp\/v2\/pages\/5849\/revisions\/6040"}],"wp:attachment":[{"href":"https:\/\/www.deltaspirit.es\/fr\/wp-json\/wp\/v2\/media?parent=5849"}],"curies":[{"name":"wp","href":"https:\/\/api.w.org\/{rel}","templated":true}]}}