{"id":5852,"date":"2023-03-13T12:38:25","date_gmt":"2023-03-13T12:38:25","guid":{"rendered":"https:\/\/www.deltaspirit.es\/que-hacemos\/"},"modified":"2023-07-05T11:23:19","modified_gmt":"2023-07-05T11:23:19","slug":"que-hacemos","status":"publish","type":"page","link":"https:\/\/www.deltaspirit.es\/fr\/que-hacemos\/","title":{"rendered":"Que faisons nous"},"content":{"rendered":"<div class=\"wpb-content-wrapper\">[vc_row full_width=&#8221;stretch_row_content&#8221; gap=&#8221;10&#8243; full_height=&#8221;yes&#8221; column_separator_row=&#8221;&#8221; masked_row=&#8221;&#8221; css=&#8221;.vc_custom_1683801920372{padding-top: 40px !important;padding-bottom: 40px !important;background-image: url(https:\/\/www.deltaspirit.es\/wp-content\/uploads\/2023\/05\/que-hacemos.jpg?id=5597) !important;background-position: 0 0 !important;background-repeat: no-repeat !important;}&#8221;][vc_column width=&#8221;1\/2&#8243; offset=&#8221;vc_hidden-xs&#8221;][\/vc_column][vc_column width=&#8221;5\/12&#8243;][gt3_custom_text text_color=&#8221;#737d84&#8243; font_size=&#8221;20&#8243;]\u00c0 l&#8217;\u00e9cole Delta Spirit, nous mettons tout en \u0153uvre pour vous offrir une exp\u00e9rience passionnante et inoubliable, tant dans l&#8217;eau que sur terre.<\/p>\n<p>Nous vous donnons le choix entre une vari\u00e9t\u00e9 d&#8217;activit\u00e9s nautiques, afin que vous puissiez apprendre et progresser de mani\u00e8re efficace et amusante, ou les pratiquer au milieu des impressionnants paysages naturels du delta de l&#8217;\u00c8bre.[\/gt3_custom_text][gt3_spacing height=&#8221;19px&#8221;][gt3_custom_text text_color=&#8221;#27323d&#8221; font_size=&#8221;25&#8243; line_height=&#8221;155&#8243;]<em><strong>Si vous \u00eates un amateur d&#8217;adr\u00e9naline, une vague de plaisir vous attend. Acceptez-vous le d\u00e9fi de monter \u00e0 bord et de vous laisser porter par la force de la mer?<\/strong><\/em><\/p>\n[\/gt3_custom_text][\/vc_column][\/vc_row][vc_row full_width=&#8221;stretch_row&#8221; column_separator_row=&#8221;&#8221; masked_row=&#8221;true&#8221; mask_image=&#8221;3693&#8243; css=&#8221;.vc_custom_1683717273224{margin-bottom: -10px !important;background-image: url(https:\/\/www.deltaspirit.es\/wp-content\/uploads\/2023\/05\/que-hacemos2.jpg?id=5601);background-position: center !important;background-repeat: no-repeat !important;background-size: cover !important;}&#8221;][vc_column width=&#8221;1\/2&#8243; offset=&#8221;vc_col-xs-10&#8243;][gt3_spacing height=&#8221;81px&#8221; responsive_es=&#8221;true&#8221; height_mobile=&#8221;30&#8243;][gt3_custom_text text_color=&#8221;#27323d&#8221; font_size=&#8221;30&#8243; line_height=&#8221;155&#8243;]<span style=\"font-weight: bold;\" class=\"gt3_font-weight\">Activit\u00e9s nautiques et circuits v\u00e9lo autoguid\u00e9s : Explorez avec nous !<\/span>[\/gt3_custom_text][gt3_spacing height=&#8221;19px&#8221;][gt3_custom_text text_color=&#8221;#737d84&#8243; font_size=&#8221;16&#8243; line_height=&#8221;190&#8243;]Nous enseignons le kitesurf, le wingfoil, le paddle surf et des cours de surf con\u00e7us pour tous les niveaux et capacit\u00e9s. Et nous faisons des itin\u00e9raires de kayak et de sup autoguid\u00e9s dans lesquels vous ferez les itin\u00e9raires que vous voyez sur le Web, et des itin\u00e9raires guid\u00e9s dans lesquels nous vous guiderons tout au long du voyage. De plus, nos instructeurs vous aideront \u00e0 vous sentir \u00e0 l&#8217;aise et en s\u00e9curit\u00e9. Ainsi, vous pourrez explorer de nouveaux d\u00e9fis en toute s\u00e9r\u00e9nit\u00e9 gr\u00e2ce \u00e0 leurs conseils et leur encadrement.<\/p>\n<p>Outre nos aventures aquatiques, nous offrons la possibilit\u00e9 de louer des v\u00e9los pour ceux qui souhaitent explorer la c\u00f4te sur roues et de mani\u00e8re autonome.[\/gt3_custom_text][gt3_spacing height=&#8221;36px&#8221;][vc_row_inner][vc_column_inner offset=&#8221;vc_col-md-6&#8243;][gt3_icon_box icon_type=&#8221;image&#8221; thumbnail=&#8221;2980&#8243; icon_vertical_position=&#8221;center&#8221; icon_position=&#8221;left&#8221; icon_size=&#8221;regular&#8221; title_tag=&#8221;h4&#8243; iconbox_title_size=&#8221;18&#8243; use_theme_fonts_iconbox_title=&#8221;&#8221; google_fonts_iconbox_title=&#8221;font_family:Roboto%3A100%2C100italic%2C300%2C300italic%2Cregular%2Citalic%2C500%2C500italic%2C700%2C700italic%2C900%2C900italic|font_style:300%20light%20regular%3A300%3Anormal&#8221; iconbox_content_size=&#8221;16&#8243; title_color=&#8221;#2b3152&#8243; text_color=&#8221;#848d95&#8243; link_color=&#8221;#5dbafc&#8221; link_hover_color=&#8221;#2b3152&#8243; new_tab=&#8221;&#8221; icon_circle=&#8221;&#8221; heading=&#8221;Cours particuliers dans une multitude d&#8217;activit\u00e9s&#8221; url=&#8221;#&#8221;][gt3_spacing height=&#8221;28px&#8221;][gt3_icon_box icon_type=&#8221;image&#8221; thumbnail=&#8221;2978&#8243; icon_vertical_position=&#8221;center&#8221; icon_position=&#8221;left&#8221; icon_size=&#8221;regular&#8221; title_tag=&#8221;h4&#8243; iconbox_title_size=&#8221;18&#8243; use_theme_fonts_iconbox_title=&#8221;&#8221; google_fonts_iconbox_title=&#8221;font_family:Roboto%3A100%2C100italic%2C300%2C300italic%2Cregular%2Citalic%2C500%2C500italic%2C700%2C700italic%2C900%2C900italic|font_style:300%20light%20regular%3A300%3Anormal&#8221; iconbox_content_size=&#8221;14&#8243; title_color=&#8221;#2b3152&#8243; text_color=&#8221;#848d95&#8243; link_color=&#8221;#5dbafc&#8221; link_hover_color=&#8221;#2b3152&#8243; new_tab=&#8221;&#8221; icon_circle=&#8221;&#8221; heading=&#8221;H\u00e9bergement et tous les services disponibles&#8221; url=&#8221;#&#8221;][\/vc_column_inner][vc_column_inner offset=&#8221;vc_col-md-6&#8243;][gt3_spacing height=&#8221;0px&#8221; responsive_es=&#8221;true&#8221; height_mobile=&#8221;28&#8243; height_tablet=&#8221;28&#8243;][gt3_icon_box icon_type=&#8221;image&#8221; thumbnail=&#8221;2979&#8243; icon_vertical_position=&#8221;center&#8221; icon_position=&#8221;left&#8221; icon_size=&#8221;regular&#8221; title_tag=&#8221;h4&#8243; iconbox_title_size=&#8221;18&#8243; use_theme_fonts_iconbox_title=&#8221;&#8221; google_fonts_iconbox_title=&#8221;font_family:Roboto%3A100%2C100italic%2C300%2C300italic%2Cregular%2Citalic%2C500%2C500italic%2C700%2C700italic%2C900%2C900italic|font_style:300%20light%20regular%3A300%3Anormal&#8221; iconbox_content_size=&#8221;14&#8243; title_color=&#8221;#2b3152&#8243; text_color=&#8221;#848d95&#8243; link_color=&#8221;#5dbafc&#8221; link_hover_color=&#8221;#2b3152&#8243; new_tab=&#8221;&#8221; icon_circle=&#8221;&#8221; heading=&#8221;Mat\u00e9riel pr\u00e9par\u00e9 pour les d\u00e9butants&#8221; url=&#8221;#&#8221;][gt3_spacing height=&#8221;28px&#8221;][gt3_icon_box icon_type=&#8221;image&#8221; thumbnail=&#8221;2977&#8243; icon_vertical_position=&#8221;center&#8221; icon_position=&#8221;left&#8221; icon_size=&#8221;regular&#8221; title_tag=&#8221;h4&#8243; iconbox_title_size=&#8221;18&#8243; use_theme_fonts_iconbox_title=&#8221;&#8221; google_fonts_iconbox_title=&#8221;font_family:Roboto%3A100%2C100italic%2C300%2C300italic%2Cregular%2Citalic%2C500%2C500italic%2C700%2C700italic%2C900%2C900italic|font_style:300%20light%20regular%3A300%3Anormal&#8221; iconbox_content_size=&#8221;14&#8243; title_color=&#8221;#2b3152&#8243; text_color=&#8221;#848d95&#8243; link_color=&#8221;#5dbafc&#8221; link_hover_color=&#8221;#2b3152&#8243; new_tab=&#8221;&#8221; icon_circle=&#8221;&#8221; heading=&#8221;Activit\u00e9s scolaires et groupes&#8221; url=&#8221;#&#8221;][\/vc_column_inner][\/vc_row_inner][gt3_spacing height=&#8221;46px&#8221;][gt3_button button_title=&#8221;voir les activit\u00e9s&#8221; button_size=&#8221;large&#8221; button_alignment=&#8221;left&#8221; btn_border_radius=&#8221;3px&#8221; use_theme_button=&#8221;&#8221; btn_bg_color=&#8221;#eb5e6e&#8221; btn_text_color=&#8221;#ffffff&#8221; btn_bg_color_hover=&#8221;#ffffff&#8221; btn_text_color_hover=&#8221;#eb5e6e&#8221; btn_icon_color=&#8221;#ffffff&#8221; btn_icon_color_hover=&#8221;#ffffff&#8221; btn_border_color=&#8221;#eb5e6e&#8221; btn_border_color_hover=&#8221;#eb5e6e&#8221; link=&#8221;url:https%3A%2F%2Fdelta.hitech-informatica.es%2Factividades%2F|title:Actividades&#8221;][gt3_spacing height=&#8221;90px&#8221; responsive_es=&#8221;true&#8221; height_mobile=&#8221;60&#8243;][\/vc_column][vc_column width=&#8221;1\/2&#8243; offset=&#8221;vc_hidden-xs&#8221;][\/vc_column][\/vc_row][vc_row full_width=&#8221;stretch_row_content_no_spaces&#8221;][vc_column][gt3_gallery_packery images=&#8221;5619,4552,4559,4558,4545,4544,4555,4547&#8243; button_title=&#8221;M\u00e1s&#8221; items_padding=&#8221;0px&#8221; packery_layout=&#8221;pls_4items&#8221;][\/vc_column][\/vc_row]\n<\/div>","protected":false},"excerpt":{"rendered":"<p>[vc_row full_width=&#8221;stretch_row_content&#8221; gap=&#8221;10&#8243; full_height=&#8221;yes&#8221; column_separator_row=&#8221;&#8221; masked_row=&#8221;&#8221; css=&#8221;.vc_custom_1683801920372{padding-top: 40px !important;padding-bottom: 40px !important;background-image: url(https:\/\/www.deltaspirit.es\/wp-content\/uploads\/2023\/05\/que-hacemos.jpg?id=5597) !important;background-position: 0 0 !important;background-repeat: no-repeat !important;}&#8221;][vc_column width=&#8221;1\/2&#8243; offset=&#8221;vc_hidden-xs&#8221;][\/vc_column][vc_column width=&#8221;5\/12&#8243;][gt3_custom_text text_color=&#8221;#737d84&#8243; font_size=&#8221;20&#8243;]\u00c0 l&#8217;\u00e9cole Delta Spirit, nous mettons tout en \u0153uvre pour vous offrir une exp\u00e9rience passionnante et inoubliable, tant dans l&#8217;eau que sur terre. Nous vous donnons le choix entre une vari\u00e9t\u00e9 d&#8217;activit\u00e9s nautiques, [&hellip;]<\/p>\n","protected":false},"author":1,"featured_media":0,"parent":0,"menu_order":0,"comment_status":"closed","ping_status":"closed","template":"","meta":{"_monsterinsights_skip_tracking":false,"_monsterinsights_sitenote_active":false,"_monsterinsights_sitenote_note":"","_monsterinsights_sitenote_category":0,"footnotes":""},"class_list":["post-5852","page","type-page","status-publish","hentry"],"aioseo_notices":[],"_links":{"self":[{"href":"https:\/\/www.deltaspirit.es\/fr\/wp-json\/wp\/v2\/pages\/5852","targetHints":{"allow":["GET"]}}],"collection":[{"href":"https:\/\/www.deltaspirit.es\/fr\/wp-json\/wp\/v2\/pages"}],"about":[{"href":"https:\/\/www.deltaspirit.es\/fr\/wp-json\/wp\/v2\/types\/page"}],"author":[{"embeddable":true,"href":"https:\/\/www.deltaspirit.es\/fr\/wp-json\/wp\/v2\/users\/1"}],"replies":[{"embeddable":true,"href":"https:\/\/www.deltaspirit.es\/fr\/wp-json\/wp\/v2\/comments?post=5852"}],"version-history":[{"count":2,"href":"https:\/\/www.deltaspirit.es\/fr\/wp-json\/wp\/v2\/pages\/5852\/revisions"}],"predecessor-version":[{"id":6090,"href":"https:\/\/www.deltaspirit.es\/fr\/wp-json\/wp\/v2\/pages\/5852\/revisions\/6090"}],"wp:attachment":[{"href":"https:\/\/www.deltaspirit.es\/fr\/wp-json\/wp\/v2\/media?parent=5852"}],"curies":[{"name":"wp","href":"https:\/\/api.w.org\/{rel}","templated":true}]}}