{"id":5858,"date":"2017-01-12T12:32:46","date_gmt":"2017-01-12T12:32:46","guid":{"rendered":"https:\/\/www.deltaspirit.es\/actividades\/"},"modified":"2023-07-07T09:32:13","modified_gmt":"2023-07-07T09:32:13","slug":"actividades","status":"publish","type":"page","link":"https:\/\/www.deltaspirit.es\/fr\/actividades\/","title":{"rendered":"Activit\u00e9s"},"content":{"rendered":"<div class=\"wpb-content-wrapper\">[vc_row][vc_column][gt3_custom_text text_color=&#8221;#27323d&#8221; font_size=&#8221;30&#8243;]\n<p style=\"text-align: center;\"><strong>Choisissez votre prochaine aventure<\/strong><\/p>\n[\/gt3_custom_text][gt3_spacing height=&#8221;22px&#8221;][vc_row_inner][vc_column_inner width=&#8221;5\/6&#8243; offset=&#8221;vc_col-sm-offset-1&#8243;][gt3_custom_text text_color=&#8221;#737d84&#8243; font_size=&#8221;16&#8243; line_height=&#8221;190&#8243;]Chez Delta Spirit, nous vous proposons de choisir parmi une vari\u00e9t\u00e9 d&#8217;activit\u00e9s sportives nautiques afin que vous puissiez les apprendre et progresser de mani\u00e8re efficace et amusante, ou les pratiquer au milieu des paysages naturels impressionnants du Delta de l&#8217;\u00c8bre.[\/gt3_custom_text][\/vc_column_inner][\/vc_row_inner][gt3_spacing height=&#8221;42px&#8221;][\/vc_column][\/vc_row][vc_row full_width=&#8221;stretch_row_content&#8221; gap=&#8221;15&#8243;][vc_column][vc_row_inner][vc_column_inner width=&#8221;5\/6&#8243; offset=&#8221;vc_col-md-offset-0 vc_col-md-4 vc_col-sm-offset-1&#8243;][gt3_services box_image=&#8221;5468&#8243; thumbnail=&#8221;3260&#8243; module_height=&#8221;420&#8243; custom_title_size=&#8221;67&#8243; use_theme_fonts_box_title=&#8221;&#8221; google_fonts_box_title=&#8221;font_family:Kaushan%20Script%3Aregular|font_style:400%20regular%3A400%3Anormal&#8221; title_color=&#8221;#ffffff&#8221; index_number_color=&#8221;rgba(255,255,255,0.2)&#8221; custom_content_size=&#8221;18&#8243; content_text_color=&#8221;#c9d4dc&#8221; box_hover_bg=&#8221;#28323e&#8221; title=&#8221;Kayak&#8221; content_text=&#8221;Nos kayaks sont s\u00fbrs et faciles \u00e0 manier, donc tout le monde peut participer, quel que soit son niveau d&#8217;exp\u00e9rience. La seule chose que demande le kayak est de pouvoir effectuer la t\u00e2che de pagayer pendant toute la dur\u00e9e du trajet.&#8221; link=&#8221;url:https%3A%2F%2Fwww.deltaspirit.es%2Fexperiencia%2Fkayak%2F|title:KAYAK&#8221;][gt3_spacing height=&#8221;30px&#8221;][gt3_services box_image=&#8221;5456&#8243; thumbnail=&#8221;3260&#8243; module_height=&#8221;420&#8243; custom_title_size=&#8221;67&#8243; use_theme_fonts_box_title=&#8221;&#8221; google_fonts_box_title=&#8221;font_family:Kaushan%20Script%3Aregular|font_style:400%20regular%3A400%3Anormal&#8221; title_color=&#8221;#ffffff&#8221; index_number_color=&#8221;rgba(255,255,255,0.2)&#8221; custom_content_size=&#8221;18&#8243; content_text_color=&#8221;#c9d4dc&#8221; box_hover_bg=&#8221;#28323e&#8221; title=&#8221;Paddlesurf&#8221; content_text=&#8221;C&#8217;est un excellent moyen d&#8217;exercer votre corps tout en profitant de la beaut\u00e9 de la mer ou des rivi\u00e8res.Avec le stand up paddle, vous pouvez explorer de nouveaux domaines et profiter d&#8217;une activit\u00e9 relaxante en m\u00eame temps.&#8221; link=&#8221;url:https%3A%2F%2Fwww.deltaspirit.es%2Fexperiencia%2Fpaddle-surf%2F|title:PADDLE%20SURF&#8221;][gt3_spacing height=&#8221;30px&#8221;][\/vc_column_inner][vc_column_inner width=&#8221;5\/6&#8243; offset=&#8221;vc_col-md-offset-0 vc_col-md-4 vc_col-sm-offset-1&#8243;][gt3_services box_image=&#8221;5429&#8243; thumbnail=&#8221;3260&#8243; module_height=&#8221;420&#8243; rotate_direction=&#8221;top&#8221; custom_title_size=&#8221;67&#8243; use_theme_fonts_box_title=&#8221;&#8221; google_fonts_box_title=&#8221;font_family:Kaushan%20Script%3Aregular|font_style:400%20regular%3A400%3Anormal&#8221; title_color=&#8221;#ffffff&#8221; index_number_color=&#8221;rgba(255,255,255,0.2)&#8221; custom_content_size=&#8221;18&#8243; content_text_color=&#8221;#c9d4dc&#8221; box_hover_bg=&#8221;#28323e&#8221; title=&#8221;Kitesurf&#8221; content_text=&#8221;Delta Spirit vous propose des cours de kitesurf personnalis\u00e9s adapt\u00e9s \u00e0 vos besoins et \u00e0 vos horaires.Nous incluons tout ce dont vous avez besoin dans nos tarifs, du mat\u00e9riel aux permis c\u00f4tiers et municipaux.&#8221; link=&#8221;url:https%3A%2F%2Fwww.deltaspirit.es%2Fexperiencia%2Fkitesurf%2F|title:KITESURF&#8221;][gt3_spacing height=&#8221;30px&#8221;][gt3_services box_image=&#8221;5464&#8243; thumbnail=&#8221;3260&#8243; module_height=&#8221;420&#8243; rotate_direction=&#8221;bottom&#8221; custom_title_size=&#8221;67&#8243; use_theme_fonts_box_title=&#8221;&#8221; google_fonts_box_title=&#8221;font_family:Kaushan%20Script%3Aregular|font_style:400%20regular%3A400%3Anormal&#8221; title_color=&#8221;#ffffff&#8221; index_number_color=&#8221;rgba(255,255,255,0.2)&#8221; custom_content_size=&#8221;18&#8243; content_text_color=&#8221;#c9d4dc&#8221; box_hover_bg=&#8221;#28323e&#8221; title=&#8221;Surf&#8221; content_text=&#8221;C&#8217;est un excellent moyen de rester en forme, d&#8217;am\u00e9liorer son \u00e9quilibre et de se connecter avec la nature.Si vous recherchez une activit\u00e9 qui vous procurera de l&#8217;adr\u00e9naline et du plaisir, le surf est d\u00e9finitivement une option \u00e0 consid\u00e9rer.&#8221; link=&#8221;url:https%3A%2F%2Fwww.deltaspirit.es%2Fexperiencia%2Fsurf%2F|title:SURF&#8221;][gt3_spacing height=&#8221;30px&#8221;][\/vc_column_inner][vc_column_inner width=&#8221;5\/6&#8243; offset=&#8221;vc_col-md-offset-0 vc_col-md-4 vc_col-sm-offset-1&#8243;][gt3_services box_image=&#8221;5460&#8243; thumbnail=&#8221;3260&#8243; module_height=&#8221;420&#8243; rotate_direction=&#8221;right&#8221; custom_title_size=&#8221;67&#8243; use_theme_fonts_box_title=&#8221;&#8221; google_fonts_box_title=&#8221;font_family:Kaushan%20Script%3Aregular|font_style:400%20regular%3A400%3Anormal&#8221; title_color=&#8221;#ffffff&#8221; index_number_color=&#8221;rgba(255,255,255,0.2)&#8221; custom_content_size=&#8221;18&#8243; content_text_color=&#8221;#c9d4dc&#8221; box_hover_bg=&#8221;#28323e&#8221; title=&#8221;Wingfoil&#8221; content_text=&#8221;Si vous recherchez une nouvelle exp\u00e9rience aquatique excitante et stimulante, le wingfoil est une activit\u00e9 aquatique passionnante qui combine le kiteboarding, le windsurf \u00e0 voile et le surf. C&#8217;est certainement une option \u00e0 envisage&#8221; link=&#8221;url:https%3A%2F%2Fwww.deltaspirit.es%2Fexperiencia%2Fwingfoil%2F|title:WINGFOIL&#8221;][gt3_spacing height=&#8221;30px&#8221;][gt3_services box_image=&#8221;5484&#8243; thumbnail=&#8221;3260&#8243; module_height=&#8221;420&#8243; rotate_direction=&#8221;right&#8221; custom_title_size=&#8221;67&#8243; use_theme_fonts_box_title=&#8221;&#8221; google_fonts_box_title=&#8221;font_family:Kaushan%20Script%3Aregular|font_style:400%20regular%3A400%3Anormal&#8221; title_color=&#8221;#ffffff&#8221; index_number_color=&#8221;rgba(255,255,255,0.2)&#8221; custom_content_size=&#8221;18&#8243; content_text_color=&#8221;#c9d4dc&#8221; box_hover_bg=&#8221;#28323e&#8221; title=&#8221;V\u00e9lo&#8221; content_text=&#8221;Notre service de location de v\u00e9los vous permet d&#8217;explorer le magnifique paysage du delta de l&#8217;\u00c8bre \u00e0 votre rythme et de mani\u00e8re autonome.Les v\u00e9los sont \u00e9quip\u00e9s de tout ce dont vous avez besoin pour effectuer un itin\u00e9raire confortable et s\u00fbr.&#8221; link=&#8221;url:https%3A%2F%2Fwww.deltaspirit.es%2Fexperiencia%2Fbicicleta%2F|title:BICICLETA&#8221;][gt3_spacing height=&#8221;30px&#8221;][\/vc_column_inner][\/vc_row_inner][gt3_spacing height=&#8221;73px&#8221; responsive_es=&#8221;true&#8221; height_mobile=&#8221;43&#8243;][\/vc_column][\/vc_row]\n<\/div>","protected":false},"excerpt":{"rendered":"<p>[vc_row][vc_column][gt3_custom_text text_color=&#8221;#27323d&#8221; font_size=&#8221;30&#8243;] Choisissez votre prochaine aventure [\/gt3_custom_text][gt3_spacing height=&#8221;22px&#8221;][vc_row_inner][vc_column_inner width=&#8221;5\/6&#8243; offset=&#8221;vc_col-sm-offset-1&#8243;][gt3_custom_text text_color=&#8221;#737d84&#8243; font_size=&#8221;16&#8243; line_height=&#8221;190&#8243;]Chez Delta Spirit, nous vous proposons de choisir parmi une vari\u00e9t\u00e9 d&#8217;activit\u00e9s sportives nautiques afin que vous puissiez les apprendre et progresser de mani\u00e8re efficace et amusante, ou les pratiquer au milieu des paysages naturels impressionnants du Delta de l&#8217;\u00c8bre.[\/gt3_custom_text][\/vc_column_inner][\/vc_row_inner][gt3_spacing height=&#8221;42px&#8221;][\/vc_column][\/vc_row][vc_row full_width=&#8221;stretch_row_content&#8221; [&hellip;]<\/p>\n","protected":false},"author":1,"featured_media":0,"parent":0,"menu_order":0,"comment_status":"closed","ping_status":"closed","template":"","meta":{"_monsterinsights_skip_tracking":false,"_monsterinsights_sitenote_active":false,"_monsterinsights_sitenote_note":"","_monsterinsights_sitenote_category":0,"footnotes":""},"class_list":["post-5858","page","type-page","status-publish","hentry"],"aioseo_notices":[],"_links":{"self":[{"href":"https:\/\/www.deltaspirit.es\/fr\/wp-json\/wp\/v2\/pages\/5858","targetHints":{"allow":["GET"]}}],"collection":[{"href":"https:\/\/www.deltaspirit.es\/fr\/wp-json\/wp\/v2\/pages"}],"about":[{"href":"https:\/\/www.deltaspirit.es\/fr\/wp-json\/wp\/v2\/types\/page"}],"author":[{"embeddable":true,"href":"https:\/\/www.deltaspirit.es\/fr\/wp-json\/wp\/v2\/users\/1"}],"replies":[{"embeddable":true,"href":"https:\/\/www.deltaspirit.es\/fr\/wp-json\/wp\/v2\/comments?post=5858"}],"version-history":[{"count":3,"href":"https:\/\/www.deltaspirit.es\/fr\/wp-json\/wp\/v2\/pages\/5858\/revisions"}],"predecessor-version":[{"id":6185,"href":"https:\/\/www.deltaspirit.es\/fr\/wp-json\/wp\/v2\/pages\/5858\/revisions\/6185"}],"wp:attachment":[{"href":"https:\/\/www.deltaspirit.es\/fr\/wp-json\/wp\/v2\/media?parent=5858"}],"curies":[{"name":"wp","href":"https:\/\/api.w.org\/{rel}","templated":true}]}}