{"id":6340,"date":"2026-04-08T14:04:33","date_gmt":"2026-04-08T14:04:33","guid":{"rendered":"https:\/\/www.deltaspirit.es\/?page_id=6340"},"modified":"2026-04-09T07:33:24","modified_gmt":"2026-04-09T07:33:24","slug":"questions-frequentes","status":"publish","type":"page","link":"https:\/\/www.deltaspirit.es\/fr\/questions-frequentes\/","title":{"rendered":"Questions fr\u00e9quentes"},"content":{"rendered":"\n\n<h4 class=\"wp-block-heading\">1. Est-il n\u00e9cessaire de r\u00e9server \u00e0 l\u2019avance pour louer un kayak ou un paddle ?<\/h4>\n\n\n\n\n<p>Pour les petits groupes de 2 \u00e0 4 personnes, vous pouvez venir directement \u00e0 notre base sur la <strong>plage du Trabucador<\/strong>. Cependant, si vous \u00eates un grand groupe ou si vous voulez \u00eatre s\u00fbr d\u2019avoir votre planche de SUP le week-end, nous vous recommandons de nous \u00e9crire sur WhatsApp pour la r\u00e9server.<\/p>\n\n\n\n\n<h4 class=\"wp-block-heading\">2. Que se passe-t-il si je r\u00e9serve un cours de kitesurf et qu\u2019il n\u2019y a pas de vent ?<\/h4>\n\n\n\n\n<p>La s\u00e9curit\u00e9 et l\u2019apprentissage passent avant tout. Si les conditions de vent ne sont pas optimales, nous reportons le cours sans aucun frais pour vous ou nous le rempla\u00e7ons par une autre activit\u00e9, comme des cours d\u2019initiation au surf ou des excursions en kayak. C\u2019est vous qui choisissez !<\/p>\n\n\n\n\n<h4 class=\"wp-block-heading\">3. \u00c0 partir de quel \u00e2ge peut-on commencer les cours de surf ou de kitesurf ?<\/h4>\n\n\n\n\n<p>Pour les cours d\u2019initiation au surf, les enfants peuvent commencer \u00e0 partir de 6-7 ans, \u00e0 condition de savoir nager. Pour le kitesurf, nous recommandons un \u00e2ge minimum de 10-12 ans (selon le poids et la taille) afin qu\u2019ils puissent manier l\u2019\u00e9quipement en toute s\u00e9curit\u00e9.<\/p>\n\n\n\n\n<h4 class=\"wp-block-heading\">4. Est-ce dangereux de faire du kayak ou du SUP sur la plage du Trabucador ?<\/h4>\n\n\n\n\n<p>Bien au contraire ! La baie des Alfacs est l\u2019une des zones les plus s\u00fbres du <strong>delta de l\u2019\u00c8bre<\/strong>. Ses eaux sont tr\u00e8s peu profondes et calmes, ce qui en fait l\u2019endroit id\u00e9al pour les familles avec enfants ou les personnes qui essaient le paddle pour la premi\u00e8re fois. Dans tous les cas, nous vous conseillerons sur le meilleur moment de la journ\u00e9e pour pagayer afin que votre exp\u00e9rience soit la plus agr\u00e9able possible.<\/p>\n\n\n\n\n<h4 class=\"wp-block-heading\">5. Comment savoir si les conditions sont bonnes aujourd\u2019hui pour venir ?<\/h4>\n\n\n\n\n<p>Dans le Delta, le temps change rapidement. Le mieux est de nous suivre sur nos r\u00e9seaux sociaux ou de nous envoyer un message sur WhatsApp. Nous vous donnerons les pr\u00e9visions du vent et l\u2019\u00e9tat de la mer en temps r\u00e9el pour que vous ne fassiez pas le d\u00e9placement pour rien.<\/p>\n\n\n\n\n<p>&nbsp;<\/p>\n\n\n\n\n<p>&nbsp;<\/p>\n\n\n\n\n<p>&nbsp;<\/p>\n","protected":false},"excerpt":{"rendered":"<p>1. Est-il n\u00e9cessaire de r\u00e9server \u00e0 l\u2019avance pour louer un kayak ou un paddle ? Pour les petits groupes de 2 \u00e0 4 personnes, vous pouvez venir directement \u00e0 notre base sur la plage du Trabucador. Cependant, si vous \u00eates un grand groupe ou si vous voulez \u00eatre s\u00fbr d\u2019avoir votre planche de SUP le [&hellip;]<\/p>\n","protected":false},"author":1,"featured_media":0,"parent":0,"menu_order":0,"comment_status":"closed","ping_status":"closed","template":"","meta":{"_monsterinsights_skip_tracking":false,"_monsterinsights_sitenote_active":false,"_monsterinsights_sitenote_note":"","_monsterinsights_sitenote_category":0,"footnotes":""},"class_list":["post-6340","page","type-page","status-publish","hentry"],"aioseo_notices":[],"_links":{"self":[{"href":"https:\/\/www.deltaspirit.es\/fr\/wp-json\/wp\/v2\/pages\/6340","targetHints":{"allow":["GET"]}}],"collection":[{"href":"https:\/\/www.deltaspirit.es\/fr\/wp-json\/wp\/v2\/pages"}],"about":[{"href":"https:\/\/www.deltaspirit.es\/fr\/wp-json\/wp\/v2\/types\/page"}],"author":[{"embeddable":true,"href":"https:\/\/www.deltaspirit.es\/fr\/wp-json\/wp\/v2\/users\/1"}],"replies":[{"embeddable":true,"href":"https:\/\/www.deltaspirit.es\/fr\/wp-json\/wp\/v2\/comments?post=6340"}],"version-history":[{"count":1,"href":"https:\/\/www.deltaspirit.es\/fr\/wp-json\/wp\/v2\/pages\/6340\/revisions"}],"predecessor-version":[{"id":6342,"href":"https:\/\/www.deltaspirit.es\/fr\/wp-json\/wp\/v2\/pages\/6340\/revisions\/6342"}],"wp:attachment":[{"href":"https:\/\/www.deltaspirit.es\/fr\/wp-json\/wp\/v2\/media?parent=6340"}],"curies":[{"name":"wp","href":"https:\/\/api.w.org\/{rel}","templated":true}]}}